{"id":711724,"date":"2025-08-27T16:48:47","date_gmt":"2025-08-27T13:48:47","guid":{"rendered":"https:\/\/roveyayinevi.com.tr\/index.php\/urun\/dogu-bati-dusunce-dergisi-sayi-81-kuresel-siddet\/"},"modified":"2026-04-16T02:20:30","modified_gmt":"2026-04-15T23:20:30","slug":"dogu-bati-dusunce-dergisi-sayi-81-kuresel-siddet","status":"publish","type":"product","link":"https:\/\/roveyayinevi.com.tr\/index.php\/urun\/dogu-bati-dusunce-dergisi-sayi-81-kuresel-siddet\/","title":{"rendered":"Do\u011fu Bat\u0131 D\u00fc\u015f\u00fcnce Dergisi Say\u0131: 81 K\u00fcresel \u015eiddet"},"content":{"rendered":"<p>K\u00dcRESEL \u015e\u0130DDETHamit BozarslanHer\u015feye H\u00fckmeden Ama Bir \u00c7\u00f6z\u00fcm Sunamayan \u015eiddet \u015eiddet, Gaddarl\u0131k ve Medine (\u201cCit\u00e9\u201d) \u00dczerine D\u00fc\u015f\u00fcncelerDamla SezgiK\u00fcresel Is\u0131nman\u0131n G\u00f6lgesinde \u00c7evre Eti\u011fi: \u2018\u0130nsan\u2019 ve \u2018Do\u011fa\u2019 Sava\u015fta m\u0131?Halil Nal\u00e7ao\u011flu\u015ea\u015f\u0131rmamaya \u015ea\u015f\u0131rmak: G\u00f6\u00e7men Bah\u00e7eleri \u00dczerine K\u0131sa Bir NotO\u011fuz Adan\u0131r\u0130lkel Sava\u015f\u00e7\u0131 Toplumlarda \u00d6ld\u00fcr\u00fclme ve \u00d6ld\u00fcrme \u0130li\u015fkisiArma\u011fan \u00d6zt\u00fcrkK\u00fcresel Ter\u00f6r \u00c7a\u011f\u0131nda Politik \u015eiddetin Me\u015frulu\u011fu SorunuMesut \u00d6zdilK\u00fcresel \u015eiddet ve Selef\u00ee Cihad \u0130deolojisi\u00d6zg\u00fcr Taburo\u011fluHakikat-Sonras\u0131 Zamanlarda \u015eiddetKemal Bak\u0131rK\u00fcresel \u015eiddete Kar\u015f\u0131 Evrensel Ahl\u00e2k: Tolstoy ve Tanr\u0131\u2019yla Bar\u0131\u015f\u0131k Anar\u015fiAli AkayTer\u00f6r, \u015eiddet ve ToplumSe\u00e7kin Ko\u00e7\u015eiddetin D\u00f6n\u00fc\u015ft\u00fcr\u00fclmesi \u00dczerine Bir Deneme: Konstelasyon Y\u00f6ntemiKadir Pektezel\u015eiddetin K\u00fcresel Perspektifi\u0130lyas S\u00f6\u011f\u00fctl\u00fcTarihin Deus Ex Machina\u2019s\u0131 Olarak Devrim Fikri ve \u015eiddet-Siyaset \u0130li\u015fkisi \u00dczerine Bir Not\u00d6mer \u00c7ahaDo\u011fu\u2019dan Bat\u0131\u2019ya Devlet\u00dcmit KartalThomas Pynchon ve Yarat\u0131c\u0131 Paranoya \u201cBahar Bu Y\u0131l Biraz Ge\u00e7 Gelecek\u201d <\/p>\n","protected":false},"excerpt":{"rendered":"<p>K\u00dcRESEL \u015e\u0130DDETHamit BozarslanHer\u015feye H\u00fckmeden Ama Bir \u00c7\u00f6z\u00fcm Sunamayan \u015eiddet \u015eiddet, Gaddarl\u0131k ve Medine (\u201cCit\u00e9\u201d) \u00dczerine D\u00fc\u015f\u00fcncelerDamla SezgiK\u00fcresel Is\u0131nman\u0131n G\u00f6lgesinde \u00c7evre Eti\u011fi: \u2018\u0130nsan\u2019 ve \u2018Do\u011fa\u2019 Sava\u015fta m\u0131?Halil<span class=\"excerpt-hellip\"> [\u2026]<\/span><\/p>\n","protected":false},"featured_media":0,"template":"","meta":{"_monsterinsights_skip_tracking":false,"_monsterinsights_sitenote_active":false,"_monsterinsights_sitenote_note":"","_monsterinsights_sitenote_category":0},"product_brand":[],"product_cat":[13527],"product_tag":[],"class_list":{"0":"post-711724","1":"product","2":"type-product","3":"status-publish","5":"product_cat-sureli-yayinlar","6":"pa_cilt-ciltsiz","7":"pa_tur-dergi","8":"pa_yayinevi-dogu-bati-dergileri","9":"pa_yazar-kollektif","11":"first","12":"instock","13":"sale","14":"shipping-taxable","15":"purchasable","16":"product-type-simple"},"_links":{"self":[{"href":"https:\/\/roveyayinevi.com.tr\/index.php\/wp-json\/wp\/v2\/product\/711724","targetHints":{"allow":["GET"]}}],"collection":[{"href":"https:\/\/roveyayinevi.com.tr\/index.php\/wp-json\/wp\/v2\/product"}],"about":[{"href":"https:\/\/roveyayinevi.com.tr\/index.php\/wp-json\/wp\/v2\/types\/product"}],"wp:attachment":[{"href":"https:\/\/roveyayinevi.com.tr\/index.php\/wp-json\/wp\/v2\/media?parent=711724"}],"wp:term":[{"taxonomy":"product_brand","embeddable":true,"href":"https:\/\/roveyayinevi.com.tr\/index.php\/wp-json\/wp\/v2\/product_brand?post=711724"},{"taxonomy":"product_cat","embeddable":true,"href":"https:\/\/roveyayinevi.com.tr\/index.php\/wp-json\/wp\/v2\/product_cat?post=711724"},{"taxonomy":"product_tag","embeddable":true,"href":"https:\/\/roveyayinevi.com.tr\/index.php\/wp-json\/wp\/v2\/product_tag?post=711724"}],"curies":[{"name":"wp","href":"https:\/\/api.w.org\/{rel}","templated":true}]}}