{"id":711723,"date":"2025-08-27T16:48:47","date_gmt":"2025-08-27T13:48:47","guid":{"rendered":"https:\/\/roveyayinevi.com.tr\/index.php\/urun\/alcatraz-kotu-kutuphanecilere-karsi-2-katibin-kemikleri\/"},"modified":"2026-04-16T02:20:30","modified_gmt":"2026-04-15T23:20:30","slug":"alcatraz-kotu-kutuphanecilere-karsi-2-katibin-kemikleri","status":"publish","type":"product","link":"https:\/\/roveyayinevi.com.tr\/index.php\/urun\/alcatraz-kotu-kutuphanecilere-karsi-2-katibin-kemikleri\/","title":{"rendered":"Alcatraz K\u00f6t\u00fc K\u00fct\u00fcphanecilere Kar\u015f\u0131 2 \u2013 Katibin Kemikleri"},"content":{"rendered":"<p>\u201cSanderson\u2019\u0131n gen\u00e7ler ve her zaman gen\u00e7 kalanlar i\u00e7in kaleme ald\u0131\u011f\u0131 bu orijinal ve \u00e7\u0131lg\u0131n roman, Artemis Fowl ve Talihsiz Ser\u00fcvenler Dizisi\u2019ni an\u0131msat\u0131yor. \u0130\u00e7inde bar\u0131nd\u0131rd\u0131\u011f\u0131 mizah \u00f6\u011feleri gen\u00e7leri g\u00fclmekten k\u0131r\u0131\u011f ge\u00e7irecek ve yeti\u015fkinler de bu komik kitab\u0131n sayfalar\u0131 aras\u0131nda kendileri i\u00e7in b\u0131rak\u0131lm\u0131\u015f zekice g\u00f6ndermeler bulacaklar\u2026 \u015eeytani bir zek\u00e2n\u0131n \u00fcr\u00fcn\u00fc olan son sayfay\u0131 \u00e7evirdi\u011finizde, kendinizi bu yetenekli yazar\u0131n kaleminden \u00e7\u0131kan ba\u015fka \u015feyleri okumay\u0131 isterken bulacaks\u0131n\u0131z.\u201d                                                                                                                                                      VOYA Dergisi   Alcatraz Smedry yeni bir macera ile geri d\u00f6nd\u00fc!   K\u00f6t\u00fc K\u00fct\u00fcphanecilerin d\u00fcnyay\u0131 ele ge\u00e7irmesine mani olmak i\u00e7in \u00e7abalamaya devam eden Alcatraz, \u00f6zg\u00fcrl\u00fck sava\u015f\u00e7\u0131lar\u0131ndan meydana gelen ekibiyle birlikte B\u00fcy\u00fckbaba Smedry\u2019nin izini s\u00fcr\u00fcp mistik \u0130skenderiye K\u00fct\u00fcphanesi\u2019ne gidiyor. Suskun Diyarlar\u2019da ya\u015fayanlar \u2013 yani hayat\u0131n\u0131 K\u00fct\u00fcphanecilerin kontrol\u00fcndeki Kanada, Avrupa ve Amerika\u2019da s\u00fcrd\u00fcrenler \u2013 \u0130skenderiye K\u00fct\u00fcphanesi\u2019nin uzun zaman \u00f6nce yok oldu\u011funu san\u0131yor. Oysa \u00d6zg\u00fcr Krall\u0131klar\u0131n sakinleri ger\u00e7e\u011fin fark\u0131nda ve k\u00fct\u00fcphanenin varl\u0131\u011f\u0131n\u0131 s\u00fcrd\u00fcrd\u00fc\u011f\u00fcn\u00fc, hatta b\u00fct\u00fcn gezegenin en tehlikeli yerlerinden biri oldu\u011funu biliyorlar.   Acaba Alcatraz ve arkada\u015flar\u0131 ruh \u00e7alan k\u00fct\u00fcphanecilerin elinden kurtulmay\u0131 ba\u015farabilecek mi? <\/p>\n","protected":false},"excerpt":{"rendered":"<p>\u201cSanderson\u2019\u0131n gen\u00e7ler ve her zaman gen\u00e7 kalanlar i\u00e7in kaleme ald\u0131\u011f\u0131 bu orijinal ve \u00e7\u0131lg\u0131n roman, Artemis Fowl ve Talihsiz Ser\u00fcvenler Dizisi\u2019ni an\u0131msat\u0131yor. \u0130\u00e7inde bar\u0131nd\u0131rd\u0131\u011f\u0131 mizah \u00f6\u011feleri<span class=\"excerpt-hellip\"> [\u2026]<\/span><\/p>\n","protected":false},"featured_media":0,"template":"","meta":{"_monsterinsights_skip_tracking":false,"_monsterinsights_sitenote_active":false,"_monsterinsights_sitenote_note":"","_monsterinsights_sitenote_category":0},"product_brand":[],"product_cat":[12291,14777],"product_tag":[],"class_list":{"0":"post-711723","1":"product","2":"type-product","3":"status-publish","5":"product_cat-edebiyat","6":"product_cat-fantastik","7":"pa_cilt-ciltsiz","8":"pa_tur-kitap","9":"pa_yayinevi-akil-celen-kitaplar","10":"pa_yazar-brandon-sanderson","12":"first","13":"instock","14":"sale","15":"shipping-taxable","16":"purchasable","17":"product-type-simple"},"_links":{"self":[{"href":"https:\/\/roveyayinevi.com.tr\/index.php\/wp-json\/wp\/v2\/product\/711723","targetHints":{"allow":["GET"]}}],"collection":[{"href":"https:\/\/roveyayinevi.com.tr\/index.php\/wp-json\/wp\/v2\/product"}],"about":[{"href":"https:\/\/roveyayinevi.com.tr\/index.php\/wp-json\/wp\/v2\/types\/product"}],"wp:attachment":[{"href":"https:\/\/roveyayinevi.com.tr\/index.php\/wp-json\/wp\/v2\/media?parent=711723"}],"wp:term":[{"taxonomy":"product_brand","embeddable":true,"href":"https:\/\/roveyayinevi.com.tr\/index.php\/wp-json\/wp\/v2\/product_brand?post=711723"},{"taxonomy":"product_cat","embeddable":true,"href":"https:\/\/roveyayinevi.com.tr\/index.php\/wp-json\/wp\/v2\/product_cat?post=711723"},{"taxonomy":"product_tag","embeddable":true,"href":"https:\/\/roveyayinevi.com.tr\/index.php\/wp-json\/wp\/v2\/product_tag?post=711723"}],"curies":[{"name":"wp","href":"https:\/\/api.w.org\/{rel}","templated":true}]}}