{"id":711722,"date":"2025-08-27T16:48:46","date_gmt":"2025-08-27T13:48:46","guid":{"rendered":"https:\/\/roveyayinevi.com.tr\/index.php\/urun\/lejyon-2-kayip-cesedin-pesinde\/"},"modified":"2026-04-16T02:20:30","modified_gmt":"2026-04-15T23:20:30","slug":"lejyon-2-kayip-cesedin-pesinde","status":"publish","type":"product","link":"https:\/\/roveyayinevi.com.tr\/index.php\/urun\/lejyon-2-kayip-cesedin-pesinde\/","title":{"rendered":"Lejyon 2 \u2013 Kay\u0131p Cesedin Pe\u015finde"},"content":{"rendered":"<p>S\u0131ra d\u0131\u015f\u0131 zihinsel rahats\u0131zl\u0131\u011f\u0131 nedeniyle farkl\u0131 farkl\u0131 ki\u015filikler geli\u015ftirebilen adam: Stephen Leeds ya da herkesin onu tan\u0131d\u0131\u011f\u0131 ismiyle Lejyon. Ortaya \u00e7\u0131kard\u0131\u011f\u0131 ki\u015filikler, daha do\u011frusu hal\u00fcsinasyonlar\u0131 pek \u00e7ok alanda dudak u\u00e7uklatan yeteneklere ve bilgiye sahip olmakla kalm\u0131yor, kar\u015f\u0131 kar\u015f\u0131ya kald\u0131\u011f\u0131 farkl\u0131 gizemleri g\u00fcn y\u00fcz\u00fcne \u00e7\u0131karmas\u0131 i\u00e7in Lejyon\u2019a yard\u0131m ediyorlar. \u00dcstelik birbirlerinden haberdarlar ve baz\u0131lar\u0131 da kendisinin bir hal\u00fcsinasyon oldu\u011funu biliyor.   Stephen Leeds ve hal\u00fcsinasyonlar\u0131, bu sefer \u00e7al\u0131nm\u0131\u015f bir cesedin pe\u015finde. \u00d6nemli olan ceset de\u011fil cesedin bildikleri; \u00e7\u00fcnk\u00fc bir zamanlar g\u00f6rev yapt\u0131\u011f\u0131 biyoteknoloji firmas\u0131n\u0131n yetkilileri, \u00f6lmeden \u00f6nce baz\u0131 \u00e7ok gizli bilgileri DNA\u2019s\u0131na kodlam\u0131\u015f oldu\u011fu g\u00f6r\u00fc\u015f\u00fcnde. Bu \u00e7ok gizli bilgiler yanl\u0131\u015f ellere ge\u00e7ecek olursa, olaylar hi\u00e7 beklenmedik \u015fekilde geli\u015febilir.   Bu arada, Stephen\u2019in hal\u00fcsinasyonlar\u0131yla kurdu\u011fu ve hassas dengelere oturan ili\u015fki de her ge\u00e7en an dengesini biraz daha kaybediyor gibi g\u00f6r\u00fcn\u00fcyor. Lejyon, bir \u00f6nceki vakada nas\u0131l olup da hal\u00fcsinasyonlar\u0131dan birinin elindeki silah\u0131 ate\u015fledi\u011fini h\u00e2l\u00e2 tam anlam\u0131yla \u00e7\u00f6zebilmi\u015f de\u011fil ve hal\u00fcsinasyonlardan baz\u0131lar\u0131, Stephen\u2019in kafas\u0131nda ka\u00e7 ki\u015fili\u011fe uygun yer oldu\u011fu konusunda epey kesin fikirlere sahipler.   Acaba Stephen kendini bir arada tutmay\u0131 daha ne kadar s\u00fcrd\u00fcrebilecek? <\/p>\n","protected":false},"excerpt":{"rendered":"<p>S\u0131ra d\u0131\u015f\u0131 zihinsel rahats\u0131zl\u0131\u011f\u0131 nedeniyle farkl\u0131 farkl\u0131 ki\u015filikler geli\u015ftirebilen adam: Stephen Leeds ya da herkesin onu tan\u0131d\u0131\u011f\u0131 ismiyle Lejyon. Ortaya \u00e7\u0131kard\u0131\u011f\u0131 ki\u015filikler, daha do\u011frusu hal\u00fcsinasyonlar\u0131 pek<span class=\"excerpt-hellip\"> [\u2026]<\/span><\/p>\n","protected":false},"featured_media":0,"template":"","meta":{"_monsterinsights_skip_tracking":false,"_monsterinsights_sitenote_active":false,"_monsterinsights_sitenote_note":"","_monsterinsights_sitenote_category":0},"product_brand":[],"product_cat":[12291,14777],"product_tag":[],"class_list":{"0":"post-711722","1":"product","2":"type-product","3":"status-publish","5":"product_cat-edebiyat","6":"product_cat-fantastik","7":"pa_cilt-ciltsiz","8":"pa_tur-kitap","9":"pa_yayinevi-akil-celen-kitaplar","10":"pa_yazar-brandon-sanderson","12":"first","13":"instock","14":"sale","15":"shipping-taxable","16":"purchasable","17":"product-type-simple"},"_links":{"self":[{"href":"https:\/\/roveyayinevi.com.tr\/index.php\/wp-json\/wp\/v2\/product\/711722","targetHints":{"allow":["GET"]}}],"collection":[{"href":"https:\/\/roveyayinevi.com.tr\/index.php\/wp-json\/wp\/v2\/product"}],"about":[{"href":"https:\/\/roveyayinevi.com.tr\/index.php\/wp-json\/wp\/v2\/types\/product"}],"wp:attachment":[{"href":"https:\/\/roveyayinevi.com.tr\/index.php\/wp-json\/wp\/v2\/media?parent=711722"}],"wp:term":[{"taxonomy":"product_brand","embeddable":true,"href":"https:\/\/roveyayinevi.com.tr\/index.php\/wp-json\/wp\/v2\/product_brand?post=711722"},{"taxonomy":"product_cat","embeddable":true,"href":"https:\/\/roveyayinevi.com.tr\/index.php\/wp-json\/wp\/v2\/product_cat?post=711722"},{"taxonomy":"product_tag","embeddable":true,"href":"https:\/\/roveyayinevi.com.tr\/index.php\/wp-json\/wp\/v2\/product_tag?post=711722"}],"curies":[{"name":"wp","href":"https:\/\/api.w.org\/{rel}","templated":true}]}}