{"id":711719,"date":"2025-08-27T16:48:44","date_gmt":"2025-08-27T13:48:44","guid":{"rendered":"https:\/\/roveyayinevi.com.tr\/index.php\/urun\/huysuz\/"},"modified":"2026-04-16T02:20:30","modified_gmt":"2026-04-15T23:20:30","slug":"huysuz","status":"publish","type":"product","link":"https:\/\/roveyayinevi.com.tr\/index.php\/urun\/huysuz\/","title":{"rendered":"Huysuz"},"content":{"rendered":"<p>Huysuz\u2019un can\u0131 s\u00fcrekli s\u0131kk\u0131n. G\u00fcne\u015fi sevmiyor, \u00e7\u00fcnk\u00fc terleyebilir. Ya\u011fmurdan ho\u015flanm\u0131yor, \u00e7\u00fcnk\u00fc \u0131slanabilir. Evinde misafir istemiyor, misafirli\u011fe de gitmiyor. Hi\u00e7bir \u015fey ya da hi\u00e7 kimse Huysuz\u2019u mutlu etmiyor. Neyse ki etrafta Tingeli ve di\u011fer ne\u015feli canl\u0131lar var. B\u00fct\u00fcn acayiplikleri, meraklar\u0131 ve tuhaf al\u0131\u015fkanl\u0131klar\u0131yla hep beraber ya\u015fay\u0131p gidiyorlar. Ve birbirlerine arkada\u015fl\u0131k bula\u015ft\u0131r\u0131yorlar! <\/p>\n","protected":false},"excerpt":{"rendered":"<p>Huysuz\u2019un can\u0131 s\u00fcrekli s\u0131kk\u0131n. G\u00fcne\u015fi sevmiyor, \u00e7\u00fcnk\u00fc terleyebilir. Ya\u011fmurdan ho\u015flanm\u0131yor, \u00e7\u00fcnk\u00fc \u0131slanabilir. Evinde misafir istemiyor, misafirli\u011fe de gitmiyor. Hi\u00e7bir \u015fey ya da hi\u00e7 kimse Huysuz\u2019u mutlu<span class=\"excerpt-hellip\"> [\u2026]<\/span><\/p>\n","protected":false},"featured_media":0,"template":"","meta":{"_monsterinsights_skip_tracking":false,"_monsterinsights_sitenote_active":false,"_monsterinsights_sitenote_note":"","_monsterinsights_sitenote_category":0},"product_brand":[],"product_cat":[12913,12274],"product_tag":[],"class_list":{"0":"post-711719","1":"product","2":"type-product","3":"status-publish","5":"product_cat-3-6-yas-kitaplari","6":"product_cat-cocuk-ve-genclik-kitaplari","7":"pa_cilt-ciltsiz","8":"pa_tur-kitap","9":"pa_yayinevi-kirmizi-kedi-yayinevi","10":"pa_yazar-annette-pehnt","12":"first","13":"instock","14":"sale","15":"shipping-taxable","16":"purchasable","17":"product-type-simple"},"_links":{"self":[{"href":"https:\/\/roveyayinevi.com.tr\/index.php\/wp-json\/wp\/v2\/product\/711719","targetHints":{"allow":["GET"]}}],"collection":[{"href":"https:\/\/roveyayinevi.com.tr\/index.php\/wp-json\/wp\/v2\/product"}],"about":[{"href":"https:\/\/roveyayinevi.com.tr\/index.php\/wp-json\/wp\/v2\/types\/product"}],"wp:attachment":[{"href":"https:\/\/roveyayinevi.com.tr\/index.php\/wp-json\/wp\/v2\/media?parent=711719"}],"wp:term":[{"taxonomy":"product_brand","embeddable":true,"href":"https:\/\/roveyayinevi.com.tr\/index.php\/wp-json\/wp\/v2\/product_brand?post=711719"},{"taxonomy":"product_cat","embeddable":true,"href":"https:\/\/roveyayinevi.com.tr\/index.php\/wp-json\/wp\/v2\/product_cat?post=711719"},{"taxonomy":"product_tag","embeddable":true,"href":"https:\/\/roveyayinevi.com.tr\/index.php\/wp-json\/wp\/v2\/product_tag?post=711719"}],"curies":[{"name":"wp","href":"https:\/\/api.w.org\/{rel}","templated":true}]}}