{"id":711717,"date":"2025-08-27T16:48:43","date_gmt":"2025-08-27T13:48:43","guid":{"rendered":"https:\/\/roveyayinevi.com.tr\/index.php\/urun\/girdap-balikcisi\/"},"modified":"2026-04-16T02:20:30","modified_gmt":"2026-04-15T23:20:30","slug":"girdap-balikcisi","status":"publish","type":"product","link":"https:\/\/roveyayinevi.com.tr\/index.php\/urun\/girdap-balikcisi\/","title":{"rendered":"Girdap Bal\u0131k\u00e7\u0131s\u0131"},"content":{"rendered":"<p>Hayat\u0131n bir yerindeyiz; ortas\u0131nda, kenar\u0131nda, \u00e7eperinde veya d\u0131\u015f\u0131nda. Kim bilir? \u201cBilmek\u201d mi dedim? Bilmenin boynumuza ge\u00e7irdi\u011fi ilmik s\u0131k\u0131. Taburemiz umut, onun da pamuk ipli\u011finde ayaklar\u0131&#8230; Ama az\u0131nl\u0131\u011f\u0131m\u0131z b\u00fcy\u00fcyor, belli ki f\u0131rt\u0131na yak\u0131n. Mevsimsiz bir r\u00fczg\u00e2r esiyor; eski, tan\u0131d\u0131k bir kokuyu ta\u015f\u0131yor. Ayn\u0131 g\u00f6ky\u00fcz\u00fcn\u00fcn alt\u0131na, ayn\u0131 topra\u011fa farkl\u0131 zamanlarda g\u00f6m\u00fclece\u011fiz. \u015eimdi, o g\u00fcne kadar ald\u0131\u011f\u0131m\u0131z, alaca\u011f\u0131m\u0131z her solu\u011fun bedelini \u00f6deyelim.   ***   \u201cHer kadeh sonunda yeni kap\u0131lar a\u00e7\u0131l\u0131r ruhun zindanlar\u0131na. Bir metamorfoz, modern y\u0131k\u0131m belki de deri de\u011fi\u015ftirme. \u00c7a\u011fr\u0131lmaya haz\u0131r bir ad\u0131m \u00f6tede, herkesin i\u00e7inde&#8230;\u201d   \u201cCephesi olmayan bir sava\u015f&#8230; \u0130nk\u00e2r etmek bula\u015fmas\u0131n bir kere \u00fcst\u00fcn\u00fcze, \u00e7\u00fcnk\u00fc vicdan lekesi bedenden \u00e7\u0131kmaz, tine i\u015fler, h\u0131zla sirayet eder. Bizim tek \u015fans\u0131m\u0131z en yak\u0131n yerinden tutmak kendimizi&#8230;\u201d   \u201cEvet, \u015fimdi haz\u0131rs\u0131n\u0131z, k\u00f6pr\u00fcden \u00f6nce son \u00e7\u0131k\u0131\u015f\u0131 isteyerek ka\u00e7\u0131r\u0131n. Gitti\u011finiz yerde bulacaklar\u0131n\u0131z ve kar\u015f\u0131la\u015facaklar\u0131n\u0131z yaln\u0131zca sizi ilgilendirir. Keyfini \u00e7\u0131kar\u0131n&#8230;\u201d <\/p>\n","protected":false},"excerpt":{"rendered":"<p>Hayat\u0131n bir yerindeyiz; ortas\u0131nda, kenar\u0131nda, \u00e7eperinde veya d\u0131\u015f\u0131nda. Kim bilir? \u201cBilmek\u201d mi dedim? Bilmenin boynumuza ge\u00e7irdi\u011fi ilmik s\u0131k\u0131. Taburemiz umut, onun da pamuk ipli\u011finde ayaklar\u0131&#8230; Ama<span class=\"excerpt-hellip\"> [\u2026]<\/span><\/p>\n","protected":false},"featured_media":0,"template":"","meta":{"_monsterinsights_skip_tracking":false,"_monsterinsights_sitenote_active":false,"_monsterinsights_sitenote_note":"","_monsterinsights_sitenote_category":0},"product_brand":[],"product_cat":[12291,12711],"product_tag":[],"class_list":{"0":"post-711717","1":"product","2":"type-product","3":"status-publish","5":"product_cat-edebiyat","6":"product_cat-roman-oyku","7":"pa_cilt-ciltsiz","8":"pa_tur-kitap","9":"pa_yayinevi-inkilap-kitabevi","10":"pa_yazar-ali-deniz-uslu","12":"first","13":"instock","14":"sale","15":"shipping-taxable","16":"purchasable","17":"product-type-simple"},"_links":{"self":[{"href":"https:\/\/roveyayinevi.com.tr\/index.php\/wp-json\/wp\/v2\/product\/711717","targetHints":{"allow":["GET"]}}],"collection":[{"href":"https:\/\/roveyayinevi.com.tr\/index.php\/wp-json\/wp\/v2\/product"}],"about":[{"href":"https:\/\/roveyayinevi.com.tr\/index.php\/wp-json\/wp\/v2\/types\/product"}],"wp:attachment":[{"href":"https:\/\/roveyayinevi.com.tr\/index.php\/wp-json\/wp\/v2\/media?parent=711717"}],"wp:term":[{"taxonomy":"product_brand","embeddable":true,"href":"https:\/\/roveyayinevi.com.tr\/index.php\/wp-json\/wp\/v2\/product_brand?post=711717"},{"taxonomy":"product_cat","embeddable":true,"href":"https:\/\/roveyayinevi.com.tr\/index.php\/wp-json\/wp\/v2\/product_cat?post=711717"},{"taxonomy":"product_tag","embeddable":true,"href":"https:\/\/roveyayinevi.com.tr\/index.php\/wp-json\/wp\/v2\/product_tag?post=711717"}],"curies":[{"name":"wp","href":"https:\/\/api.w.org\/{rel}","templated":true}]}}