{"id":711715,"date":"2025-08-27T16:48:42","date_gmt":"2025-08-27T13:48:42","guid":{"rendered":"https:\/\/roveyayinevi.com.tr\/index.php\/urun\/dost-eller-aile-en-iyi-ilactir\/"},"modified":"2026-04-16T02:20:30","modified_gmt":"2026-04-15T23:20:30","slug":"dost-eller-aile-en-iyi-ilactir","status":"publish","type":"product","link":"https:\/\/roveyayinevi.com.tr\/index.php\/urun\/dost-eller-aile-en-iyi-ilactir\/","title":{"rendered":"Dost Eller &#8211; Aile En \u0130yi \u0130la\u00e7t\u0131r"},"content":{"rendered":"<p>Aile En \u0130yi \u0130la\u00e7t\u0131r   Hi\u00e7 kendini \u00fczg\u00fcn ve sinirli hissetmene neden olacak bir olay ya\u015fad\u0131n m\u0131? Tek istedi\u011fin evine gidip anne ya da baban\u0131n veya ailenden herhangi birinin problemi \u00e7\u00f6zmene yard\u0131mc\u0131 olmas\u0131 ve her \u015feyi yeniden yoluna koymas\u0131 m\u0131yd\u0131? Evet, problemin ne olursa olsun ailen senin i\u00e7in en iyi ila\u00e7t\u0131r. Ailen herhangi bir s\u0131k\u0131nt\u0131n\u0131n \u00fcstesinden gelebilmen i\u00e7in ko\u015fulsuz bir sevgiyle en b\u00fcy\u00fck deste\u011fi sana sa\u011flar.     Pozitif ili\u015fkiler kurma, tak\u0131m \u00e7al\u0131\u015fmas\u0131 ve ihtiya\u00e7 duyan bir ki\u015fiye yard\u0131m etmenin \u00f6nemine vurgu yapan Dost Eller dizisindeki her kitap, yard\u0131mseverlik kavram\u0131n\u0131n farkl\u0131 bir y\u00f6n\u00fcn\u00fc ele al\u0131yor. Ayr\u0131ca ebeveynlere ve e\u011fitimcilere \u00e7ocuklar\u0131n \u00f6zdenetimlerini geli\u015ftirme, \u00e7evrelerine kar\u015f\u0131 duyarl\u0131 ve yard\u0131msever bireyler h\u00e2line gelmelerini te\u015fvik etme, g\u00fcven ve aileye aidiyet duygusu kazanmalar\u0131n\u0131 ve ba\u015fkalar\u0131yla birlikte \u00e7al\u0131\u015fma becerisi edinmelerini sa\u011flama konusunda ipu\u00e7lar\u0131 ve \u00f6neriler sunuluyor. <\/p>\n","protected":false},"excerpt":{"rendered":"<p>Aile En \u0130yi \u0130la\u00e7t\u0131r Hi\u00e7 kendini \u00fczg\u00fcn ve sinirli hissetmene neden olacak bir olay ya\u015fad\u0131n m\u0131? Tek istedi\u011fin evine gidip anne ya da baban\u0131n veya ailenden<span class=\"excerpt-hellip\"> [\u2026]<\/span><\/p>\n","protected":false},"featured_media":0,"template":"","meta":{"_monsterinsights_skip_tracking":false,"_monsterinsights_sitenote_active":false,"_monsterinsights_sitenote_note":"","_monsterinsights_sitenote_category":0},"product_brand":[],"product_cat":[12274,12284],"product_tag":[],"class_list":{"0":"post-711715","1":"product","2":"type-product","3":"status-publish","5":"product_cat-cocuk-ve-genclik-kitaplari","6":"product_cat-hikayeler","7":"pa_cilt-ciltsiz","8":"pa_tur-kitap","9":"pa_yayinevi-1001-cicek-kitaplar","10":"pa_yazar-jennifer-moore-mallinos","12":"first","13":"instock","14":"sale","15":"shipping-taxable","16":"purchasable","17":"product-type-simple"},"_links":{"self":[{"href":"https:\/\/roveyayinevi.com.tr\/index.php\/wp-json\/wp\/v2\/product\/711715","targetHints":{"allow":["GET"]}}],"collection":[{"href":"https:\/\/roveyayinevi.com.tr\/index.php\/wp-json\/wp\/v2\/product"}],"about":[{"href":"https:\/\/roveyayinevi.com.tr\/index.php\/wp-json\/wp\/v2\/types\/product"}],"wp:attachment":[{"href":"https:\/\/roveyayinevi.com.tr\/index.php\/wp-json\/wp\/v2\/media?parent=711715"}],"wp:term":[{"taxonomy":"product_brand","embeddable":true,"href":"https:\/\/roveyayinevi.com.tr\/index.php\/wp-json\/wp\/v2\/product_brand?post=711715"},{"taxonomy":"product_cat","embeddable":true,"href":"https:\/\/roveyayinevi.com.tr\/index.php\/wp-json\/wp\/v2\/product_cat?post=711715"},{"taxonomy":"product_tag","embeddable":true,"href":"https:\/\/roveyayinevi.com.tr\/index.php\/wp-json\/wp\/v2\/product_tag?post=711715"}],"curies":[{"name":"wp","href":"https:\/\/api.w.org\/{rel}","templated":true}]}}