{"id":711714,"date":"2025-08-27T16:48:41","date_gmt":"2025-08-27T13:48:41","guid":{"rendered":"https:\/\/roveyayinevi.com.tr\/index.php\/urun\/kus-ucar-kanat-aglar\/"},"modified":"2026-04-16T02:20:30","modified_gmt":"2026-04-15T23:20:30","slug":"kus-ucar-kanat-aglar","status":"publish","type":"product","link":"https:\/\/roveyayinevi.com.tr\/index.php\/urun\/kus-ucar-kanat-aglar\/","title":{"rendered":"Ku\u015f U\u00e7ar Kanat A\u011flar"},"content":{"rendered":"<p>Buradan da\u011flara bakar\u0131m. G\u00fcn, eteklerini toplay\u0131p giderken bir k\u00fc\u00e7\u00fck anne gelir. Yata\u011f\u0131ndaki bo\u015flu\u011fa bakar. T\u00fclbentlerini a\u00e7ar, katlar. K\u0131rlentleri d\u00fczeltir. Kitaplar\u0131 toplar. \u00c7ocuklar\u0131 sorar. G\u00f6zya\u015f\u0131m\u0131 kurular. \u201cG\u00f6\u011fs\u00fcmdeki \u00e7i\u00e7eklerin dili yok, unutma.\u201d Evine g\u00fcl\u00fcmser. Al\u0131n \u00e7izgilerimi d\u00fczeltir. Sonsuzlu\u011fun a\u011fz\u0131yla \u00f6per. Yaln\u0131zl\u0131\u011f\u0131m\u0131 al\u0131r. Yaln\u0131zl\u0131\u011f\u0131n\u0131 verir. \u201c\u00d6l\u00fcler, ya\u015fayanlarda ya\u015far, bunu hi\u00e7 unutma.\u201d Buradan da\u011flara&#8230;<\/p>\n","protected":false},"excerpt":{"rendered":"<p>Buradan da\u011flara bakar\u0131m. G\u00fcn, eteklerini toplay\u0131p giderken bir k\u00fc\u00e7\u00fck anne gelir. Yata\u011f\u0131ndaki bo\u015flu\u011fa bakar. T\u00fclbentlerini a\u00e7ar, katlar. K\u0131rlentleri d\u00fczeltir. Kitaplar\u0131 toplar. \u00c7ocuklar\u0131 sorar. G\u00f6zya\u015f\u0131m\u0131 kurular. \u201cG\u00f6\u011fs\u00fcmdeki<span class=\"excerpt-hellip\"> [\u2026]<\/span><\/p>\n","protected":false},"featured_media":0,"template":"","meta":{"_monsterinsights_skip_tracking":false,"_monsterinsights_sitenote_active":false,"_monsterinsights_sitenote_note":"","_monsterinsights_sitenote_category":0},"product_brand":[],"product_cat":[12291,12509],"product_tag":[],"class_list":{"0":"post-711714","1":"product","2":"type-product","3":"status-publish","5":"product_cat-edebiyat","6":"product_cat-siir","7":"pa_cilt-ciltsiz","8":"pa_tur-kitap","9":"pa_yayinevi-kirmizi-kedi-yayinevi","10":"pa_yazar-sukru-erbas","12":"first","13":"instock","14":"sale","15":"shipping-taxable","16":"purchasable","17":"product-type-simple"},"_links":{"self":[{"href":"https:\/\/roveyayinevi.com.tr\/index.php\/wp-json\/wp\/v2\/product\/711714","targetHints":{"allow":["GET"]}}],"collection":[{"href":"https:\/\/roveyayinevi.com.tr\/index.php\/wp-json\/wp\/v2\/product"}],"about":[{"href":"https:\/\/roveyayinevi.com.tr\/index.php\/wp-json\/wp\/v2\/types\/product"}],"wp:attachment":[{"href":"https:\/\/roveyayinevi.com.tr\/index.php\/wp-json\/wp\/v2\/media?parent=711714"}],"wp:term":[{"taxonomy":"product_brand","embeddable":true,"href":"https:\/\/roveyayinevi.com.tr\/index.php\/wp-json\/wp\/v2\/product_brand?post=711714"},{"taxonomy":"product_cat","embeddable":true,"href":"https:\/\/roveyayinevi.com.tr\/index.php\/wp-json\/wp\/v2\/product_cat?post=711714"},{"taxonomy":"product_tag","embeddable":true,"href":"https:\/\/roveyayinevi.com.tr\/index.php\/wp-json\/wp\/v2\/product_tag?post=711714"}],"curies":[{"name":"wp","href":"https:\/\/api.w.org\/{rel}","templated":true}]}}