{"id":711713,"date":"2025-08-27T16:48:41","date_gmt":"2025-08-27T13:48:41","guid":{"rendered":"https:\/\/roveyayinevi.com.tr\/index.php\/urun\/eski-dalginlik-kurslari\/"},"modified":"2026-04-16T02:20:30","modified_gmt":"2026-04-15T23:20:30","slug":"eski-dalginlik-kurslari","status":"publish","type":"product","link":"https:\/\/roveyayinevi.com.tr\/index.php\/urun\/eski-dalginlik-kurslari\/","title":{"rendered":"Eski Dalg\u0131nl\u0131k Kurslar\u0131"},"content":{"rendered":"<p>\u201c\u00c7ocuklu\u011fumda, kurtlar\u0131n saatlar\u0131n\u0131 sayan g\u00f6revliler vard\u0131: Mahalle bek\u00e7ileri. D\u00fcd\u00fck sesleri, ayak sesleri ile o atmosferi y\u0131rtar, delerlerdi. Sessizce \u00e7ekildiler toplumsal ya\u015famdan, yerleri bo\u015f kald\u0131. \u2018Bek\u00e7i\u2019 kavram\u0131 da \u00f6yle: Art\u0131k ask\u0131da duran, bizim ad\u0131m\u0131za kimse beklemez, uykular\u0131m\u0131z\u0131n Godot\u2019su olmaz oldu\u011fu i\u00e7in yitip gitmi\u015f bir rol\u00fc \u00fcstlenen yok \u015fimdi. Kurtlar yapayaln\u0131z dola\u015f\u0131yor sokaklarda.\u201d <\/p>\n","protected":false},"excerpt":{"rendered":"<p>\u201c\u00c7ocuklu\u011fumda, kurtlar\u0131n saatlar\u0131n\u0131 sayan g\u00f6revliler vard\u0131: Mahalle bek\u00e7ileri. D\u00fcd\u00fck sesleri, ayak sesleri ile o atmosferi y\u0131rtar, delerlerdi. Sessizce \u00e7ekildiler toplumsal ya\u015famdan, yerleri bo\u015f kald\u0131. \u2018Bek\u00e7i\u2019 kavram\u0131<span class=\"excerpt-hellip\"> [\u2026]<\/span><\/p>\n","protected":false},"featured_media":0,"template":"","meta":{"_monsterinsights_skip_tracking":false,"_monsterinsights_sitenote_active":false,"_monsterinsights_sitenote_note":"","_monsterinsights_sitenote_category":0},"product_brand":[],"product_cat":[12777,12291],"product_tag":[],"class_list":{"0":"post-711713","1":"product","2":"type-product","3":"status-publish","5":"product_cat-deneme","6":"product_cat-edebiyat","7":"pa_cilt-ciltsiz","8":"pa_tur-kitap","9":"pa_yayinevi-kirmizi-kedi-yayinevi","10":"pa_yazar-enis-batur","12":"first","13":"instock","14":"sale","15":"shipping-taxable","16":"purchasable","17":"product-type-simple"},"_links":{"self":[{"href":"https:\/\/roveyayinevi.com.tr\/index.php\/wp-json\/wp\/v2\/product\/711713","targetHints":{"allow":["GET"]}}],"collection":[{"href":"https:\/\/roveyayinevi.com.tr\/index.php\/wp-json\/wp\/v2\/product"}],"about":[{"href":"https:\/\/roveyayinevi.com.tr\/index.php\/wp-json\/wp\/v2\/types\/product"}],"wp:attachment":[{"href":"https:\/\/roveyayinevi.com.tr\/index.php\/wp-json\/wp\/v2\/media?parent=711713"}],"wp:term":[{"taxonomy":"product_brand","embeddable":true,"href":"https:\/\/roveyayinevi.com.tr\/index.php\/wp-json\/wp\/v2\/product_brand?post=711713"},{"taxonomy":"product_cat","embeddable":true,"href":"https:\/\/roveyayinevi.com.tr\/index.php\/wp-json\/wp\/v2\/product_cat?post=711713"},{"taxonomy":"product_tag","embeddable":true,"href":"https:\/\/roveyayinevi.com.tr\/index.php\/wp-json\/wp\/v2\/product_tag?post=711713"}],"curies":[{"name":"wp","href":"https:\/\/api.w.org\/{rel}","templated":true}]}}