{"id":711709,"date":"2025-08-27T16:48:38","date_gmt":"2025-08-27T13:48:38","guid":{"rendered":"https:\/\/roveyayinevi.com.tr\/index.php\/urun\/bilge-kaganin-vasiyeti\/"},"modified":"2026-04-16T02:20:30","modified_gmt":"2026-04-15T23:20:30","slug":"bilge-kaganin-vasiyeti","status":"publish","type":"product","link":"https:\/\/roveyayinevi.com.tr\/index.php\/urun\/bilge-kaganin-vasiyeti\/","title":{"rendered":"Bilge Ka\u011fan&#8217;\u0131n Vasiyeti"},"content":{"rendered":"<p>Bilge Ka\u011fan T\u00fcrk tarihinin en \u00f6nemli ki\u015filerinden biridir. Tahtta kald\u0131\u011f\u0131 y\u0131llarda i\u00e7 ve d\u0131\u015f d\u00fc\u015fmanlarla ku\u015fat\u0131lm\u0131\u015f devletini vezir Bilge Tonyukuk ve karde\u015fi K\u00fcl Tegin ile birlikte \u00e7etin m\u00fccadelelere girerek kurtarm\u0131\u015ft\u0131. Asl\u0131nda onun devleti i\u00e7in \u00e7al\u0131\u015fmas\u0131 babas\u0131 \u00f6l\u00fcp amcas\u0131 Kapgan ka\u011fanl\u0131k makam\u0131na oturdu\u011funda \u015fadl\u0131k gibi \u00f6nemli g\u00f6reve getirildi\u011finde ba\u015flam\u0131\u015ft\u0131. Amcas\u0131 Kapgan\u2019\u0131n \u00f6l\u00fcm\u00fc \u00fczerine haks\u0131z yere tahta ge\u00e7en \u0130nel\u2019i K\u00fcl Tegin bir ihtilal ile ortadan kald\u0131rm\u0131\u015f, a\u011fabeyi Bilge\u2019yi ka\u011fan yapm\u0131\u015ft\u0131.731 y\u0131l\u0131nda K\u00fcl Tegin\u2019i kaybeden Bilge, derin \u00fcz\u00fcnt\u00fclere gark olmu\u015ftu. Bir y\u0131l sonra \u00e7ekti\u011fi tarifsiz ac\u0131lar\u0131 ifade etmek, milletine, \u00f6zellikle gelecek nesillere ders vermek amac\u0131yla bir bark yapt\u0131rd\u0131. Bark\u0131n duvarlar\u0131na karde\u015fi K\u00fcl Tegin\u2019in m\u00fccadele sahneleri resmedildi\u011finde g\u00f6zleri dolarak seyretti. Sonra T\u00fcrk k\u00fclt\u00fcr\u00fcn\u00fcn en \u00f6nemli hazinelerinden say\u0131lan K\u00fcl Tegin yaz\u0131t\u0131n\u0131 diktirdi.Beng\u00fc ta\u015flara G\u00f6k T\u00fcrk Devletinin kurulu\u015funu, zay\u0131flamas\u0131n\u0131, y\u0131k\u0131l\u0131\u015f\u0131n\u0131 ve yeniden ba\u011f\u0131ms\u0131zl\u0131\u011f\u0131n\u0131 kazan\u0131\u015f\u0131n\u0131 kaz\u0131tarak yazd\u0131rd\u0131. Sonra gelecekte ayn\u0131 zorluklara d\u00fc\u015fmemek i\u00e7in neler yap\u0131lmas\u0131 gerekti\u011fini anlatt\u0131.B\u00fct\u00fcn bunlar\u0131 milletine, ama \u00f6zellikle gelecek nesiller ders als\u0131n diye vasiyet niteli\u011finde ta\u015flara kaz\u0131tt\u0131rmak suretiyle yazd\u0131rd\u0131.Bu kitapta Bilge Ka\u011fan\u2019\u0131n vasiyet niteli\u011findeki s\u00f6zleri de\u011ferlendirilmektedir. <\/p>\n","protected":false},"excerpt":{"rendered":"<p>Bilge Ka\u011fan T\u00fcrk tarihinin en \u00f6nemli ki\u015filerinden biridir. Tahtta kald\u0131\u011f\u0131 y\u0131llarda i\u00e7 ve d\u0131\u015f d\u00fc\u015fmanlarla ku\u015fat\u0131lm\u0131\u015f devletini vezir Bilge Tonyukuk ve karde\u015fi K\u00fcl Tegin ile birlikte<span class=\"excerpt-hellip\"> [\u2026]<\/span><\/p>\n","protected":false},"featured_media":0,"template":"","meta":{"_monsterinsights_skip_tracking":false,"_monsterinsights_sitenote_active":false,"_monsterinsights_sitenote_note":"","_monsterinsights_sitenote_category":0},"product_brand":[],"product_cat":[12304,13650],"product_tag":[],"class_list":{"0":"post-711709","1":"product","2":"type-product","3":"status-publish","5":"product_cat-tarih","6":"product_cat-turk-tarihi-arastirmalari","7":"pa_cilt-ciltsiz","8":"pa_tur-kitap","9":"pa_yayinevi-bilge-kultur-sanat","10":"pa_yazar-ahmet-tasagil","12":"first","13":"instock","14":"sale","15":"shipping-taxable","16":"purchasable","17":"product-type-simple"},"_links":{"self":[{"href":"https:\/\/roveyayinevi.com.tr\/index.php\/wp-json\/wp\/v2\/product\/711709","targetHints":{"allow":["GET"]}}],"collection":[{"href":"https:\/\/roveyayinevi.com.tr\/index.php\/wp-json\/wp\/v2\/product"}],"about":[{"href":"https:\/\/roveyayinevi.com.tr\/index.php\/wp-json\/wp\/v2\/types\/product"}],"wp:attachment":[{"href":"https:\/\/roveyayinevi.com.tr\/index.php\/wp-json\/wp\/v2\/media?parent=711709"}],"wp:term":[{"taxonomy":"product_brand","embeddable":true,"href":"https:\/\/roveyayinevi.com.tr\/index.php\/wp-json\/wp\/v2\/product_brand?post=711709"},{"taxonomy":"product_cat","embeddable":true,"href":"https:\/\/roveyayinevi.com.tr\/index.php\/wp-json\/wp\/v2\/product_cat?post=711709"},{"taxonomy":"product_tag","embeddable":true,"href":"https:\/\/roveyayinevi.com.tr\/index.php\/wp-json\/wp\/v2\/product_tag?post=711709"}],"curies":[{"name":"wp","href":"https:\/\/api.w.org\/{rel}","templated":true}]}}