{"id":711708,"date":"2025-08-27T16:48:38","date_gmt":"2025-08-27T13:48:38","guid":{"rendered":"https:\/\/roveyayinevi.com.tr\/index.php\/urun\/osmanlilar-yonetim-ve-strateji\/"},"modified":"2026-04-16T02:20:30","modified_gmt":"2026-04-15T23:20:30","slug":"osmanlilar-yonetim-ve-strateji","status":"publish","type":"product","link":"https:\/\/roveyayinevi.com.tr\/index.php\/urun\/osmanlilar-yonetim-ve-strateji\/","title":{"rendered":"Osmanl\u0131lar Y\u00f6netim ve Strateji"},"content":{"rendered":"<p>Elinizdeki kitap, on d\u00f6rd\u00fcnc\u00fc y\u00fczy\u0131lda Kuzeybat\u0131 Anadolu u\u00e7 b\u00f6lgesinde tarih sahnesine \u00e7\u0131kt\u0131ktan sonra Do\u011fu Roma \u0130mparatorlu\u011fu sahas\u0131n\u0131 geni\u015fleme alan\u0131 olarak kabul eden ve kurulu\u015fundan yakla\u015f\u0131k y\u00fcz elli y\u0131l sonra \u0130stanbul ba\u015fkentli b\u00fcy\u00fck d\u00fcnya imparatorlu\u011fu kuran Osmanl\u0131lar\u0131n bunlar\u0131 ger\u00e7ekle\u015ftirirken sahip olduklar\u0131 y\u00f6netim anlay\u0131\u015flar\u0131 ve politikalar\u0131 ile stratejilerini inceleyen her biri konu ile ilgili ayr\u0131 bir makale olarak haz\u0131rlanm\u0131\u015f sekiz b\u00f6l\u00fcmden olu\u015fmaktad\u0131r.Yazar\u0131n bu kitaptaki temel tezi, \u00f6zellikle baz\u0131 do\u011fu bilimcilerin Osmanist kimli\u011fi ile ortaya att\u0131klar\u0131 fikirlere kar\u015f\u0131n Osmanl\u0131lar\u0131n geni\u015flemesini tarih\u00ee ger\u00e7eklerle ili\u015fkilendirmektir. Bu ili\u015fkinin temelinde, Osmanl\u0131lar\u0131n ileri s\u00fcr\u00fcld\u00fc\u011f\u00fc gibi tesad\u00fcflerin eseri ya da \u015fartlar\u0131n gere\u011fi olarak imparatorlu\u011fa d\u00f6n\u00fc\u015fmedi\u011fi aksine sahip olduklar\u0131 gelenek ve bununla ilintili uygulad\u0131klar\u0131 y\u00f6netim anlay\u0131\u015flar\u0131 ile stratejileri yer almaktad\u0131r. Bahsedilen gelenek ve y\u00f6netim anlay\u0131\u015f\u0131 ile stratejiler, Osmanl\u0131larda kendine \u00f6zg\u00fc bir hal alarak \u00e7ok dilli, \u00e7ok dinli ve \u00e7ok k\u00fclt\u00fcrl\u00fc bir imparatorlu\u011fa ge\u00e7i\u015f s\u00fcrecinin en \u00f6nemli unsuru olmu\u015ftu. Osmanl\u0131lar\u0131n a\u015firetten devlete ve daha sonra imparatorlu\u011fa ge\u00e7i\u015f ser\u00fcvenleri ve bu s\u0131rada takip edilen siyasetin analizleri ile bu konuda ileri s\u00fcr\u00fclen g\u00f6r\u00fc\u015flerin sorgulanmas\u0131, k\u00fc\u00e7\u00fck bir a\u015firetten b\u00fcy\u00fck bir imparatorlu\u011fa tesad\u00fcfler eseri ge\u00e7ilemeyece\u011fi ger\u00e7e\u011fini g\u00f6z \u00f6n\u00fcne seriyor.Osmanl\u0131lar\u0131n kurulu\u015f d\u00f6neminden itibaren a\u015firet, devlet ve nihayet imparatorlu\u011fa ge\u00e7i\u015f a\u015famalar\u0131 ve bununla birlikte \u0130stanbul\u2019un fethedilmesi amac\u0131yla ger\u00e7ekle\u015ftirilen ku\u015fatmalar bir stratejiler b\u00fct\u00fcnl\u00fc\u011f\u00fc \u00f6zelli\u011fi ta\u015f\u0131r. Bu \u00f6zellik istihbarat a\u011f\u0131 ile peki\u015ftirilerek, diplomasinin b\u00fct\u00fcn inceliklerinin kullan\u0131lmas\u0131yla olgunlu\u011fa eri\u015fmi\u015ftir. Bu s\u00fcre\u00e7te takip edilen din politikas\u0131 ise fetih\u00e7i T\u00fcrk imparatorlu\u011funa giden yolun en etkili halini sergiler.S\u00f6z\u00fc edilen bu konulara dair yeni bilgi ve yorumlar\u0131 bulaca\u011f\u0131n\u0131z bu \u00e7al\u0131\u015fma, esas\u0131nda Osmanl\u0131lar\u0131n kurulu\u015fundan itibaren sahip olduklar\u0131 niteliklerin temel dinamiklerine dair gizemin izlerinin neler oldu\u011funu ortaya \u00e7\u0131karmaya y\u00f6nelik \u00e7aban\u0131n bir sonucudur. <\/p>\n","protected":false},"excerpt":{"rendered":"<p>Elinizdeki kitap, on d\u00f6rd\u00fcnc\u00fc y\u00fczy\u0131lda Kuzeybat\u0131 Anadolu u\u00e7 b\u00f6lgesinde tarih sahnesine \u00e7\u0131kt\u0131ktan sonra Do\u011fu Roma \u0130mparatorlu\u011fu sahas\u0131n\u0131 geni\u015fleme alan\u0131 olarak kabul eden ve kurulu\u015fundan yakla\u015f\u0131k y\u00fcz<span class=\"excerpt-hellip\"> [\u2026]<\/span><\/p>\n","protected":false},"featured_media":0,"template":"","meta":{"_monsterinsights_skip_tracking":false,"_monsterinsights_sitenote_active":false,"_monsterinsights_sitenote_note":"","_monsterinsights_sitenote_category":0},"product_brand":[],"product_cat":[13517,12304],"product_tag":[],"class_list":{"0":"post-711708","1":"product","2":"type-product","3":"status-publish","5":"product_cat-osmanli-tarihi","6":"product_cat-tarih","7":"pa_cilt-ciltsiz","8":"pa_tur-kitap","9":"pa_yayinevi-bilge-kultur-sanat","10":"pa_yazar-haldun-eroglu","12":"first","13":"instock","14":"sale","15":"shipping-taxable","16":"purchasable","17":"product-type-simple"},"_links":{"self":[{"href":"https:\/\/roveyayinevi.com.tr\/index.php\/wp-json\/wp\/v2\/product\/711708","targetHints":{"allow":["GET"]}}],"collection":[{"href":"https:\/\/roveyayinevi.com.tr\/index.php\/wp-json\/wp\/v2\/product"}],"about":[{"href":"https:\/\/roveyayinevi.com.tr\/index.php\/wp-json\/wp\/v2\/types\/product"}],"wp:attachment":[{"href":"https:\/\/roveyayinevi.com.tr\/index.php\/wp-json\/wp\/v2\/media?parent=711708"}],"wp:term":[{"taxonomy":"product_brand","embeddable":true,"href":"https:\/\/roveyayinevi.com.tr\/index.php\/wp-json\/wp\/v2\/product_brand?post=711708"},{"taxonomy":"product_cat","embeddable":true,"href":"https:\/\/roveyayinevi.com.tr\/index.php\/wp-json\/wp\/v2\/product_cat?post=711708"},{"taxonomy":"product_tag","embeddable":true,"href":"https:\/\/roveyayinevi.com.tr\/index.php\/wp-json\/wp\/v2\/product_tag?post=711708"}],"curies":[{"name":"wp","href":"https:\/\/api.w.org\/{rel}","templated":true}]}}