{"id":711706,"date":"2025-08-27T16:48:37","date_gmt":"2025-08-27T13:48:37","guid":{"rendered":"https:\/\/roveyayinevi.com.tr\/index.php\/urun\/7-x-9-eyvah\/"},"modified":"2026-04-16T02:20:29","modified_gmt":"2026-04-15T23:20:29","slug":"7-x-9-eyvah","status":"publish","type":"product","link":"https:\/\/roveyayinevi.com.tr\/index.php\/urun\/7-x-9-eyvah\/","title":{"rendered":"7 x 9 = Eyvah!"},"content":{"rendered":"<p>Amerikan K\u00fct\u00fcphaneler Birli\u011fi Dikkate De\u011fer \u00c7ocuk Kitab\u0131Ah \u015fu \u00e7arp\u0131m tablosu! O olmasa \u00c7ak\u0131l, \u00fc\u00e7\u00fcnc\u00fc s\u0131n\u0131fta \u00e7ok iyi vakit ge\u00e7irecek. Ama rakamlar\u0131 \u00e7arparken s\u00fcrekli zorluk ya\u015f\u0131yor ve \u00e7arp\u0131m tablosunu bir t\u00fcrl\u00fc ezberleyemiyor. Arkada\u015flar\u0131n\u0131n ve karde\u015finin \u00e7arpma i\u015fleminde ondan daha ba\u015far\u0131l\u0131 olmas\u0131 ise \u00c7ak\u0131l\u2019\u0131 daha da \u00fcz\u00fcyor. Ailesi, arkada\u015flar\u0131 ve s\u0131n\u0131f\u0131n hamster\u0131 Pamuk, \u00c7ak\u0131l\u2019\u0131n \u00e7arp\u0131m tablosunu ezberlemesini sa\u011flayabilecek mi?Matematikte zorlanan ya da ge\u00e7mi\u015fte zorlanm\u0131\u015f \u00e7ocuklar, \u00c7ak\u0131l\u2019\u0131n \u00f6yk\u00fcs\u00fcn\u00fc \u00e7ok sevecekler.-Booklist <\/p>\n","protected":false},"excerpt":{"rendered":"<p>Amerikan K\u00fct\u00fcphaneler Birli\u011fi Dikkate De\u011fer \u00c7ocuk Kitab\u0131Ah \u015fu \u00e7arp\u0131m tablosu! O olmasa \u00c7ak\u0131l, \u00fc\u00e7\u00fcnc\u00fc s\u0131n\u0131fta \u00e7ok iyi vakit ge\u00e7irecek. Ama rakamlar\u0131 \u00e7arparken s\u00fcrekli zorluk ya\u015f\u0131yor ve<span class=\"excerpt-hellip\"> [\u2026]<\/span><\/p>\n","protected":false},"featured_media":0,"template":"","meta":{"_monsterinsights_skip_tracking":false,"_monsterinsights_sitenote_active":false,"_monsterinsights_sitenote_note":"","_monsterinsights_sitenote_category":0},"product_brand":[],"product_cat":[12274],"product_tag":[],"class_list":{"0":"post-711706","1":"product","2":"type-product","3":"status-publish","5":"product_cat-cocuk-ve-genclik-kitaplari","6":"pa_cilt-ciltsiz","7":"pa_tur-kitap","8":"pa_yayinevi-beyaz-balina-yayinlari","9":"pa_yazar-claudia-mills","11":"first","12":"instock","13":"sale","14":"shipping-taxable","15":"purchasable","16":"product-type-simple"},"_links":{"self":[{"href":"https:\/\/roveyayinevi.com.tr\/index.php\/wp-json\/wp\/v2\/product\/711706","targetHints":{"allow":["GET"]}}],"collection":[{"href":"https:\/\/roveyayinevi.com.tr\/index.php\/wp-json\/wp\/v2\/product"}],"about":[{"href":"https:\/\/roveyayinevi.com.tr\/index.php\/wp-json\/wp\/v2\/types\/product"}],"wp:attachment":[{"href":"https:\/\/roveyayinevi.com.tr\/index.php\/wp-json\/wp\/v2\/media?parent=711706"}],"wp:term":[{"taxonomy":"product_brand","embeddable":true,"href":"https:\/\/roveyayinevi.com.tr\/index.php\/wp-json\/wp\/v2\/product_brand?post=711706"},{"taxonomy":"product_cat","embeddable":true,"href":"https:\/\/roveyayinevi.com.tr\/index.php\/wp-json\/wp\/v2\/product_cat?post=711706"},{"taxonomy":"product_tag","embeddable":true,"href":"https:\/\/roveyayinevi.com.tr\/index.php\/wp-json\/wp\/v2\/product_tag?post=711706"}],"curies":[{"name":"wp","href":"https:\/\/api.w.org\/{rel}","templated":true}]}}