{"id":711704,"date":"2025-08-27T16:48:36","date_gmt":"2025-08-27T13:48:36","guid":{"rendered":"https:\/\/roveyayinevi.com.tr\/index.php\/urun\/kapiyi-iceriden-kilitledim\/"},"modified":"2026-04-16T02:20:29","modified_gmt":"2026-04-15T23:20:29","slug":"kapiyi-iceriden-kilitledim","status":"publish","type":"product","link":"https:\/\/roveyayinevi.com.tr\/index.php\/urun\/kapiyi-iceriden-kilitledim\/","title":{"rendered":"Kap\u0131y\u0131 \u0130\u00e7eriden Kilitledim"},"content":{"rendered":"<p>Renan\u2019a \u00e2\u015f\u0131k olabilmeyi, onunla g\u00fczel, dolu dolu bir hayat ya\u015fayabilmeyi hayal ettim. Uzan\u0131p masada bo\u015f duran elini tutmak, a\u011flama ben var\u0131m, diyebilmek istedim ama elimi kolumu ba\u011flayan g\u00fc\u00e7l\u00fc, hayali ba\u015fka bir el vard\u0131. Bir esirdim. Kap\u0131y\u0131 i\u00e7eriden kilitleyip, kalbimin odas\u0131nda tek ba\u015f\u0131ma oturuyordum. O kilit ancak Ruhan\u2019\u0131 i\u00e7eriye almak i\u00e7in a\u00e7\u0131l\u0131rd\u0131. Hi\u00e7bir zaman gelmeyecek olan Ruhan i\u00e7in&#8230;\u00d6zlem Narin Y\u0131lmaz\u2019\u0131n Kap\u0131y\u0131 \u0130\u00e7eriden Kilitledim adl\u0131 \u00e7arp\u0131c\u0131 eseri, 1950\u2019ler ile 2000\u2019lerin i\u00e7 i\u00e7e ge\u00e7ti\u011fi bir roman. Roman\u0131n esas karakterlerinden yazar Alin Aky\u00fcz, uzak kalmak istedik\u00e7e girdab\u0131na kap\u0131ld\u0131\u011f\u0131 bir hik\u00e2yenin i\u00e7inde bulur kendini; roman\u0131n\u0131n dahi \u00f6n\u00fcne ge\u00e7en bir hik\u00e2yenin\u2026 1950\u2019lerin \u0130stanbul\u2019unda \u00fcnl\u00fc \u015fapkac\u0131 Madam Marin, \u00e7\u0131ra\u011f\u0131 Ruhi Sezer ve g\u00fczeller g\u00fczeli Ruhan. Alin Aky\u00fcz\u2019\u00fcn yazmaya ve hayata ili\u015fkin sorular\u0131na, bir defterin do\u011furdu\u011fu yeni hayat hik\u00e2yeleri ve Ruhi Sezer\u2019in \u2018kutsal a\u015fk\u2019\u0131 e\u015flik eder. Bu ikinci roman\u0131yla \u00d6zlem Narin Y\u0131lmaz, g\u00f6r\u00fcnen ile \u00f6z\u00fcn, ger\u00e7ek ile s\u0131rr\u0131n yolculu\u011funa \u00e7\u0131kar\u0131yor okurlar\u0131n\u0131&#8230; <\/p>\n","protected":false},"excerpt":{"rendered":"<p>Renan\u2019a \u00e2\u015f\u0131k olabilmeyi, onunla g\u00fczel, dolu dolu bir hayat ya\u015fayabilmeyi hayal ettim. Uzan\u0131p masada bo\u015f duran elini tutmak, a\u011flama ben var\u0131m, diyebilmek istedim ama elimi kolumu<span class=\"excerpt-hellip\"> [\u2026]<\/span><\/p>\n","protected":false},"featured_media":0,"template":"","meta":{"_monsterinsights_skip_tracking":false,"_monsterinsights_sitenote_active":false,"_monsterinsights_sitenote_note":"","_monsterinsights_sitenote_category":0},"product_brand":[],"product_cat":[12291,12711],"product_tag":[],"class_list":{"0":"post-711704","1":"product","2":"type-product","3":"status-publish","5":"product_cat-edebiyat","6":"product_cat-roman-oyku","7":"pa_cilt-ciltsiz","8":"pa_tur-kitap","9":"pa_yayinevi-ayrinti-yayinlari","10":"pa_yazar-ozlem-narin-yilmaz","12":"first","13":"instock","14":"sale","15":"shipping-taxable","16":"purchasable","17":"product-type-simple"},"_links":{"self":[{"href":"https:\/\/roveyayinevi.com.tr\/index.php\/wp-json\/wp\/v2\/product\/711704","targetHints":{"allow":["GET"]}}],"collection":[{"href":"https:\/\/roveyayinevi.com.tr\/index.php\/wp-json\/wp\/v2\/product"}],"about":[{"href":"https:\/\/roveyayinevi.com.tr\/index.php\/wp-json\/wp\/v2\/types\/product"}],"wp:attachment":[{"href":"https:\/\/roveyayinevi.com.tr\/index.php\/wp-json\/wp\/v2\/media?parent=711704"}],"wp:term":[{"taxonomy":"product_brand","embeddable":true,"href":"https:\/\/roveyayinevi.com.tr\/index.php\/wp-json\/wp\/v2\/product_brand?post=711704"},{"taxonomy":"product_cat","embeddable":true,"href":"https:\/\/roveyayinevi.com.tr\/index.php\/wp-json\/wp\/v2\/product_cat?post=711704"},{"taxonomy":"product_tag","embeddable":true,"href":"https:\/\/roveyayinevi.com.tr\/index.php\/wp-json\/wp\/v2\/product_tag?post=711704"}],"curies":[{"name":"wp","href":"https:\/\/api.w.org\/{rel}","templated":true}]}}