{"id":711703,"date":"2025-08-27T16:48:35","date_gmt":"2025-08-27T13:48:35","guid":{"rendered":"https:\/\/roveyayinevi.com.tr\/index.php\/urun\/umut-hep-var\/"},"modified":"2026-04-16T02:20:29","modified_gmt":"2026-04-15T23:20:29","slug":"umut-hep-var","status":"publish","type":"product","link":"https:\/\/roveyayinevi.com.tr\/index.php\/urun\/umut-hep-var\/","title":{"rendered":"Umut Hep Var"},"content":{"rendered":"<p>Gazeteci-yazar Makbule Cengiz, CHP Lideri Kemal K\u0131l\u0131\u00e7daro\u011flu\u2019yla ger\u00e7ekle\u015ftirdi\u011fi s\u00f6yle\u015fide, Adalet Y\u00fcr\u00fcy\u00fc\u015f\u00fc\u2019n\u00fcn \u00f6ncesine ve sonras\u0131na dair yan\u0131tlar al\u0131rken, bir siyaset adam\u0131n\u0131n portresini de ortaya koyuyor. K\u0131l\u0131\u00e7daro\u011flu\u2019na dair pek \u00e7ok \u201cbilinmeyen\u201di i\u00e7eren Umut Hep Var, bir yol hik\u00e2yesinden biyografik yolculu\u011fa uzanan a\u00e7\u0131k s\u00f6zl\u00fc, s\u0131cak, samimi bir s\u00f6yle\u015fi. \u2022 Adalet Y\u00fcr\u00fcy\u00fc\u015f\u00fc, nas\u0131l ba\u015flad\u0131, nas\u0131l s\u00fcrd\u00fc, nas\u0131l bitti?\u2022 Y\u00fcr\u00fcy\u00fc\u015f, 2019 liderini yaratacak m\u0131? CHP\u2019nin 2019 stratejisi ne?\u2022 \u00d6zel ya\u015fam\u0131yla, evlat, e\u015f ve baba olarak K\u0131l\u0131\u00e7daro\u011flu\u2026\u2022 \u00c7ocuklu\u011fu, gen\u00e7li\u011fi, \u00fcniversite y\u0131llar\u0131yla bir siyasi liderin do\u011fu\u015fu\u2026\u2022 B\u00fcrokratik ya\u015fam\u0131n\u0131n ayr\u0131nt\u0131lar\u0131 ve yolsuzlukla m\u00fccadelesi\u2026\u2022 K\u0131l\u0131\u00e7daro\u011flu ve Erdo\u011fan, tez ve antitez mi?\u2022 F ethullah G\u00fc len, FE*T\u00d6 ve 15 Temmuz hakk\u0131ndaki d\u00fc\u015f\u00fcnceleri\u2026 \u201cUmut hep var, her zaman var. T\u00fcrkiye \u00e7ok g\u00fc\u00e7l\u00fc bir \u00fclke. Gazi\u2019nin gen\u00e7leri, \u00fclkeyi \u00e7a\u011fda\u015f uygarl\u0131\u011f\u0131n \u00f6tesine ta\u015f\u0131mak zorunda. Hi\u00e7bir gen\u00e7 asla unutmamal\u0131, Atat\u00fcrk T\u00fcrkiye Cumhuriyeti\u2019ni gen\u00e7lere emanet etti. Bu emaneti korumak ve y\u00fcceltmek de onlar\u0131n g\u00f6revi. Gen\u00e7ler Mustafa Kemal Atat\u00fcrk\u2019\u00fcn Bursa Nutku\u2019nu unutmamal\u0131lar\u2026\u201dKemal K\u0131l\u0131\u00e7daro\u011flu <\/p>\n","protected":false},"excerpt":{"rendered":"<p>Gazeteci-yazar Makbule Cengiz, CHP Lideri Kemal K\u0131l\u0131\u00e7daro\u011flu\u2019yla ger\u00e7ekle\u015ftirdi\u011fi s\u00f6yle\u015fide, Adalet Y\u00fcr\u00fcy\u00fc\u015f\u00fc\u2019n\u00fcn \u00f6ncesine ve sonras\u0131na dair yan\u0131tlar al\u0131rken, bir siyaset adam\u0131n\u0131n portresini de ortaya koyuyor. K\u0131l\u0131\u00e7daro\u011flu\u2019na dair<span class=\"excerpt-hellip\"> [\u2026]<\/span><\/p>\n","protected":false},"featured_media":0,"template":"","meta":{"_monsterinsights_skip_tracking":false,"_monsterinsights_sitenote_active":false,"_monsterinsights_sitenote_note":"","_monsterinsights_sitenote_category":0},"product_brand":[],"product_cat":[12364,12826],"product_tag":[],"class_list":{"0":"post-711703","1":"product","2":"type-product","3":"status-publish","5":"product_cat-genel-konular","6":"product_cat-soylesi","7":"pa_cilt-ciltsiz","8":"pa_tur-kitap","9":"pa_yayinevi-kirmizi-kedi-yayinevi","10":"pa_yazar-makbule-cengiz","12":"first","13":"instock","14":"sale","15":"shipping-taxable","16":"purchasable","17":"product-type-simple"},"_links":{"self":[{"href":"https:\/\/roveyayinevi.com.tr\/index.php\/wp-json\/wp\/v2\/product\/711703","targetHints":{"allow":["GET"]}}],"collection":[{"href":"https:\/\/roveyayinevi.com.tr\/index.php\/wp-json\/wp\/v2\/product"}],"about":[{"href":"https:\/\/roveyayinevi.com.tr\/index.php\/wp-json\/wp\/v2\/types\/product"}],"wp:attachment":[{"href":"https:\/\/roveyayinevi.com.tr\/index.php\/wp-json\/wp\/v2\/media?parent=711703"}],"wp:term":[{"taxonomy":"product_brand","embeddable":true,"href":"https:\/\/roveyayinevi.com.tr\/index.php\/wp-json\/wp\/v2\/product_brand?post=711703"},{"taxonomy":"product_cat","embeddable":true,"href":"https:\/\/roveyayinevi.com.tr\/index.php\/wp-json\/wp\/v2\/product_cat?post=711703"},{"taxonomy":"product_tag","embeddable":true,"href":"https:\/\/roveyayinevi.com.tr\/index.php\/wp-json\/wp\/v2\/product_tag?post=711703"}],"curies":[{"name":"wp","href":"https:\/\/api.w.org\/{rel}","templated":true}]}}