{"id":711702,"date":"2025-08-27T16:48:35","date_gmt":"2025-08-27T13:48:35","guid":{"rendered":"https:\/\/roveyayinevi.com.tr\/index.php\/urun\/sorunlu-okul-cocugu-2\/"},"modified":"2026-04-16T02:20:29","modified_gmt":"2026-04-15T23:20:29","slug":"sorunlu-okul-cocugu-2","status":"publish","type":"product","link":"https:\/\/roveyayinevi.com.tr\/index.php\/urun\/sorunlu-okul-cocugu-2\/","title":{"rendered":"Sorunlu Okul \u00c7ocu\u011fu"},"content":{"rendered":"<p>Sorunlu Okul \u00c7ocu\u011fu, bireysel psikoloji ekol\u00fcn\u00fcn kurucusu ve psikoloji biliminin en \u00f6nemli isimlerinden biri olan Alfred Adler\u2019in \u00e7ocuklar\u0131n\u0131n tutum ve davran\u0131\u015flar\u0131ndan mustarip ebeveynlerin yo\u011fun talepleri do\u011frultusunda ba\u015flatt\u0131\u011f\u0131 dan\u0131\u015fma oturumlar\u0131n\u0131 \u00f6zetlemektedir. Okul y\u0131llar\u0131nda ya\u015fanan ba\u015far\u0131s\u0131zl\u0131k, okula gitmek istememe, anlamada zorluk, uyumsuzluk, ge\u00e7imsizlik gibi sorunlar\u0131n yan\u0131 s\u0131ra alt\u0131n\u0131 \u0131slatma, \u015f\u0131mar\u0131kl\u0131k, yalanc\u0131l\u0131k gibi \u00e7ocukluk d\u00f6neminden yeti\u015fkinli\u011fe dek ya\u015fanan daha temel sorunlar\u0131 teker teker ele alan, vaka \u00f6rnekleriyle zenginle\u015ftirilmi\u015f bu \u00e7al\u0131\u015fma, insanl\u0131\u011f\u0131n her d\u00f6nemindeki ortak sorunlara de\u011finmesi bak\u0131m\u0131ndan bug\u00fcn de g\u00fcncel ve \u00f6nemlidir.   C\u0131l\u0131z bir b\u00fcnyeyle do\u011fan kimi \u00e7ocuklar d\u00fcnyaya bir \u00e7ilehane g\u00f6z\u00fcyle bakarlar ve \u00e7ocuklarda pek takdir etti\u011fimiz o geli\u015fim k\u0131vanc\u0131n\u0131 g\u00f6steremezler. A\u015f\u0131r\u0131 a\u011f\u0131rl\u0131k alt\u0131nda ezilen, kendi v\u00fccutlar\u0131n\u0131 bir y\u00fck gibi omuzlar\u0131nda hisseden ve ya\u015fama eza verici bir nesne g\u00f6z\u00fcyle bakan b\u00f6ylesi \u00e7ocuklar\u0131n, ba\u015fkalar\u0131ndan \u00e7ok kendileriyle ilgilenmelerinin bizim i\u00e7in anla\u015f\u0131lmayacak yan\u0131 yoktur. Kimi bencil \u00f6zellikler, toplumsall\u0131k duygusunun geli\u015fimine sekte vurur. Baz\u0131 \u00e7ocuklar da vard\u0131r, \u015f\u0131mar\u0131k b\u00fcy\u00fct\u00fclm\u00fc\u015flerdir, hayata g\u00f6zlerini a\u00e7t\u0131klar\u0131 andan ba\u015flayarak yaln\u0131z bir tek ki\u015fiye ilgi duyar ve onun taraf\u0131ndan desteklenmek isterler. 4 ya da 5 ya\u015f\u0131nda ya\u015fam \u00fcsluplar\u0131 bir kez olu\u015ftu mu, art\u0131k bu \u00fcslupta k\u00f6kl\u00fc bir de\u011fi\u015fikli\u011fe gidemezler; t\u00fcm ya\u015fant\u0131lar\u0131 bu ya\u015fam \u00fcslubuyla \u00f6z\u00fcmler, bu ya\u015fam \u00fcslubunun g\u00f6zleriyle d\u00fcnyaya bakarlar. Ba\u015fkalar\u0131 taraf\u0131ndan desteklenmeyi \u00f6ng\u00f6ren bir hayat g\u00f6r\u00fc\u015fleri vard\u0131r; hemencecik ba\u015far\u0131ya ula\u015fmak ister, bu konuda \u00e7aba harcamalar\u0131 gerekti\u011fi zaman yenilgiye u\u011frarlar. <\/p>\n","protected":false},"excerpt":{"rendered":"<p>Sorunlu Okul \u00c7ocu\u011fu, bireysel psikoloji ekol\u00fcn\u00fcn kurucusu ve psikoloji biliminin en \u00f6nemli isimlerinden biri olan Alfred Adler\u2019in \u00e7ocuklar\u0131n\u0131n tutum ve davran\u0131\u015flar\u0131ndan mustarip ebeveynlerin yo\u011fun talepleri do\u011frultusunda<span class=\"excerpt-hellip\"> [\u2026]<\/span><\/p>\n","protected":false},"featured_media":0,"template":"","meta":{"_monsterinsights_skip_tracking":false,"_monsterinsights_sitenote_active":false,"_monsterinsights_sitenote_note":"","_monsterinsights_sitenote_category":0},"product_brand":[],"product_cat":[12679,12357],"product_tag":[],"class_list":{"0":"post-711702","1":"product","2":"type-product","3":"status-publish","5":"product_cat-cocuk-psikolojisi","6":"product_cat-psikoloji","7":"pa_cilt-ciltsiz","8":"pa_tur-kitap","9":"pa_yayinevi-say-yayinlari","10":"pa_yazar-alfred-adler","12":"first","13":"instock","14":"sale","15":"shipping-taxable","16":"purchasable","17":"product-type-simple"},"_links":{"self":[{"href":"https:\/\/roveyayinevi.com.tr\/index.php\/wp-json\/wp\/v2\/product\/711702","targetHints":{"allow":["GET"]}}],"collection":[{"href":"https:\/\/roveyayinevi.com.tr\/index.php\/wp-json\/wp\/v2\/product"}],"about":[{"href":"https:\/\/roveyayinevi.com.tr\/index.php\/wp-json\/wp\/v2\/types\/product"}],"wp:attachment":[{"href":"https:\/\/roveyayinevi.com.tr\/index.php\/wp-json\/wp\/v2\/media?parent=711702"}],"wp:term":[{"taxonomy":"product_brand","embeddable":true,"href":"https:\/\/roveyayinevi.com.tr\/index.php\/wp-json\/wp\/v2\/product_brand?post=711702"},{"taxonomy":"product_cat","embeddable":true,"href":"https:\/\/roveyayinevi.com.tr\/index.php\/wp-json\/wp\/v2\/product_cat?post=711702"},{"taxonomy":"product_tag","embeddable":true,"href":"https:\/\/roveyayinevi.com.tr\/index.php\/wp-json\/wp\/v2\/product_tag?post=711702"}],"curies":[{"name":"wp","href":"https:\/\/api.w.org\/{rel}","templated":true}]}}