{"id":711700,"date":"2025-08-27T16:48:33","date_gmt":"2025-08-27T13:48:33","guid":{"rendered":"https:\/\/roveyayinevi.com.tr\/index.php\/urun\/cocuk-ve-siir\/"},"modified":"2026-04-16T02:20:29","modified_gmt":"2026-04-15T23:20:29","slug":"cocuk-ve-siir","status":"publish","type":"product","link":"https:\/\/roveyayinevi.com.tr\/index.php\/urun\/cocuk-ve-siir\/","title":{"rendered":"\u00c7ocuk ve \u015eiir"},"content":{"rendered":"<p>\u201c\u00c7ocuk ve \u015eiir\u201d,  birbirinden ba\u011f\u0131ms\u0131z \u00fc\u00e7 ayr\u0131 kitaptan olu\u015fuyor. \u0130lki \u201cG\u00fcl Sa\u011fana\u011f\u0131\u201d, ikincisi bu kitaba da ad\u0131n\u0131 veren ve 1978 y\u0131l\u0131nda T\u00fcrk Dil Kurumu \u00c7ocuk Yaz\u0131n\u0131 \u00d6d\u00fcl\u00fc\u2019n\u00fc kazanan \u201c\u00c7ocuk ve \u015eiir\u201d, \u00fc\u00e7\u00fcnc\u00fcs\u00fc \u201cB\u00fcy\u00fcy\u00fcnce\u201d. \u015eiirlerin hepsi \u2013sonuncu kitaba bu bask\u0131da eklenmi\u015f birka\u00e7\u0131 hari\u00e7\u2013 ayn\u0131 d\u00f6nemde yaz\u0131lm\u0131\u015f. \u0130smail Uyaro\u011flu\u2019nun b\u00fct\u00fcn \u00e7ocuk \u015fiirlerini bir araya getiren bu kitab\u0131n, \u00e7ocuklara \u015fiiri sevdirmede katk\u0131s\u0131 olaca\u011f\u0131na inan\u0131yoruz. <\/p>\n","protected":false},"excerpt":{"rendered":"<p>\u201c\u00c7ocuk ve \u015eiir\u201d, birbirinden ba\u011f\u0131ms\u0131z \u00fc\u00e7 ayr\u0131 kitaptan olu\u015fuyor. \u0130lki \u201cG\u00fcl Sa\u011fana\u011f\u0131\u201d, ikincisi bu kitaba da ad\u0131n\u0131 veren ve 1978 y\u0131l\u0131nda T\u00fcrk Dil Kurumu \u00c7ocuk Yaz\u0131n\u0131<span class=\"excerpt-hellip\"> [\u2026]<\/span><\/p>\n","protected":false},"featured_media":0,"template":"","meta":{"_monsterinsights_skip_tracking":false,"_monsterinsights_sitenote_active":false,"_monsterinsights_sitenote_note":"","_monsterinsights_sitenote_category":0},"product_brand":[],"product_cat":[12274,12631],"product_tag":[],"class_list":{"0":"post-711700","1":"product","2":"type-product","3":"status-publish","5":"product_cat-cocuk-ve-genclik-kitaplari","6":"product_cat-diger-cocuk-ve-genclik-kitaplari","7":"pa_cilt-ciltsiz","8":"pa_tur-kitap","9":"pa_yayinevi-say-yayinlari","10":"pa_yazar-ismail-uyaroglu","12":"first","13":"instock","14":"sale","15":"shipping-taxable","16":"purchasable","17":"product-type-simple"},"_links":{"self":[{"href":"https:\/\/roveyayinevi.com.tr\/index.php\/wp-json\/wp\/v2\/product\/711700","targetHints":{"allow":["GET"]}}],"collection":[{"href":"https:\/\/roveyayinevi.com.tr\/index.php\/wp-json\/wp\/v2\/product"}],"about":[{"href":"https:\/\/roveyayinevi.com.tr\/index.php\/wp-json\/wp\/v2\/types\/product"}],"wp:attachment":[{"href":"https:\/\/roveyayinevi.com.tr\/index.php\/wp-json\/wp\/v2\/media?parent=711700"}],"wp:term":[{"taxonomy":"product_brand","embeddable":true,"href":"https:\/\/roveyayinevi.com.tr\/index.php\/wp-json\/wp\/v2\/product_brand?post=711700"},{"taxonomy":"product_cat","embeddable":true,"href":"https:\/\/roveyayinevi.com.tr\/index.php\/wp-json\/wp\/v2\/product_cat?post=711700"},{"taxonomy":"product_tag","embeddable":true,"href":"https:\/\/roveyayinevi.com.tr\/index.php\/wp-json\/wp\/v2\/product_tag?post=711700"}],"curies":[{"name":"wp","href":"https:\/\/api.w.org\/{rel}","templated":true}]}}