{"id":711699,"date":"2025-08-27T16:48:33","date_gmt":"2025-08-27T13:48:33","guid":{"rendered":"https:\/\/roveyayinevi.com.tr\/index.php\/urun\/azerbaycanda-rus-kilisesi-ve-rusculuk-faaliyetleri-1828-1905\/"},"modified":"2026-04-16T02:20:29","modified_gmt":"2026-04-15T23:20:29","slug":"azerbaycanda-rus-kilisesi-ve-rusculuk-faaliyetleri-1828-1905","status":"publish","type":"product","link":"https:\/\/roveyayinevi.com.tr\/index.php\/urun\/azerbaycanda-rus-kilisesi-ve-rusculuk-faaliyetleri-1828-1905\/","title":{"rendered":"Azerbaycan&#8217;da Rus Kilisesi ve Rus\u00e7uluk Faaliyetleri (1828-1905)"},"content":{"rendered":"<p>Telman Nusreto\u011flu, 1828 y\u0131l\u0131nda ikinci Rus-\u0130ran Sava\u015f\u0131 akabinde imzalanan T\u00fcrkmen\u00e7ay Antla\u015fmas\u0131\u2019ndan, 1905 Bak\u00fc Ortodoks Piskoposlu\u011fu\u2019nun kuruldu\u011fu tarihe kadar olan d\u00f6nemde, Rus \u00c7arl\u0131\u011f\u0131\u2019n\u0131n ve Rus Ortodoks Kilisesi\u2019nin \u00e7e\u015fitli y\u00f6netim birimleri, misyoner okullar\u0131 ve cemiyetler vas\u0131tas\u0131yla Azerbaycan\u2019\u0131 Ortodoksla\u015ft\u0131rma ve Rusla\u015ft\u0131rma faaliyetlerini ele ald\u0131\u011f\u0131 bu \u00e7al\u0131\u015fmas\u0131yla, Kuzey Azerbaycan\u2019\u0131 i\u015fgal eden Rusya\u2019n\u0131n, b\u00f6lgenin tarih\u00ee, din\u00ee ve demografik yap\u0131s\u0131n\u0131 d\u00f6n\u00fc\u015ft\u00fcrmek \u00fczere giri\u015fti\u011fi m\u00fcstemlekeci asimilasyon politikalar\u0131n\u0131 Moskova, St. Petersburg, Tiflis ve Bak\u00fc\u2019de yay\u0131nlanan birincil kaynaklara ve ar\u015fiv belgelerine dayanarak ortaya koymu\u015ftur. \u00c7al\u0131\u015fma, XIX. as\u0131r boyunca tarih\u00ee T\u00fcrk topraklar\u0131 \u00fczerinde siyas\u00ee hakimiyetini peki\u015ftirmek maksad\u0131yla b\u00f6lgenin din\u00ee ve mill\u00ee birikimini yok sayarak \u00e7arp\u0131tan Rus emperyalizminin sistemli n\u00fcfuz kurma gayretlerini net bir \u015fekilde g\u00f6rmemizi sa\u011flamak d\u0131\u015f\u0131nda, bu giri\u015fimin farkl\u0131 cephelerini a\u00e7\u0131klayacak ara\u015ft\u0131rmalara da \u0131\u015f\u0131k tutacak nitelikte ve \u00f6zg\u00fcnl\u00fcktedir. \ufffcTan\u0131t\u0131m Metni<\/p>\n","protected":false},"excerpt":{"rendered":"<p>Telman Nusreto\u011flu, 1828 y\u0131l\u0131nda ikinci Rus-\u0130ran Sava\u015f\u0131 akabinde imzalanan T\u00fcrkmen\u00e7ay Antla\u015fmas\u0131\u2019ndan, 1905 Bak\u00fc Ortodoks Piskoposlu\u011fu\u2019nun kuruldu\u011fu tarihe kadar olan d\u00f6nemde, Rus \u00c7arl\u0131\u011f\u0131\u2019n\u0131n ve Rus Ortodoks Kilisesi\u2019nin<span class=\"excerpt-hellip\"> [\u2026]<\/span><\/p>\n","protected":false},"featured_media":0,"template":"","meta":{"_monsterinsights_skip_tracking":false,"_monsterinsights_sitenote_active":false,"_monsterinsights_sitenote_note":"","_monsterinsights_sitenote_category":0},"product_brand":[],"product_cat":[12305,12304],"product_tag":[],"class_list":{"0":"post-711699","1":"product","2":"type-product","3":"status-publish","5":"product_cat-dunya-tarihi","6":"product_cat-tarih","7":"pa_cilt-ciltsiz","8":"pa_tur-kitap","9":"pa_yayinevi-otuken-nesriyat","10":"pa_yazar-telman-nusretoglu","12":"first","13":"instock","14":"sale","15":"shipping-taxable","16":"purchasable","17":"product-type-simple"},"_links":{"self":[{"href":"https:\/\/roveyayinevi.com.tr\/index.php\/wp-json\/wp\/v2\/product\/711699","targetHints":{"allow":["GET"]}}],"collection":[{"href":"https:\/\/roveyayinevi.com.tr\/index.php\/wp-json\/wp\/v2\/product"}],"about":[{"href":"https:\/\/roveyayinevi.com.tr\/index.php\/wp-json\/wp\/v2\/types\/product"}],"wp:attachment":[{"href":"https:\/\/roveyayinevi.com.tr\/index.php\/wp-json\/wp\/v2\/media?parent=711699"}],"wp:term":[{"taxonomy":"product_brand","embeddable":true,"href":"https:\/\/roveyayinevi.com.tr\/index.php\/wp-json\/wp\/v2\/product_brand?post=711699"},{"taxonomy":"product_cat","embeddable":true,"href":"https:\/\/roveyayinevi.com.tr\/index.php\/wp-json\/wp\/v2\/product_cat?post=711699"},{"taxonomy":"product_tag","embeddable":true,"href":"https:\/\/roveyayinevi.com.tr\/index.php\/wp-json\/wp\/v2\/product_tag?post=711699"}],"curies":[{"name":"wp","href":"https:\/\/api.w.org\/{rel}","templated":true}]}}