{"id":711686,"date":"2025-08-27T16:48:25","date_gmt":"2025-08-27T13:48:25","guid":{"rendered":"https:\/\/roveyayinevi.com.tr\/index.php\/urun\/kuzey-ve-orta-afrika-alternatif-bir-gezi-rehberi\/"},"modified":"2026-04-16T02:20:29","modified_gmt":"2026-04-15T23:20:29","slug":"kuzey-ve-orta-afrika-alternatif-bir-gezi-rehberi","status":"publish","type":"product","link":"https:\/\/roveyayinevi.com.tr\/index.php\/urun\/kuzey-ve-orta-afrika-alternatif-bir-gezi-rehberi\/","title":{"rendered":"Kuzey ve Orta Afrika \u2013 Alternatif Bir Gezi Rehberi"},"content":{"rendered":"<p>Gezgin Okan Okumu\u015f, Kuzey ve Orta Afrika &#8211; Alternatif Bir Gezi Rehberi\u2019yle Ye\u015fil Burun Adalar\u0131, Etiyopya, Fas, Senegal, Tanzanya, Ruanda, Uganda, Kenya ve M\u0131s\u0131r\u2019daki yol deneyimlerini, turizm end\u00fcstrisinden ba\u011f\u0131ms\u0131z bi\u00e7imde seyahat etmeye ilgi duyan okurlar\u0131yla payla\u015f\u0131yor.   Okan Okumu\u015f\u2019un s\u0131rt \u00e7antas\u0131yla yapt\u0131\u011f\u0131 gezileri ak\u0131c\u0131 \u00fcslubuyla anlatt\u0131\u011f\u0131 S\u0131n\u0131rlar\u0131 Kald\u0131rd\u0131m dizisinin \u00fc\u00e7\u00fcnc\u00fc kitab\u0131 Kuzey ve Orta Afrika\u2019da unutulmaz yerel lezzetlerle tan\u0131\u015facak, vah\u015fi do\u011fada maceralara at\u0131lacak, farkl\u0131 k\u00fclt\u00fcrden pek \u00e7ok insana merhaba diyecek, yerel rit\u00fcellere kat\u0131lacak ve bu \u00fclkelerdeki g\u00fcndelik ya\u015fama oldu\u011fu kadar ilgin\u00e7, \u00e7arp\u0131c\u0131 tarihi olaylara da tan\u0131kl\u0131k edeceksiniz.   Yazarla birlikte binip yolculuk edece\u011finiz sept-place\u2019lar, boda-boda\u2019lar ve tuk tuk\u2019larla bazen enerjik metropollerin ke\u015fmeke\u015fine tak\u0131lacak bazen de tek bir turist bile g\u00f6rmeden g\u00fcnlerin ge\u00e7ece\u011fi, hen\u00fcz kitle turizmine yenik d\u00fc\u015fmemi\u015f dingin cennetlere u\u011frayacaks\u0131n\u0131z.   S\u0131n\u0131rlar\u0131 Kald\u0131rd\u0131m dizisi Madagaskar, G\u00fcney Afrika Cumhuriyeti, Lesotho, Mozambik, Malavi, Botsvana, Zimbabve ve Namibya\u2019y\u0131 i\u00e7ine alan G\u00fcney Afrika kitab\u0131yla devam edecek. <\/p>\n","protected":false},"excerpt":{"rendered":"<p>Gezgin Okan Okumu\u015f, Kuzey ve Orta Afrika &#8211; Alternatif Bir Gezi Rehberi\u2019yle Ye\u015fil Burun Adalar\u0131, Etiyopya, Fas, Senegal, Tanzanya, Ruanda, Uganda, Kenya ve M\u0131s\u0131r\u2019daki yol deneyimlerini,<span class=\"excerpt-hellip\"> [\u2026]<\/span><\/p>\n","protected":false},"featured_media":0,"template":"","meta":{"_monsterinsights_skip_tracking":false,"_monsterinsights_sitenote_active":false,"_monsterinsights_sitenote_note":"","_monsterinsights_sitenote_category":0},"product_brand":[],"product_cat":[13055,13054],"product_tag":[],"class_list":{"0":"post-711686","1":"product","2":"type-product","3":"status-publish","5":"product_cat-gezi-rehberi","6":"product_cat-gezi-ve-rehber-kitaplari","7":"pa_cilt-ciltsiz","8":"pa_tur-kitap","9":"pa_yayinevi-kolektif-kitap","10":"pa_yazar-okan-okumus","12":"first","13":"instock","14":"sale","15":"shipping-taxable","16":"purchasable","17":"product-type-simple"},"_links":{"self":[{"href":"https:\/\/roveyayinevi.com.tr\/index.php\/wp-json\/wp\/v2\/product\/711686","targetHints":{"allow":["GET"]}}],"collection":[{"href":"https:\/\/roveyayinevi.com.tr\/index.php\/wp-json\/wp\/v2\/product"}],"about":[{"href":"https:\/\/roveyayinevi.com.tr\/index.php\/wp-json\/wp\/v2\/types\/product"}],"wp:attachment":[{"href":"https:\/\/roveyayinevi.com.tr\/index.php\/wp-json\/wp\/v2\/media?parent=711686"}],"wp:term":[{"taxonomy":"product_brand","embeddable":true,"href":"https:\/\/roveyayinevi.com.tr\/index.php\/wp-json\/wp\/v2\/product_brand?post=711686"},{"taxonomy":"product_cat","embeddable":true,"href":"https:\/\/roveyayinevi.com.tr\/index.php\/wp-json\/wp\/v2\/product_cat?post=711686"},{"taxonomy":"product_tag","embeddable":true,"href":"https:\/\/roveyayinevi.com.tr\/index.php\/wp-json\/wp\/v2\/product_tag?post=711686"}],"curies":[{"name":"wp","href":"https:\/\/api.w.org\/{rel}","templated":true}]}}