{"id":711685,"date":"2025-08-27T16:48:25","date_gmt":"2025-08-27T13:48:25","guid":{"rendered":"https:\/\/roveyayinevi.com.tr\/index.php\/urun\/hava-nasil-tarih-yazar-antikcagdan-gunumuze-iklim-degisiklikleri-ve-felaketler\/"},"modified":"2026-04-16T02:20:29","modified_gmt":"2026-04-15T23:20:29","slug":"hava-nasil-tarih-yazar-antikcagdan-gunumuze-iklim-degisiklikleri-ve-felaketler","status":"publish","type":"product","link":"https:\/\/roveyayinevi.com.tr\/index.php\/urun\/hava-nasil-tarih-yazar-antikcagdan-gunumuze-iklim-degisiklikleri-ve-felaketler\/","title":{"rendered":"Hava Nas\u0131l Tarih Yazar &#8211; Antik\u00e7a\u011fdan G\u00fcn\u00fcm\u00fcze \u0130klim De\u011fi\u015fiklikleri ve Felaketler"},"content":{"rendered":"<p>\u0130klim, tarihi nas\u0131l \u015fekillendirdi? Co\u011frafya kader mi? \u2022             D\u00fcnyan\u0131n kaderini de\u011fi\u015ftiren iklim de\u011fi\u015fikliklerinin ard\u0131nda ne yat\u0131yordu? \u2022             Roma\u2019n\u0131n bir d\u00fcnya imparatorlu\u011funa d\u00f6n\u00fc\u015fmesini sa\u011flayan neydi? \u2022             Amerika k\u0131tas\u0131 Colomb\u2019dan \u00f6nce nas\u0131l ke\u015ffedildi? \u2022             Maya k\u00fclt\u00fcr\u00fc neden bir anda yery\u00fcz\u00fcnden silindi? \u2022             \u0130klim, devrimlere nas\u0131l zemin haz\u0131rlad\u0131? \u2022             Napol\u00e9on Ruslara boyun e\u011fdirebilir miydi? \u2022             Hitler\u2019in ordular\u0131 nas\u0131l ma\u011flup oldu? \u2022             20. y\u00fczy\u0131l\u0131n iklim felaketlerinin ard\u0131nda neler var?   Ronald D. Gerste\u2019n\u0131n hava \u015fartlar\u0131 ve iklimin tarihsel sonu\u00e7lar\u0131n\u0131 mercek alt\u0131na ald\u0131\u011f\u0131 \u00e7al\u0131\u015fmas\u0131 Hava Nas\u0131l Tarih Yazar, iklimin \u00e7ok say\u0131da de\u011fi\u015fkene ba\u011fl\u0131 dinamik yap\u0131s\u0131n\u0131 tarihsel k\u0131r\u0131lma anlar\u0131yla \u00f6rneklerken insan\u0131n do\u011fayla etkile\u015fiminin hava \u015fartlar\u0131 \u00fczerindeki bazen bir medeniyeti sona erdirebilecek kadar kritik sonu\u00e7lar\u0131na dikkat \u00e7ekiyor. \u0130klim tarihi verilerinden yola \u00e7\u0131karak iklim de\u011fi\u015fikliklerinin ne felaket senaryolar\u0131n\u0131n bahsetti\u011fi kadar insan merkezli ne de somut ger\u00e7ekli\u011fi ink\u00e2r edenlerin iddia etti\u011fi kadar insandan ba\u011f\u0131ms\u0131z oldu\u011funun alt\u0131n\u0131 \u00e7izerken, g\u00fcn\u00fcm\u00fczde iklim sorunlar\u0131na nas\u0131l yakla\u015fmam\u0131z gerekti\u011fine dair ak\u0131lc\u0131 bir \u00f6ng\u00f6r\u00fc sunuyor. <\/p>\n","protected":false},"excerpt":{"rendered":"<p>\u0130klim, tarihi nas\u0131l \u015fekillendirdi? Co\u011frafya kader mi? \u2022 D\u00fcnyan\u0131n kaderini de\u011fi\u015ftiren iklim de\u011fi\u015fikliklerinin ard\u0131nda ne yat\u0131yordu? \u2022 Roma\u2019n\u0131n bir d\u00fcnya imparatorlu\u011funa d\u00f6n\u00fc\u015fmesini sa\u011flayan neydi? \u2022 Amerika<span class=\"excerpt-hellip\"> [\u2026]<\/span><\/p>\n","protected":false},"featured_media":0,"template":"","meta":{"_monsterinsights_skip_tracking":false,"_monsterinsights_sitenote_active":false,"_monsterinsights_sitenote_note":"","_monsterinsights_sitenote_category":0},"product_brand":[],"product_cat":[12305,12304],"product_tag":[],"class_list":{"0":"post-711685","1":"product","2":"type-product","3":"status-publish","5":"product_cat-dunya-tarihi","6":"product_cat-tarih","7":"pa_cilt-ciltsiz","8":"pa_tur-kitap","9":"pa_yayinevi-kolektif-kitap","10":"pa_yazar-ronald-d-gerste","12":"first","13":"instock","14":"sale","15":"shipping-taxable","16":"purchasable","17":"product-type-simple"},"_links":{"self":[{"href":"https:\/\/roveyayinevi.com.tr\/index.php\/wp-json\/wp\/v2\/product\/711685","targetHints":{"allow":["GET"]}}],"collection":[{"href":"https:\/\/roveyayinevi.com.tr\/index.php\/wp-json\/wp\/v2\/product"}],"about":[{"href":"https:\/\/roveyayinevi.com.tr\/index.php\/wp-json\/wp\/v2\/types\/product"}],"wp:attachment":[{"href":"https:\/\/roveyayinevi.com.tr\/index.php\/wp-json\/wp\/v2\/media?parent=711685"}],"wp:term":[{"taxonomy":"product_brand","embeddable":true,"href":"https:\/\/roveyayinevi.com.tr\/index.php\/wp-json\/wp\/v2\/product_brand?post=711685"},{"taxonomy":"product_cat","embeddable":true,"href":"https:\/\/roveyayinevi.com.tr\/index.php\/wp-json\/wp\/v2\/product_cat?post=711685"},{"taxonomy":"product_tag","embeddable":true,"href":"https:\/\/roveyayinevi.com.tr\/index.php\/wp-json\/wp\/v2\/product_tag?post=711685"}],"curies":[{"name":"wp","href":"https:\/\/api.w.org\/{rel}","templated":true}]}}