{"id":711684,"date":"2025-08-27T16:48:24","date_gmt":"2025-08-27T13:48:24","guid":{"rendered":"https:\/\/roveyayinevi.com.tr\/index.php\/urun\/hitabet-guzel-ve-etkili-konusma-sanati\/"},"modified":"2025-09-17T22:37:26","modified_gmt":"2025-09-17T19:37:26","slug":"hitabet-guzel-ve-etkili-konusma-sanati","status":"publish","type":"product","link":"https:\/\/roveyayinevi.com.tr\/index.php\/urun\/hitabet-guzel-ve-etkili-konusma-sanati\/","title":{"rendered":"Hitabet G\u00fczel Ve Etkili Konu\u015fma Sanat\u0131"},"content":{"rendered":"<p>Ailenin, toplumun, milletin ve nihayetinde i\u00e7inde bulundu\u011fumuz d\u00fcnyan\u0131n bir ferdi olarak konu\u015fma ihtiyac\u0131 duydu\u011fumuz kadar, konu\u015fulanlar\u0131 anlama ihtiyac\u0131 duyar\u0131z. Hayat\u0131n bu denli \u00f6nemli ihtiyac\u0131n\u0131 yerine getirirken neyi, nerede, ne zaman ve nas\u0131l s\u00f6yleyece\u011fimizi bilmek, geli\u015fig\u00fczel bir davran\u0131\u015f de\u011fildir ve sonu\u00e7lar\u0131 itibariyle insan\u0131n toplumsal stat\u00fcs\u00fcn\u00fc ortaya koyan \u00f6nemli bir de\u011ferdir. Anlam\u0131\u015f, anlatabilmi\u015f ve anla\u015f\u0131lm\u0131\u015f olman\u0131n tarifsiz hazz\u0131n\u0131 bu de\u011fer sayesinde ya\u015far\u0131z.Konu\u015fmak, insan\u0131n bir mucizesidir. Bu mucizenin en g\u00fczel melodilerinden birisi olan g\u00fczel T\u00fcrk\u00e7emizi \u201cses bayra\u011f\u0131\u201d s\u0131fat\u0131na yak\u0131\u015f\u0131r bir \u015fekilde dalgaland\u0131rma ana fikri \u00fczerine kaleme al\u0131nan Hitabet G\u00fczel ve Etkili Konu\u015fma Sanat\u0131 kitab\u0131, konular\u0131n ele al\u0131n\u0131\u015f\u0131ndan al\u0131\u015ft\u0131rmalara ve \u00f6rneklendirmelere kadar uzun y\u0131llar\u0131n ara\u015ft\u0131rmalar\u0131na dayanan yetkin bir \u00e7al\u0131\u015fma olarak yerini al\u0131yor. K\u0131saca, \u201c\u00f6nce s\u00f6z vard\u0131\u201d ger\u00e7e\u011fini bizim dilimizle, bize yani kendimize anlat\u0131yor ve fark\u0131na varmam\u0131z\u0131 sa\u011fl\u0131yor. <\/p>\n","protected":false},"excerpt":{"rendered":"<p>Ailenin, toplumun, milletin ve nihayetinde i\u00e7inde bulundu\u011fumuz d\u00fcnyan\u0131n bir ferdi olarak konu\u015fma ihtiyac\u0131 duydu\u011fumuz kadar, konu\u015fulanlar\u0131 anlama ihtiyac\u0131 duyar\u0131z. Hayat\u0131n bu denli \u00f6nemli ihtiyac\u0131n\u0131 yerine getirirken<span class=\"excerpt-hellip\"> [\u2026]<\/span><\/p>\n","protected":false},"featured_media":0,"template":"","meta":{"_monsterinsights_skip_tracking":false,"_monsterinsights_sitenote_active":false,"_monsterinsights_sitenote_note":"","_monsterinsights_sitenote_category":0},"product_brand":[],"product_cat":[12364,12376],"product_tag":[],"class_list":{"0":"post-711684","1":"product","2":"type-product","3":"status-publish","5":"product_cat-genel-konular","6":"product_cat-kisisel-gelisim","7":"pa_cilt-ciltsiz","8":"pa_tur-kitap","9":"pa_yayinevi-altinordu-yayinlari","10":"pa_yazar-metin-ozdemir","12":"first","13":"instock","14":"sale","15":"shipping-taxable","16":"purchasable","17":"product-type-simple"},"_links":{"self":[{"href":"https:\/\/roveyayinevi.com.tr\/index.php\/wp-json\/wp\/v2\/product\/711684","targetHints":{"allow":["GET"]}}],"collection":[{"href":"https:\/\/roveyayinevi.com.tr\/index.php\/wp-json\/wp\/v2\/product"}],"about":[{"href":"https:\/\/roveyayinevi.com.tr\/index.php\/wp-json\/wp\/v2\/types\/product"}],"wp:attachment":[{"href":"https:\/\/roveyayinevi.com.tr\/index.php\/wp-json\/wp\/v2\/media?parent=711684"}],"wp:term":[{"taxonomy":"product_brand","embeddable":true,"href":"https:\/\/roveyayinevi.com.tr\/index.php\/wp-json\/wp\/v2\/product_brand?post=711684"},{"taxonomy":"product_cat","embeddable":true,"href":"https:\/\/roveyayinevi.com.tr\/index.php\/wp-json\/wp\/v2\/product_cat?post=711684"},{"taxonomy":"product_tag","embeddable":true,"href":"https:\/\/roveyayinevi.com.tr\/index.php\/wp-json\/wp\/v2\/product_tag?post=711684"}],"curies":[{"name":"wp","href":"https:\/\/api.w.org\/{rel}","templated":true}]}}