{"id":711680,"date":"2025-08-27T16:48:22","date_gmt":"2025-08-27T13:48:22","guid":{"rendered":"https:\/\/roveyayinevi.com.tr\/index.php\/urun\/olum-korkusunu-yenmek\/"},"modified":"2026-04-13T02:25:41","modified_gmt":"2026-04-12T23:25:41","slug":"olum-korkusunu-yenmek","status":"publish","type":"product","link":"https:\/\/roveyayinevi.com.tr\/index.php\/urun\/olum-korkusunu-yenmek\/","title":{"rendered":"\u00d6l\u00fcm Korkusunu Yenmek"},"content":{"rendered":"<p>\u201cBir \u015feyler oluyor\u2026 Ge\u00e7mi\u015fim durmadan akl\u0131ma geliyor\u2026 \u0130kili hayat\u0131m, gece ve g\u00fcnd\u00fcz, hepsi birbirine giriyor. Konu\u015fmam\u0131z gerek.\u201d  Yalom kalbi k\u0131r\u0131klar\u0131 iyile\u015ftiren bir psikiyatrist, Robert Berger ise kalp cerrah\u0131d\u0131r. T\u0131p fak\u00fcltesinde birlikte okuyan ve birbirlerini \u00e7ok seven iki arkada\u015f, mezuniyetlerinin ellinci y\u0131l d\u00f6n\u00fcm\u00fcnde Berger\u2019in iste\u011fi \u00fczerine sessiz bir k\u00f6\u015feye \u00e7ekilir. Farkl\u0131 ortamlarda yeti\u015fseler de Yahudi Soyk\u0131r\u0131m\u0131 onlar\u0131n y\u0131llard\u0131r konu\u015fmaktan ka\u00e7\u0131nd\u0131klar\u0131 ortak ge\u00e7mi\u015fleridir. Art\u0131k yetmi\u015flerinin sonlar\u0131na yakla\u015fan Yalom ve Berger i\u00e7in dile getirilmemi\u015f ac\u0131larla y\u00fczle\u015fme vakti gelmi\u015ftir.  Macaristan\u2019daki Yahudi Soyk\u0131r\u0131m\u0131\u2019ndan sahte Hristiyan kimli\u011fiyle sa\u011f \u00e7\u0131kan Berger, yak\u0131nlar\u0131n\u0131 kaybetmenin ve \u00f6ld\u00fcr\u00fclen insanlara yard\u0131m edememenin neden oldu\u011fu duygular\u0131 ya\u015fam\u0131 boyunca tehlikeyle i\u00e7 i\u00e7e ya\u015fayarak, onu kontrol alt\u0131nda tutmaya \u00e7al\u0131\u015farak ve kendini hayat kurtarmaya adayarak bast\u0131rm\u0131\u015ft\u0131r. Ancak i\u015f i\u00e7in gitti\u011fi Venezuela\u2019da burun buruna geldi\u011fi tehlike, ac\u0131lar\u0131n\u0131 tetikleyerek bir k\u00e2bus g\u00f6rmesine yol a\u00e7ar. \u0130ki yak\u0131n arkada\u015f\u0131n aras\u0131ndaki uzun sessizli\u011fin sonu da i\u015fte bu k\u00e2bus olmu\u015ftur.  Yalom, ya\u015fad\u0131\u011f\u0131n\u0131 hissetmek i\u00e7in sadece \u00e7arpan bir insan kalbini avu\u00e7lar\u0131nda tutmaya ihtiya\u00e7 duyan bir adam\u0131n an\u0131lar\u0131n\u0131 bizlerle payla\u015f\u0131yor. Yazar\u0131n ge\u00e7mi\u015fine de k\u0131sa bir bak\u0131\u015f niteli\u011finde olan \u00d6l\u00fcm Korkusunu Yenmek, bir bast\u0131rma, y\u00fczle\u015fme ve iyile\u015fme hik\u00e2yesi.    \u201cYalom nadir g\u00f6r\u00fclen bir kombinasyona sahip; hem bir sanat\u00e7\u0131 hem de co\u015fkulu bir bilim insan\u0131.\u201d -San Francisco Chronicle &#8211; <\/p>\n","protected":false},"excerpt":{"rendered":"<p>\u201cBir \u015feyler oluyor\u2026 Ge\u00e7mi\u015fim durmadan akl\u0131ma geliyor\u2026 \u0130kili hayat\u0131m, gece ve g\u00fcnd\u00fcz, hepsi birbirine giriyor. Konu\u015fmam\u0131z gerek.\u201d Yalom kalbi k\u0131r\u0131klar\u0131 iyile\u015ftiren bir psikiyatrist, Robert Berger ise<span class=\"excerpt-hellip\"> [\u2026]<\/span><\/p>\n","protected":false},"featured_media":0,"template":"","meta":{"_monsterinsights_skip_tracking":false,"_monsterinsights_sitenote_active":false,"_monsterinsights_sitenote_note":"","_monsterinsights_sitenote_category":0},"product_brand":[],"product_cat":[12358,12357],"product_tag":[],"class_list":{"0":"post-711680","1":"product","2":"type-product","3":"status-publish","5":"product_cat-genel-psikoloji","6":"product_cat-psikoloji","7":"pa_cilt-ciltsiz","8":"pa_tur-kitap","9":"pa_yayinevi-pegasus-yayinlari","10":"pa_yazar-irvin-d-yalom","12":"first","13":"instock","14":"sale","15":"shipping-taxable","16":"purchasable","17":"product-type-simple"},"_links":{"self":[{"href":"https:\/\/roveyayinevi.com.tr\/index.php\/wp-json\/wp\/v2\/product\/711680","targetHints":{"allow":["GET"]}}],"collection":[{"href":"https:\/\/roveyayinevi.com.tr\/index.php\/wp-json\/wp\/v2\/product"}],"about":[{"href":"https:\/\/roveyayinevi.com.tr\/index.php\/wp-json\/wp\/v2\/types\/product"}],"wp:attachment":[{"href":"https:\/\/roveyayinevi.com.tr\/index.php\/wp-json\/wp\/v2\/media?parent=711680"}],"wp:term":[{"taxonomy":"product_brand","embeddable":true,"href":"https:\/\/roveyayinevi.com.tr\/index.php\/wp-json\/wp\/v2\/product_brand?post=711680"},{"taxonomy":"product_cat","embeddable":true,"href":"https:\/\/roveyayinevi.com.tr\/index.php\/wp-json\/wp\/v2\/product_cat?post=711680"},{"taxonomy":"product_tag","embeddable":true,"href":"https:\/\/roveyayinevi.com.tr\/index.php\/wp-json\/wp\/v2\/product_tag?post=711680"}],"curies":[{"name":"wp","href":"https:\/\/api.w.org\/{rel}","templated":true}]}}