{"id":711679,"date":"2025-08-27T16:48:22","date_gmt":"2025-08-27T13:48:22","guid":{"rendered":"https:\/\/roveyayinevi.com.tr\/index.php\/urun\/gunese-bakmak-olumle-yuzlesmek\/"},"modified":"2026-04-16T02:20:29","modified_gmt":"2026-04-15T23:20:29","slug":"gunese-bakmak-olumle-yuzlesmek","status":"publish","type":"product","link":"https:\/\/roveyayinevi.com.tr\/index.php\/urun\/gunese-bakmak-olumle-yuzlesmek\/","title":{"rendered":"G\u00fcne\u015fe Bakmak-\u00d6l\u00fcmle Y\u00fczle\u015fmek"},"content":{"rendered":"<p>\u201cG\u00fcne\u015fin ya da \u00f6l\u00fcm\u00fcn y\u00fcz\u00fcne do\u011frudan bakamazs\u0131n\u0131z.\u201d  \u00d6l\u00fcm korkusu insanlar\u0131 hayvanlardan ay\u0131ran \u015feydir; her din, her k\u00fclt\u00fcr bu korkuyu yat\u0131\u015ft\u0131rmaya \u00e7al\u0131\u015fmaktad\u0131r. Yalom, ya\u015fad\u0131\u011f\u0131m\u0131z anksiyetelerin \u00e7o\u011funun \u00f6z\u00fcnde \u00f6l\u00fcm korkusunun yatt\u0131\u011f\u0131n\u0131 s\u00f6yl\u00fcyor. Bunu anlamam\u0131z ise genellikle bir \u201cuyanma deneyimi\u201d sayesinde ger\u00e7ekle\u015fir: bir r\u00fcya, yak\u0131n\u0131n\u0131 kaybetme, hastal\u0131k, travma, ya\u015flanma\u2026 Kendi \u00f6l\u00fcml\u00fcl\u00fc\u011f\u00fcm\u00fczle y\u00fczle\u015fince \u00f6nceliklerimizi yeniden belirler, sevdiklerimizle daha derinden ileti\u015fime ge\u00e7er, hayat\u0131n g\u00fczelliklerini daha \u00e7ok takdir edip kendimizi ger\u00e7ekle\u015ftirmek i\u00e7in gerekli riskleri almaya daha istekli oluruz. Irvin Yalom, \u201cBen de herkes gibi \u00f6l\u00fcmden korkar\u0131m\u2026 Bir t\u00fcrl\u00fc kurtulamad\u0131\u011f\u0131m\u0131z karanl\u0131k g\u00f6lgemizdir o bizim,\u201d diyor. Ancak bu eserinde \u00f6l\u00fcmle y\u00fczle\u015fen hastalar\u0131n\u0131n \u00e7o\u011funun hayatlar\u0131n\u0131 nas\u0131l de\u011fi\u015ftirdi\u011fini ve zenginle\u015ftirdi\u011fini, onlar i\u00e7in ger\u00e7ekten \u00f6nemli olan kararlar\u0131 nas\u0131l verdiklerini mercek alt\u0131na al\u0131yor. Yalom kitab\u0131 i\u00e7in, \u201cKaramsar bir kitap de\u011fil bu\u2026 daha \u00e7ok her an\u0131n ne kadar de\u011ferli oldu\u011funun bilinmesini umuyorum,\u201d diyerek, ele ald\u0131\u011f\u0131 konunun \u00f6nemini vurguluyor.  \u201cYalom terapist koltu\u011funun \u015eehrazad\u2019\u0131. Eserleri tek kelimeyle muhte\u015fem.\u201d Laura Miller, New York Times  \u201cIrvin Yalom bizi \u00e7evreleyen \u015feytanlar hakk\u0131nda bir melek gibi yaz\u0131yor.\u201d Rollo May  \u201cG\u00fcne\u015fe Bakmak, ne bir ders kitab\u0131 ne de s\u0131radan bir ki\u015fisel geli\u015fim kitab\u0131. Felsefi oldu\u011fu su g\u00f6t\u00fcrmez ancak kesinlikle s\u0131k\u0131c\u0131 de\u011fil. Her b\u00f6l\u00fcm\u00fc hastalar\u0131n\u0131n anekdotlar\u0131yla dolu.\u201d Washington Post   \u201cPeki, \u00f6l\u00fcm deh\u015fetine kar\u015f\u0131 ne yapabiliriz? Yalom\u2019un sundu\u011fu tedavi ba\u015fkalar\u0131yla ger\u00e7ek ba\u011flar kurmay\u0131, ger\u00e7ekten ya\u015fad\u0131\u011f\u0131n\u0131 hissetmeyi ve ba\u015fkalar\u0131n\u0131n hayatlar\u0131nda olumlu etkiler yaratmay\u0131 i\u00e7eriyor. Bu bariz g\u00f6r\u00fcnen ama\u00e7lara ula\u015fmak elbette kolay de\u011fil: Hangi d\u00fc\u015f\u00fcnen ve hisseden insan hayat\u0131n\u0131 pi\u015fmanl\u0131k duymadan ya\u015fayabilir ki?\u201d San Francisco Chronicle  \u201cIrvin Yalom, g\u00fczel ve cesur bir kitap yazm\u0131\u015f. \u00d6l\u00fcmle y\u00fczle\u015fti\u011fi kadar teskin edici bir kitap. Yalom, hepimizin y\u00fczle\u015fmesi gereken bir paradoksu anlamam\u0131za yard\u0131mc\u0131 oluyor: Fiziksel \u00f6l\u00fcm bizi yok eder ancak \u00f6lece\u011fimizi bilmek bizi kurtar\u0131r.\u201d George Valliant, Harvard \u00dcniversitesi T\u0131p Fak\u00fcltesi Yeti\u015fkin Geli\u015fimi B\u00f6l\u00fcm\u00fc Ba\u015fkan\u0131 <\/p>\n","protected":false},"excerpt":{"rendered":"<p>\u201cG\u00fcne\u015fin ya da \u00f6l\u00fcm\u00fcn y\u00fcz\u00fcne do\u011frudan bakamazs\u0131n\u0131z.\u201d \u00d6l\u00fcm korkusu insanlar\u0131 hayvanlardan ay\u0131ran \u015feydir; her din, her k\u00fclt\u00fcr bu korkuyu yat\u0131\u015ft\u0131rmaya \u00e7al\u0131\u015fmaktad\u0131r. Yalom, ya\u015fad\u0131\u011f\u0131m\u0131z anksiyetelerin \u00e7o\u011funun \u00f6z\u00fcnde<span class=\"excerpt-hellip\"> [\u2026]<\/span><\/p>\n","protected":false},"featured_media":0,"template":"","meta":{"_monsterinsights_skip_tracking":false,"_monsterinsights_sitenote_active":false,"_monsterinsights_sitenote_note":"","_monsterinsights_sitenote_category":0},"product_brand":[],"product_cat":[12358,12357],"product_tag":[],"class_list":{"0":"post-711679","1":"product","2":"type-product","3":"status-publish","5":"product_cat-genel-psikoloji","6":"product_cat-psikoloji","7":"pa_cilt-ciltsiz","8":"pa_tur-kitap","9":"pa_yayinevi-pegasus-yayinlari","10":"pa_yazar-irvin-d-yalom","12":"first","13":"instock","14":"sale","15":"shipping-taxable","16":"purchasable","17":"product-type-simple"},"_links":{"self":[{"href":"https:\/\/roveyayinevi.com.tr\/index.php\/wp-json\/wp\/v2\/product\/711679","targetHints":{"allow":["GET"]}}],"collection":[{"href":"https:\/\/roveyayinevi.com.tr\/index.php\/wp-json\/wp\/v2\/product"}],"about":[{"href":"https:\/\/roveyayinevi.com.tr\/index.php\/wp-json\/wp\/v2\/types\/product"}],"wp:attachment":[{"href":"https:\/\/roveyayinevi.com.tr\/index.php\/wp-json\/wp\/v2\/media?parent=711679"}],"wp:term":[{"taxonomy":"product_brand","embeddable":true,"href":"https:\/\/roveyayinevi.com.tr\/index.php\/wp-json\/wp\/v2\/product_brand?post=711679"},{"taxonomy":"product_cat","embeddable":true,"href":"https:\/\/roveyayinevi.com.tr\/index.php\/wp-json\/wp\/v2\/product_cat?post=711679"},{"taxonomy":"product_tag","embeddable":true,"href":"https:\/\/roveyayinevi.com.tr\/index.php\/wp-json\/wp\/v2\/product_tag?post=711679"}],"curies":[{"name":"wp","href":"https:\/\/api.w.org\/{rel}","templated":true}]}}