{"id":711678,"date":"2025-08-27T16:48:21","date_gmt":"2025-08-27T13:48:21","guid":{"rendered":"https:\/\/roveyayinevi.com.tr\/index.php\/urun\/bagislanan-terapi\/"},"modified":"2026-04-16T02:20:29","modified_gmt":"2026-04-15T23:20:29","slug":"bagislanan-terapi","status":"publish","type":"product","link":"https:\/\/roveyayinevi.com.tr\/index.php\/urun\/bagislanan-terapi\/","title":{"rendered":"Ba\u011f\u0131\u015flanan Terapi"},"content":{"rendered":"<p>Yeni Ku\u015fak Terapistlere ve Hastalar\u0131na A\u00e7\u0131k Mektup  Psikiyatrist ve yazar Irvin D. Yalom\u2019un klinik uygulamadaki otuz be\u015f y\u0131l\u0131 a\u015fk\u0131n tecr\u00fcbesinin zirvesi niteli\u011finde olan Ba\u011f\u0131\u015flanan Terapi, hastalar\u0131n ve terapistlerin terapiden nas\u0131l en iyi \u015fekilde fayda sa\u011flayabilece\u011fini ger\u00e7ek vaka \u00e7al\u0131\u015fmalar\u0131 arac\u0131l\u0131\u011f\u0131yla g\u00f6zler \u00f6n\u00fcne seren ola\u011fan\u00fcst\u00fc bir rehber. Yalom, alandaki yepyeni yakla\u015f\u0131m\u0131n\u0131 ve edindi\u011fi tecr\u00fcbeleri mesle\u011fe yeni ad\u0131m atan terapistlerle \u201cseksen be\u015f ki\u015fisel ve k\u0131\u015fk\u0131rt\u0131c\u0131 ipucu\u201d halinde payla\u015f\u0131yor. \u00d6nerileri ve fikirleri aras\u0131nda \u015funlar var:  \u2022 Hastan\u0131n sizin i\u00e7in \u00f6nemli olmas\u0131na izin verin \u2022 Hatalar\u0131n\u0131z\u0131 kabul edin \u2022 Her hasta i\u00e7in yeni bir terapi yarat\u0131n \u2022 Ev ziyaretleri yap\u0131n \u2022 Asla (hemen hemen asla) hasta ad\u0131na karar vermeyin \u2022 Freud her zaman hatal\u0131 de\u011fildi  Yeni ku\u015fak hastalar ve dan\u0131\u015fanlar i\u00e7in terap\u00f6tik s\u00fcreci zenginle\u015ftirmeyi ama\u00e7layan Ba\u011f\u0131\u015flanan Terapi, bu alanla ilgilenen herkes i\u00e7in keyifli, bilgilendirici ve d\u00fc\u015f\u00fcnd\u00fcr\u00fcc\u00fc bir \u00e7al\u0131\u015fma.  \u201cBu kitab\u0131 herkese tavsiye ederim, \u00f6zellikle de akl\u0131yla oldu\u011fu kadar kalbiyle de \u00f6\u011frenmeye a\u00e7\u0131k olanlara.\u201d-E. Thomas Dowd, Counselling Psychology Quarterly- \u201cBu kitap size psikoterapi alan\u0131na ni\u00e7in girdi\u011finizi hat\u0131rlatacak. Hastay\u0131 ne zaman kucaklayabilece\u011finizden ne zaman daha derin sorgulamaya ge\u00e7ebilece\u011finize kadar Yalom\u2019un tecr\u00fcbelerinden yola \u00e7\u0131karak kaleme ald\u0131\u011f\u0131 g\u00f6zlemleri sizi tuzaklardan kurtararak profesyonel a\u00e7\u0131dan daha da verimli hale getirecek.\u201d-Jill Lightner- \u201cKoltu\u011fa k\u0131vr\u0131lma \u00e7a\u011fr\u0131s\u0131\u2026 Yalom, kar\u015f\u0131s\u0131nda hi\u00e7bir perdenin kapal\u0131 kalamayaca\u011f\u0131 bir sihirbaz.\u201d-Metro Times (Detroit)- \u201cSeksenlerinde, g\u00f6rm\u00fc\u015f ge\u00e7irmi\u015f bir yazar olan Yalom kendi bak\u0131\u015f a\u00e7\u0131s\u0131ndan dost\u00e7a bir dille, i\u00e7tenlikle ve her zaman bilgece yaz\u0131yor.\u201d-Kirkus Reviews- \u201c\u00c7ok geni\u015f bir okuyucu kitlesine hitap eden, belirli konulara net bir \u015fekilde odaklan\u0131larak kaleme al\u0131nm\u0131\u015f bir kitap.\u201d-Booklist- \u201cYalom\u2019un \u00fcslubu, O. Henry\u2019nin esprili dili ile Isaac Bashevis Singer\u2019\u0131n ayaklar\u0131 yere basan tarz\u0131n\u0131n bir kar\u0131\u015f\u0131m\u0131.\u201d-San Francisco Chronicle-  Irvin D. Yalom, G\u00fcn\u00fcbirlik Hayatlar, Din ve Psikiyatri, Annem ve Hayat\u0131n Anlam\u0131, Varolu\u015f\u00e7u Psikoterapi gibi pek \u00e7ok kitab\u0131n ve grup terapisine dair en \u00f6nemli \u00e7al\u0131\u015fma olarak nitelendirilen Grup Psikoterapisinin Teori ve Prati\u011fi gibi klasik kitaplar\u0131n yazar\u0131d\u0131r. Stanford \u00dcniversitesi\u2019nde Fahri Psikiyatri Profes\u00f6r\u00fc unvan\u0131na sahip olan Yalom, \u00e7al\u0131\u015fmalar\u0131na ya\u015fam\u0131n\u0131 s\u00fcrd\u00fcrd\u00fc\u011f\u00fc Palo Alto ve San Francisco\u2019da devam etmektedir. <\/p>\n","protected":false},"excerpt":{"rendered":"<p>Yeni Ku\u015fak Terapistlere ve Hastalar\u0131na A\u00e7\u0131k Mektup Psikiyatrist ve yazar Irvin D. Yalom\u2019un klinik uygulamadaki otuz be\u015f y\u0131l\u0131 a\u015fk\u0131n tecr\u00fcbesinin zirvesi niteli\u011finde olan Ba\u011f\u0131\u015flanan Terapi, hastalar\u0131n<span class=\"excerpt-hellip\"> [\u2026]<\/span><\/p>\n","protected":false},"featured_media":0,"template":"","meta":{"_monsterinsights_skip_tracking":false,"_monsterinsights_sitenote_active":false,"_monsterinsights_sitenote_note":"","_monsterinsights_sitenote_category":0},"product_brand":[],"product_cat":[12358,12357],"product_tag":[],"class_list":{"0":"post-711678","1":"product","2":"type-product","3":"status-publish","5":"product_cat-genel-psikoloji","6":"product_cat-psikoloji","7":"pa_cilt-ciltsiz","8":"pa_tur-kitap","9":"pa_yayinevi-pegasus-yayinlari","10":"pa_yazar-irvin-d-yalom","12":"first","13":"instock","14":"sale","15":"shipping-taxable","16":"purchasable","17":"product-type-simple"},"_links":{"self":[{"href":"https:\/\/roveyayinevi.com.tr\/index.php\/wp-json\/wp\/v2\/product\/711678","targetHints":{"allow":["GET"]}}],"collection":[{"href":"https:\/\/roveyayinevi.com.tr\/index.php\/wp-json\/wp\/v2\/product"}],"about":[{"href":"https:\/\/roveyayinevi.com.tr\/index.php\/wp-json\/wp\/v2\/types\/product"}],"wp:attachment":[{"href":"https:\/\/roveyayinevi.com.tr\/index.php\/wp-json\/wp\/v2\/media?parent=711678"}],"wp:term":[{"taxonomy":"product_brand","embeddable":true,"href":"https:\/\/roveyayinevi.com.tr\/index.php\/wp-json\/wp\/v2\/product_brand?post=711678"},{"taxonomy":"product_cat","embeddable":true,"href":"https:\/\/roveyayinevi.com.tr\/index.php\/wp-json\/wp\/v2\/product_cat?post=711678"},{"taxonomy":"product_tag","embeddable":true,"href":"https:\/\/roveyayinevi.com.tr\/index.php\/wp-json\/wp\/v2\/product_tag?post=711678"}],"curies":[{"name":"wp","href":"https:\/\/api.w.org\/{rel}","templated":true}]}}