{"id":711677,"date":"2025-08-27T16:48:21","date_gmt":"2025-08-27T13:48:21","guid":{"rendered":"https:\/\/roveyayinevi.com.tr\/index.php\/urun\/karanlik-yilbasi-oykuleri-araliktan-sizan-karanlik\/"},"modified":"2025-11-22T04:27:32","modified_gmt":"2025-11-22T01:27:32","slug":"karanlik-yilbasi-oykuleri-araliktan-sizan-karanlik","status":"publish","type":"product","link":"https:\/\/roveyayinevi.com.tr\/index.php\/urun\/karanlik-yilbasi-oykuleri-araliktan-sizan-karanlik\/","title":{"rendered":"Karanl\u0131k Y\u0131lba\u015f\u0131 \u00d6yk\u00fcleri Aral\u0131ktan S\u0131zan Karanl\u0131k"},"content":{"rendered":"<p>Yine bir y\u0131lba\u015f\u0131 yakla\u015f\u0131yor. Peki y\u0131lba\u015f\u0131n\u0131n anlam\u0131 nedir sizin i\u00e7in? Sadece e\u011flence midir? Herkes o gece e\u011fleniyor mu san\u0131yorsunuz? Her Aral\u0131k ay\u0131n\u0131n sonunda yeni bir y\u0131la girecek olman\u0131n heyecan\u0131 ve sevinci i\u00e7inde tatl\u0131 bir tela\u015f g\u00f6r\u00fcn\u00fcr d\u00fcnyan\u0131n her yerinde. Ama her \u015fey g\u00f6r\u00fcnenden ibaret de\u011fildir. Kimi i\u00e7in t\u00fcm ailenin bir araya geldi\u011fi bir toplant\u0131d\u0131r y\u0131lba\u015f\u0131, kimi i\u00e7in arkada\u015flarla bir ev partisi, \u015fehrin meydan\u0131nda patlayan havai fi\u015feklerdir kimi i\u00e7in, kimi i\u00e7in romantik bir ak\u015fam yeme\u011fi, e\u011flence, yeni dilekler, yeni umutlar\u2026 Herkes i\u00e7in \u00f6yle de\u011fil oysa\u2026 Karanl\u0131\u011f\u0131 da var bu d\u00fcnyan\u0131n, kuytular\u0131 var\u2026 Her insan\u0131n i\u00e7indeki karanl\u0131k kadar\u2026 \u00d6zlem Ertan, Mehmet Berk Yalt\u0131r\u0131k, Kubilayhan Yal\u00e7\u0131n, Demokan Atasoy, G\u00fclbike Berkkam, U\u011fur K\u0131l\u0131n\u00e7, Funda \u00d6zlem \u015eeran, U\u011fur Bat\u0131, Murat Baykan, I\u015f\u0131n Beril Tetik,  Alper Kaya, Orkide \u00dcns\u00fcr ve Galip Dursun\u2019un elinden \u00e7\u0131kan karanl\u0131k \u00f6yk\u00fcler, yaratt\u0131klar\u0131 tekinsiz ve gerilimli atmosfer ile i\u00e7inizi \u00fcrpertecek.  Karanl\u0131k Y\u0131lba\u015f\u0131 \u00d6yk\u00fcleri sizi gizem, gerilim ve korku dolu sayfalar\u0131yla konfetilerle s\u00fcsl\u00fc y\u0131lba\u015f\u0131 tela\u015f\u0131n\u0131n \u00f6tesindeki gizemli \u00f6yk\u00fclere davet ediyor. Mesut \u00d6rs <\/p>\n","protected":false},"excerpt":{"rendered":"<p>Yine bir y\u0131lba\u015f\u0131 yakla\u015f\u0131yor. Peki y\u0131lba\u015f\u0131n\u0131n anlam\u0131 nedir sizin i\u00e7in? Sadece e\u011flence midir? Herkes o gece e\u011fleniyor mu san\u0131yorsunuz? Her Aral\u0131k ay\u0131n\u0131n sonunda yeni bir y\u0131la<span class=\"excerpt-hellip\"> [\u2026]<\/span><\/p>\n","protected":false},"featured_media":0,"template":"","meta":{"_monsterinsights_skip_tracking":false,"_monsterinsights_sitenote_active":false,"_monsterinsights_sitenote_note":"","_monsterinsights_sitenote_category":0},"product_brand":[],"product_cat":[12291,17033],"product_tag":[],"class_list":{"0":"post-711677","1":"product","2":"type-product","3":"status-publish","5":"product_cat-edebiyat","6":"product_cat-korku-gerilim","7":"pa_cilt-ciltsiz","8":"pa_tur-kitap","9":"pa_yayinevi-bilgi-yayinevi","10":"pa_yazar-kollektif","12":"first","13":"instock","14":"sale","15":"shipping-taxable","16":"purchasable","17":"product-type-simple"},"_links":{"self":[{"href":"https:\/\/roveyayinevi.com.tr\/index.php\/wp-json\/wp\/v2\/product\/711677","targetHints":{"allow":["GET"]}}],"collection":[{"href":"https:\/\/roveyayinevi.com.tr\/index.php\/wp-json\/wp\/v2\/product"}],"about":[{"href":"https:\/\/roveyayinevi.com.tr\/index.php\/wp-json\/wp\/v2\/types\/product"}],"wp:attachment":[{"href":"https:\/\/roveyayinevi.com.tr\/index.php\/wp-json\/wp\/v2\/media?parent=711677"}],"wp:term":[{"taxonomy":"product_brand","embeddable":true,"href":"https:\/\/roveyayinevi.com.tr\/index.php\/wp-json\/wp\/v2\/product_brand?post=711677"},{"taxonomy":"product_cat","embeddable":true,"href":"https:\/\/roveyayinevi.com.tr\/index.php\/wp-json\/wp\/v2\/product_cat?post=711677"},{"taxonomy":"product_tag","embeddable":true,"href":"https:\/\/roveyayinevi.com.tr\/index.php\/wp-json\/wp\/v2\/product_tag?post=711677"}],"curies":[{"name":"wp","href":"https:\/\/api.w.org\/{rel}","templated":true}]}}