{"id":711676,"date":"2025-08-27T16:48:20","date_gmt":"2025-08-27T13:48:20","guid":{"rendered":"https:\/\/roveyayinevi.com.tr\/index.php\/urun\/ispanyada-devrim-ve-ic-savas\/"},"modified":"2026-04-16T02:20:29","modified_gmt":"2026-04-15T23:20:29","slug":"ispanyada-devrim-ve-ic-savas","status":"publish","type":"product","link":"https:\/\/roveyayinevi.com.tr\/index.php\/urun\/ispanyada-devrim-ve-ic-savas\/","title":{"rendered":"\u0130spanya&#8217;da Devrim Ve \u0130\u00e7 Sava\u015f"},"content":{"rendered":"<p>1936 Temmuz\u2019undan 1939 Mart\u2019\u0131na kadar \u0130spanya\u2019da ge\u00e7en olaylar, \u00e7ok \u00f6nemli bir siyasal s\u0131nav\u0131 belirlemekle, alt\u0131 y\u0131l boyunca d\u00fcnyan\u0131n bir yar\u0131s\u0131n\u0131 \u00f6b\u00fcr yaras\u0131yla kar\u015f\u0131 kar\u015f\u0131ya getiren II. D\u00fcnya Sava\u015f\u0131\u2019n\u0131n bir genel provas\u0131 olmakla kalmad\u0131. Her \u015feyden \u00f6nce, askeri bir darbeye kar\u015f\u0131 toplumsal bir ba\u015fkald\u0131rma g\u00f6r\u00fcn\u00fcm\u00fcyle ortaya \u00e7\u0131kt\u0131. Bu ba\u015fkald\u0131rma, P. Brou\u00e9 ve E. T\u00e9mime\u2019in kitab\u0131nda yaln\u0131z olanca \u015fiddetiyle de\u011fil, ama yaratt\u0131\u011f\u0131 umutlar, az da olsa ger\u00e7ekle\u015ftirdikleri, d\u00fc\u015fleri ve \u00fczerine damgas\u0131n\u0131 vuran anar\u015fist hareketin etkileriyle incelenmektedir. Askeri bir darbeden devrime, i\u015f sava\u015fa, k\u0131sacas\u0131 sava\u015f\u0131n kendisine giden yol \u00e7ok k\u0131sa ve h\u0131zl\u0131d\u0131r. Bu s\u00fcrece girildikten sonra da, \u0130spanya\u2019n\u0131n kaderi yabanc\u0131 devletlerin i\u015fe kar\u0131\u015fmas\u0131na ba\u011fl\u0131 kalacakt\u0131r. Ve general Franco, ba\u015frolleri Hitler, Mussolini, Chamberlain, Blum ve Stalin taraf\u0131ndan oynanan bu sava\u015ftan zafer kazanm\u0131\u015f olarak \u00e7\u0131kacakt\u0131r. Pierre Brou\u00e9 ve Emile T\u00e9mime d\u00fcnya tarihinin d\u00f6n\u00fcm noktalar\u0131ndan say\u0131lan bu sava\u015fa \u00e7ok gen\u00e7 ya\u015fta b\u00fcy\u00fck e\u011filim duymu\u015f, bu e\u011filimin ve y\u0131llar s\u00fcren ara\u015ft\u0131rmalarla \u00e7al\u0131\u015fmalar\u0131n\u0131n \u00fcr\u00fcn\u00fc olarak da bu kitap ortaya \u00e7\u0131km\u0131\u015ft\u0131r. Pek \u00e7ok yetkili ki\u015finin g\u00f6z\u00fcnde de, \u0130spanya \u0130\u00e7 Sava\u015f\u0131 konusunda yaz\u0131lm\u0131\u015f en iyi kitapt\u0131r&#8230; <\/p>\n","protected":false},"excerpt":{"rendered":"<p>1936 Temmuz\u2019undan 1939 Mart\u2019\u0131na kadar \u0130spanya\u2019da ge\u00e7en olaylar, \u00e7ok \u00f6nemli bir siyasal s\u0131nav\u0131 belirlemekle, alt\u0131 y\u0131l boyunca d\u00fcnyan\u0131n bir yar\u0131s\u0131n\u0131 \u00f6b\u00fcr yaras\u0131yla kar\u015f\u0131 kar\u015f\u0131ya getiren II.<span class=\"excerpt-hellip\"> [\u2026]<\/span><\/p>\n","protected":false},"featured_media":0,"template":"","meta":{"_monsterinsights_skip_tracking":false,"_monsterinsights_sitenote_active":false,"_monsterinsights_sitenote_note":"","_monsterinsights_sitenote_category":0},"product_brand":[],"product_cat":[12370,12304],"product_tag":[],"class_list":{"0":"post-711676","1":"product","2":"type-product","3":"status-publish","5":"product_cat-arastirma-inceleme","6":"product_cat-tarih","7":"pa_cilt-ciltsiz","8":"pa_tur-kitap","9":"pa_yayinevi-ayrinti-yayinlari","10":"pa_yazar-pierre-broue-emiletemime","12":"first","13":"instock","14":"sale","15":"shipping-taxable","16":"purchasable","17":"product-type-simple"},"_links":{"self":[{"href":"https:\/\/roveyayinevi.com.tr\/index.php\/wp-json\/wp\/v2\/product\/711676","targetHints":{"allow":["GET"]}}],"collection":[{"href":"https:\/\/roveyayinevi.com.tr\/index.php\/wp-json\/wp\/v2\/product"}],"about":[{"href":"https:\/\/roveyayinevi.com.tr\/index.php\/wp-json\/wp\/v2\/types\/product"}],"wp:attachment":[{"href":"https:\/\/roveyayinevi.com.tr\/index.php\/wp-json\/wp\/v2\/media?parent=711676"}],"wp:term":[{"taxonomy":"product_brand","embeddable":true,"href":"https:\/\/roveyayinevi.com.tr\/index.php\/wp-json\/wp\/v2\/product_brand?post=711676"},{"taxonomy":"product_cat","embeddable":true,"href":"https:\/\/roveyayinevi.com.tr\/index.php\/wp-json\/wp\/v2\/product_cat?post=711676"},{"taxonomy":"product_tag","embeddable":true,"href":"https:\/\/roveyayinevi.com.tr\/index.php\/wp-json\/wp\/v2\/product_tag?post=711676"}],"curies":[{"name":"wp","href":"https:\/\/api.w.org\/{rel}","templated":true}]}}