{"id":711672,"date":"2025-08-27T16:48:18","date_gmt":"2025-08-27T13:48:18","guid":{"rendered":"https:\/\/roveyayinevi.com.tr\/index.php\/urun\/gokkusagi-baliklari\/"},"modified":"2026-04-16T02:20:29","modified_gmt":"2026-04-15T23:20:29","slug":"gokkusagi-baliklari","status":"publish","type":"product","link":"https:\/\/roveyayinevi.com.tr\/index.php\/urun\/gokkusagi-baliklari\/","title":{"rendered":"G\u00f6kku\u015fa\u011f\u0131 Bal\u0131klar\u0131"},"content":{"rendered":"<p>Mavi bir denizin derinliklerinde pullar\u0131 g\u00f6kku\u015fa\u011f\u0131na benzeyen bir bal\u0131k ailesi ya\u015f\u0131yomu\u015f. Bu bal\u0131k ailesinin bir yavrular\u0131 olmu\u015f. Yavru bal\u0131k, ailesiyle birlikte y\u00fczerken bir ayna g\u00f6rm\u00fc\u015f. Aynay\u0131 g\u00f6rmesiyle mutlulu\u011fu mutsuzlu\u011fa d\u00f6n\u00fc\u015fm\u00fc\u015f. Yavru bal\u0131k neden mutsuzmu\u015f? Ailesi s\u00fcrekli mutlu olabilmesi i\u00e7in sab\u0131rl\u0131 olmas\u0131 gerekti\u011fini s\u00f6yl\u00fcyormu\u015f. Sab\u0131r ne demekmi\u015f? Yavru bal\u0131\u011f\u0131n mutlulu\u011fuyla sabr\u0131n ne ilgisi varm\u0131\u015f? Yavru bal\u0131k, sab\u0131rl\u0131 olmaya \u00f6\u011frenip mutlu olabilmi\u015f mi acaba? \ufffcTan\u0131t\u0131m Metni<\/p>\n","protected":false},"excerpt":{"rendered":"<p>Mavi bir denizin derinliklerinde pullar\u0131 g\u00f6kku\u015fa\u011f\u0131na benzeyen bir bal\u0131k ailesi ya\u015f\u0131yomu\u015f. Bu bal\u0131k ailesinin bir yavrular\u0131 olmu\u015f. Yavru bal\u0131k, ailesiyle birlikte y\u00fczerken bir ayna g\u00f6rm\u00fc\u015f. Aynay\u0131<span class=\"excerpt-hellip\"> [\u2026]<\/span><\/p>\n","protected":false},"featured_media":0,"template":"","meta":{"_monsterinsights_skip_tracking":false,"_monsterinsights_sitenote_active":false,"_monsterinsights_sitenote_note":"","_monsterinsights_sitenote_category":0},"product_brand":[],"product_cat":[12274,12284],"product_tag":[],"class_list":{"0":"post-711672","1":"product","2":"type-product","3":"status-publish","5":"product_cat-cocuk-ve-genclik-kitaplari","6":"product_cat-hikayeler","7":"pa_cilt-ciltsiz","8":"pa_tur-kitap","9":"pa_yayinevi-egiten-kitap","10":"pa_yazar-mahmut-yilmaz","12":"first","13":"instock","14":"sale","15":"shipping-taxable","16":"purchasable","17":"product-type-simple"},"_links":{"self":[{"href":"https:\/\/roveyayinevi.com.tr\/index.php\/wp-json\/wp\/v2\/product\/711672","targetHints":{"allow":["GET"]}}],"collection":[{"href":"https:\/\/roveyayinevi.com.tr\/index.php\/wp-json\/wp\/v2\/product"}],"about":[{"href":"https:\/\/roveyayinevi.com.tr\/index.php\/wp-json\/wp\/v2\/types\/product"}],"wp:attachment":[{"href":"https:\/\/roveyayinevi.com.tr\/index.php\/wp-json\/wp\/v2\/media?parent=711672"}],"wp:term":[{"taxonomy":"product_brand","embeddable":true,"href":"https:\/\/roveyayinevi.com.tr\/index.php\/wp-json\/wp\/v2\/product_brand?post=711672"},{"taxonomy":"product_cat","embeddable":true,"href":"https:\/\/roveyayinevi.com.tr\/index.php\/wp-json\/wp\/v2\/product_cat?post=711672"},{"taxonomy":"product_tag","embeddable":true,"href":"https:\/\/roveyayinevi.com.tr\/index.php\/wp-json\/wp\/v2\/product_tag?post=711672"}],"curies":[{"name":"wp","href":"https:\/\/api.w.org\/{rel}","templated":true}]}}