{"id":711670,"date":"2025-08-27T16:48:17","date_gmt":"2025-08-27T13:48:17","guid":{"rendered":"https:\/\/roveyayinevi.com.tr\/index.php\/urun\/carkifelek-donsun\/"},"modified":"2026-04-13T02:25:41","modified_gmt":"2026-04-12T23:25:41","slug":"carkifelek-donsun","status":"publish","type":"product","link":"https:\/\/roveyayinevi.com.tr\/index.php\/urun\/carkifelek-donsun\/","title":{"rendered":"\u00c7ark\u0131felek D\u00f6ns\u00fcn"},"content":{"rendered":"<p>Utku, arkada\u015f\u0131 Mustafa&#8217;yla okul \u00e7\u0131k\u0131\u015f\u0131 futbol oynamak i\u00e7in s\u00f6zle\u015fmi\u015fti. Mustafa, s\u00f6zle\u015ftikleri saatte gelmemi\u015fti. Gel geldi\u011fi gibi yan\u0131nda da okul arkada\u015flar\u0131 Ertan vard\u0131.Mustafa ile Ertan, futbol oynamak yerine mahallede kurulan sirke gitmek istiyorlard\u0131. Utku da onlara kat\u0131ld\u0131.Sirke vard\u0131klar\u0131nda onlar\u0131 \u00e7ad\u0131r\u0131n \u00f6n\u00fcnde bir palya\u00e7o kar\u015f\u0131lad\u0131. Palya\u00e7o, elindeki rengarek fular\u0131 avucunun i\u00e7ine al\u0131p konfetiye \u00e7evirdi. Sonra da Utku ve arkada\u015flar\u0131n\u0131 \u00e7ad\u0131ra ald\u0131.Utku ve arkada\u015flar\u0131 \u00e7ad\u0131ra girdiklerinde kendilerini \u00e7ark\u0131felek oyununda buldular. Siyah \u015fapkal\u0131 bir adam, &#8220;\u00c7ark\u0131felek d\u00f6ns\u00fcn!&#8221; diyerek \u00e7ark\u0131fele\u011fi d\u00f6nd\u00fcrd\u00fc ve yar\u0131\u015fmac\u0131lara ard\u0131 ard\u0131na sorular sordu. Utku ve arkada\u015flar\u0131 \u00e7ark\u0131felek yar\u0131\u015fmas\u0131n\u0131 kazanabildiler mi? <\/p>\n","protected":false},"excerpt":{"rendered":"<p>Utku, arkada\u015f\u0131 Mustafa&#8217;yla okul \u00e7\u0131k\u0131\u015f\u0131 futbol oynamak i\u00e7in s\u00f6zle\u015fmi\u015fti. Mustafa, s\u00f6zle\u015ftikleri saatte gelmemi\u015fti. Gel geldi\u011fi gibi yan\u0131nda da okul arkada\u015flar\u0131 Ertan vard\u0131.Mustafa ile Ertan, futbol oynamak<span class=\"excerpt-hellip\"> [\u2026]<\/span><\/p>\n","protected":false},"featured_media":0,"template":"","meta":{"_monsterinsights_skip_tracking":false,"_monsterinsights_sitenote_active":false,"_monsterinsights_sitenote_note":"","_monsterinsights_sitenote_category":0},"product_brand":[],"product_cat":[12274,12284],"product_tag":[],"class_list":{"0":"post-711670","1":"product","2":"type-product","3":"status-publish","5":"product_cat-cocuk-ve-genclik-kitaplari","6":"product_cat-hikayeler","7":"pa_cilt-ciltsiz","8":"pa_tur-kitap","9":"pa_yayinevi-egiten-kitap","10":"pa_yazar-mahmut-yilmaz","12":"first","13":"instock","14":"sale","15":"shipping-taxable","16":"purchasable","17":"product-type-simple"},"_links":{"self":[{"href":"https:\/\/roveyayinevi.com.tr\/index.php\/wp-json\/wp\/v2\/product\/711670","targetHints":{"allow":["GET"]}}],"collection":[{"href":"https:\/\/roveyayinevi.com.tr\/index.php\/wp-json\/wp\/v2\/product"}],"about":[{"href":"https:\/\/roveyayinevi.com.tr\/index.php\/wp-json\/wp\/v2\/types\/product"}],"wp:attachment":[{"href":"https:\/\/roveyayinevi.com.tr\/index.php\/wp-json\/wp\/v2\/media?parent=711670"}],"wp:term":[{"taxonomy":"product_brand","embeddable":true,"href":"https:\/\/roveyayinevi.com.tr\/index.php\/wp-json\/wp\/v2\/product_brand?post=711670"},{"taxonomy":"product_cat","embeddable":true,"href":"https:\/\/roveyayinevi.com.tr\/index.php\/wp-json\/wp\/v2\/product_cat?post=711670"},{"taxonomy":"product_tag","embeddable":true,"href":"https:\/\/roveyayinevi.com.tr\/index.php\/wp-json\/wp\/v2\/product_tag?post=711670"}],"curies":[{"name":"wp","href":"https:\/\/api.w.org\/{rel}","templated":true}]}}