{"id":711669,"date":"2025-08-27T16:48:16","date_gmt":"2025-08-27T13:48:16","guid":{"rendered":"https:\/\/roveyayinevi.com.tr\/index.php\/urun\/gizemli-sandik\/"},"modified":"2026-04-16T02:20:29","modified_gmt":"2026-04-15T23:20:29","slug":"gizemli-sandik","status":"publish","type":"product","link":"https:\/\/roveyayinevi.com.tr\/index.php\/urun\/gizemli-sandik\/","title":{"rendered":"Gizemli Sand\u0131k"},"content":{"rendered":"<p>Utku yar\u0131y\u0131l tatilinin ilk haftas\u0131n\u0131 evde ge\u00e7irdi. \u0130kinci haftas\u0131nda evde s\u0131k\u0131lmaya ba\u015flad\u0131. Annesi, onu en yak\u0131n arkada\u015f\u0131 Ertaginle g\u00f6t\u00fcrd\u00fc. Anneleri de arkada\u015ft\u0131. Utku ile Ertan birlikte oyun oynarken, anneleri de sohbet ettiler.Utku ile Ertan biraz oyun oynad\u0131ktan sonra eski e\u015fyalar\u0131n bulundu\u011fu \u00e7at\u0131 kat\u0131na \u00e7\u0131kt\u0131lar. Utku\u2019nun dikkatini eski bir sand\u0131k \u00e7ekti. \u00c7ekinerek sand\u0131\u011f\u0131 a\u00e7t\u0131lar. Sand\u0131\u011f\u0131n i\u00e7inde Ertan\u2019\u0131n annesine ait eski e\u015fyalar vard\u0131. Sand\u0131ktan e\u015fyalar\u0131 \u00e7\u0131kart\u0131p incelerken Ertan\u2019\u0131n annesi geldi. Onlara e\u015flik etti.Sand\u0131ktan Utku ile Ertan\u2019\u0131n daha \u00f6nce g\u00f6rmedikleri bir oyuncak \u00e7\u0131kt\u0131. Oyuncakla nas\u0131l oynan\u0131yordu? Ertan\u2019\u0131n annesi, oyunca\u011f\u0131n nas\u0131l oynanaca\u011f\u0131n\u0131 g\u00f6sterecek mi? <\/p>\n","protected":false},"excerpt":{"rendered":"<p>Utku yar\u0131y\u0131l tatilinin ilk haftas\u0131n\u0131 evde ge\u00e7irdi. \u0130kinci haftas\u0131nda evde s\u0131k\u0131lmaya ba\u015flad\u0131. Annesi, onu en yak\u0131n arkada\u015f\u0131 Ertaginle g\u00f6t\u00fcrd\u00fc. Anneleri de arkada\u015ft\u0131. Utku ile Ertan birlikte<span class=\"excerpt-hellip\"> [\u2026]<\/span><\/p>\n","protected":false},"featured_media":0,"template":"","meta":{"_monsterinsights_skip_tracking":false,"_monsterinsights_sitenote_active":false,"_monsterinsights_sitenote_note":"","_monsterinsights_sitenote_category":0},"product_brand":[],"product_cat":[12275,12274],"product_tag":[],"class_list":{"0":"post-711669","1":"product","2":"type-product","3":"status-publish","5":"product_cat-6-12-yas-kitaplari","6":"product_cat-cocuk-ve-genclik-kitaplari","7":"pa_cilt-ciltsiz","8":"pa_tur-kitap","9":"pa_yayinevi-egiten-kitap","10":"pa_yazar-mahmut-yilmaz","12":"first","13":"instock","14":"sale","15":"shipping-taxable","16":"purchasable","17":"product-type-simple"},"_links":{"self":[{"href":"https:\/\/roveyayinevi.com.tr\/index.php\/wp-json\/wp\/v2\/product\/711669","targetHints":{"allow":["GET"]}}],"collection":[{"href":"https:\/\/roveyayinevi.com.tr\/index.php\/wp-json\/wp\/v2\/product"}],"about":[{"href":"https:\/\/roveyayinevi.com.tr\/index.php\/wp-json\/wp\/v2\/types\/product"}],"wp:attachment":[{"href":"https:\/\/roveyayinevi.com.tr\/index.php\/wp-json\/wp\/v2\/media?parent=711669"}],"wp:term":[{"taxonomy":"product_brand","embeddable":true,"href":"https:\/\/roveyayinevi.com.tr\/index.php\/wp-json\/wp\/v2\/product_brand?post=711669"},{"taxonomy":"product_cat","embeddable":true,"href":"https:\/\/roveyayinevi.com.tr\/index.php\/wp-json\/wp\/v2\/product_cat?post=711669"},{"taxonomy":"product_tag","embeddable":true,"href":"https:\/\/roveyayinevi.com.tr\/index.php\/wp-json\/wp\/v2\/product_tag?post=711669"}],"curies":[{"name":"wp","href":"https:\/\/api.w.org\/{rel}","templated":true}]}}