{"id":711668,"date":"2025-08-27T16:48:16","date_gmt":"2025-08-27T13:48:16","guid":{"rendered":"https:\/\/roveyayinevi.com.tr\/index.php\/urun\/bes-afacanin-kir-maceralari\/"},"modified":"2026-04-16T02:20:29","modified_gmt":"2026-04-15T23:20:29","slug":"bes-afacanin-kir-maceralari","status":"publish","type":"product","link":"https:\/\/roveyayinevi.com.tr\/index.php\/urun\/bes-afacanin-kir-maceralari\/","title":{"rendered":"Be\u015f Afacan\u0131n K\u0131r Maceralar\u0131"},"content":{"rendered":"<p>Be\u015f Afacan\u0131n K\u0131r Maceralar\u0131 \u0130ki y\u0131ld\u0131r ya\u015fad\u0131klar\u0131 Londra\u2019n\u0131n dar ve sisli sokaklar\u0131ndan s\u0131k\u0131lm\u0131\u015f olan be\u015f karde\u015f, yeni ta\u015f\u0131nd\u0131klar\u0131 k\u0131r evi ve \u00e7evresini doyas\u0131ya e\u011flenebilecekleri, \u00f6zg\u00fcrl\u00fcklerini dilediklerince ya\u015fayabilecekleri gizemli bir yer olarak g\u00f6rd\u00fckleri i\u00e7in buraya ta\u015f\u0131nm\u0131\u015f olmaktan \u00e7ok mutlulard\u0131r. Bir g\u00fcn kumda oynarken, tuhaf g\u00f6r\u00fcn\u00fcml\u00fc bir canl\u0131yla kar\u015f\u0131la\u015f\u0131rlar. Bu, y\u00fczy\u0131llard\u0131r d\u00fcnya \u00fczerinde ya\u015fayan kum perisidir ve dilekleri ger\u00e7ekle\u015ftirme g\u00fcc\u00fcne sahiptir.   Kum perisi, \u00e7ocuklara her g\u00fcn ortak bir dileklerini ger\u00e7ekle\u015ftirebilece\u011fini s\u00f6yler. \u0130lk ba\u015fta muhte\u015fem bir f\u0131rsat yakalad\u0131klar\u0131n\u0131 d\u00fc\u015f\u00fcnen \u00e7ocuklar, daha sonra dileklerinin hi\u00e7 de ho\u015f olmayan sonu\u00e7lar do\u011furdu\u011funu fark ederler. Ama yine de t\u00fcm bu olumsuzluklara ra\u011fmen \u00e7ocuklar\u0131, heyecan dolu maceralar beklemektedir. <\/p>\n","protected":false},"excerpt":{"rendered":"<p>Be\u015f Afacan\u0131n K\u0131r Maceralar\u0131 \u0130ki y\u0131ld\u0131r ya\u015fad\u0131klar\u0131 Londra\u2019n\u0131n dar ve sisli sokaklar\u0131ndan s\u0131k\u0131lm\u0131\u015f olan be\u015f karde\u015f, yeni ta\u015f\u0131nd\u0131klar\u0131 k\u0131r evi ve \u00e7evresini doyas\u0131ya e\u011flenebilecekleri, \u00f6zg\u00fcrl\u00fcklerini dilediklerince<span class=\"excerpt-hellip\"> [\u2026]<\/span><\/p>\n","protected":false},"featured_media":0,"template":"","meta":{"_monsterinsights_skip_tracking":false,"_monsterinsights_sitenote_active":false,"_monsterinsights_sitenote_note":"","_monsterinsights_sitenote_category":0},"product_brand":[],"product_cat":[12275,12274],"product_tag":[],"class_list":{"0":"post-711668","1":"product","2":"type-product","3":"status-publish","5":"product_cat-6-12-yas-kitaplari","6":"product_cat-cocuk-ve-genclik-kitaplari","7":"pa_cilt-ciltsiz","8":"pa_tur-kitap","9":"pa_yayinevi-arkadas-yayinlari","10":"pa_yazar-edith-nesbit","12":"first","13":"instock","14":"sale","15":"shipping-taxable","16":"purchasable","17":"product-type-simple"},"_links":{"self":[{"href":"https:\/\/roveyayinevi.com.tr\/index.php\/wp-json\/wp\/v2\/product\/711668","targetHints":{"allow":["GET"]}}],"collection":[{"href":"https:\/\/roveyayinevi.com.tr\/index.php\/wp-json\/wp\/v2\/product"}],"about":[{"href":"https:\/\/roveyayinevi.com.tr\/index.php\/wp-json\/wp\/v2\/types\/product"}],"wp:attachment":[{"href":"https:\/\/roveyayinevi.com.tr\/index.php\/wp-json\/wp\/v2\/media?parent=711668"}],"wp:term":[{"taxonomy":"product_brand","embeddable":true,"href":"https:\/\/roveyayinevi.com.tr\/index.php\/wp-json\/wp\/v2\/product_brand?post=711668"},{"taxonomy":"product_cat","embeddable":true,"href":"https:\/\/roveyayinevi.com.tr\/index.php\/wp-json\/wp\/v2\/product_cat?post=711668"},{"taxonomy":"product_tag","embeddable":true,"href":"https:\/\/roveyayinevi.com.tr\/index.php\/wp-json\/wp\/v2\/product_tag?post=711668"}],"curies":[{"name":"wp","href":"https:\/\/api.w.org\/{rel}","templated":true}]}}