{"id":711661,"date":"2025-08-27T16:48:12","date_gmt":"2025-08-27T13:48:12","guid":{"rendered":"https:\/\/roveyayinevi.com.tr\/index.php\/urun\/eglenceli-gezi-29-guzel-ulkem-turkiye-1\/"},"modified":"2026-04-16T02:20:29","modified_gmt":"2026-04-15T23:20:29","slug":"eglenceli-gezi-29-guzel-ulkem-turkiye-1","status":"publish","type":"product","link":"https:\/\/roveyayinevi.com.tr\/index.php\/urun\/eglenceli-gezi-29-guzel-ulkem-turkiye-1\/","title":{"rendered":"E\u011flenceli Gezi 29 &#8211; G\u00fczel \u00dclkem T\u00fcrkiye 1"},"content":{"rendered":"<p>T\u00fcrkiye\u2019nin m\u00fcthis g\u00fczelliklerini kesfe \u00e7\u0131k\u0131yoruz!\u00dclkemiz\u2026 G\u00fczel \u00fclkemiz\u2026Onlarca uygarl\u0131ga ev sahipligi yapm\u0131s, dogal ve tarihi harikalarladolu bir diyar\u2026 Peki, bu diyar\u0131 ne kadar tan\u0131yorsunuz?Elinizdeki kitap sizi bu harika diyara hayret verici bir kesfe\u00e7\u0131karacak. \u00dcstelik bu yolculuk i\u00e7in kupon biriktirmenize,rezervasyon yapt\u0131rman\u0131za, bilet alman\u0131za da gerek yok! Sizoyalanmadan toparlanmaya baslay\u0131n yeter!Hey, bir dakika koca bir v aliz haz\u0131rlamaya kalkmay\u0131n sak\u0131n! S\u0131rt\u00e7antan\u0131za birka\u00e7 tis\u00f6rt, bir not defteri, bir kalem, bir el feneri, birharita bir de matara at\u0131n yeter. Kendinizi de ald\u0131ysan\u0131z macerabaslas\u0131n!Peki, bu yolculukta sizi neler mi bekliyor?Mimar Sinan\u2019\u0131n ustal\u0131k eseri ve onun gizem dolu \u00f6zellikleri,Kapadokya\u2019n\u0131n hayranl\u0131k uyand\u0131ran yer alt\u0131 sehirleri,Uludag\u2019\u0131n m\u00fcthis dogal g\u00fczellikleri,Yaylalar\u0131n bol oksijenli havas\u0131,Safranbolu\u2019nun sirin evleri.BU KITABIN EN \u00d6NEMLI C\u00dcMLESIBu kitapta \u00f6grendikleriniz ders notlar\u0131n\u0131z\u0131ny\u00fckselmesine, \u00f6gretmeninizi sask\u0131na \u00e7evirmenize, arkadaslar\u0131n\u0131z\u0131naras\u0131nda m\u00fcthis havan\u0131z\u0131n olmas\u0131na ve genel k\u00fclt\u00fcr\u00fcn\u00fczde y\u00fcksekdozda bir art\u0131sa neden olacak.BU KITAP NEDEN \u00d6NEMLI?Her yan\u0131 tarihi ve dogal g\u00fczelliklerle dolu \u00fclkemizi eglenceli ve ilgi\u00e7ekici bir dille anlatan G\u00fczel \u00dclkem T\u00fcrkiye, genel k\u00fclt\u00fcre katk\u0131yapan, okuru doga g\u00f6n\u00fcll\u00fcs\u00fc olmas\u0131 i\u00e7in tesvik eden ve onu birrehber haline getiren bir eser. \u00dclkemizdeki sas\u0131rt\u0131c\u0131 g\u00fczellikleredikkat \u00e7eken G\u00fczel \u00dclkemT\u00fcrkiye, Metin \u00d6zdamarlar\u2019\u0131n samimi\u00fcslubu ile tam bir gezi ve k\u00fclt\u00fcr kitab\u0131. <\/p>\n","protected":false},"excerpt":{"rendered":"<p>T\u00fcrkiye\u2019nin m\u00fcthis g\u00fczelliklerini kesfe \u00e7\u0131k\u0131yoruz!\u00dclkemiz\u2026 G\u00fczel \u00fclkemiz\u2026Onlarca uygarl\u0131ga ev sahipligi yapm\u0131s, dogal ve tarihi harikalarladolu bir diyar\u2026 Peki, bu diyar\u0131 ne kadar tan\u0131yorsunuz?Elinizdeki kitap sizi bu<span class=\"excerpt-hellip\"> [\u2026]<\/span><\/p>\n","protected":false},"featured_media":0,"template":"","meta":{"_monsterinsights_skip_tracking":false,"_monsterinsights_sitenote_active":false,"_monsterinsights_sitenote_note":"","_monsterinsights_sitenote_category":0},"product_brand":[],"product_cat":[12275,12274],"product_tag":[],"class_list":{"0":"post-711661","1":"product","2":"type-product","3":"status-publish","5":"product_cat-6-12-yas-kitaplari","6":"product_cat-cocuk-ve-genclik-kitaplari","7":"pa_cilt-ciltsiz","8":"pa_tur-kitap","9":"pa_yayinevi-eglenceli-bilgi-yayinlari","10":"pa_yazar-metin-ozdamarlar","12":"first","13":"instock","14":"sale","15":"shipping-taxable","16":"purchasable","17":"product-type-simple"},"_links":{"self":[{"href":"https:\/\/roveyayinevi.com.tr\/index.php\/wp-json\/wp\/v2\/product\/711661","targetHints":{"allow":["GET"]}}],"collection":[{"href":"https:\/\/roveyayinevi.com.tr\/index.php\/wp-json\/wp\/v2\/product"}],"about":[{"href":"https:\/\/roveyayinevi.com.tr\/index.php\/wp-json\/wp\/v2\/types\/product"}],"wp:attachment":[{"href":"https:\/\/roveyayinevi.com.tr\/index.php\/wp-json\/wp\/v2\/media?parent=711661"}],"wp:term":[{"taxonomy":"product_brand","embeddable":true,"href":"https:\/\/roveyayinevi.com.tr\/index.php\/wp-json\/wp\/v2\/product_brand?post=711661"},{"taxonomy":"product_cat","embeddable":true,"href":"https:\/\/roveyayinevi.com.tr\/index.php\/wp-json\/wp\/v2\/product_cat?post=711661"},{"taxonomy":"product_tag","embeddable":true,"href":"https:\/\/roveyayinevi.com.tr\/index.php\/wp-json\/wp\/v2\/product_tag?post=711661"}],"curies":[{"name":"wp","href":"https:\/\/api.w.org\/{rel}","templated":true}]}}