{"id":711660,"date":"2025-08-27T16:48:11","date_gmt":"2025-08-27T13:48:11","guid":{"rendered":"https:\/\/roveyayinevi.com.tr\/index.php\/urun\/gizli-kurucu-ertugrul-gazi-eglenceli-tarih\/"},"modified":"2026-04-16T02:20:29","modified_gmt":"2026-04-15T23:20:29","slug":"gizli-kurucu-ertugrul-gazi-eglenceli-tarih","status":"publish","type":"product","link":"https:\/\/roveyayinevi.com.tr\/index.php\/urun\/gizli-kurucu-ertugrul-gazi-eglenceli-tarih\/","title":{"rendered":"Gizli Kurucu Ertu\u011frul Gazi &#8211; E\u011flenceli Tarih"},"content":{"rendered":"<p>Kay\u0131 boyunu binlerce kilometrelik m\u00fcthis zorlu bir yolculugun ard\u0131ndan Anadolu\u2019ya  ulast\u0131ran Ertugrul Gazi!Kay\u0131 boyunu binlerce kilometrelik m\u00fcthis zorlu bir yolculugun ard\u0131ndan Anadolu\u2019ya ulast\u0131ran,Zorlu m\u00fccadelelerle devletin temellerini atan,Tehlikelerle dolu bir cografyada \u00f6l\u00fcm kal\u0131m savas\u0131 veren,Devlet s\u0131n\u0131rlar\u0131n\u0131n s\u0131k s\u0131k degistigi bir d\u00f6nemde ayaklar\u0131n\u0131n \u00fczerinde duran,Anadolu\u2019da otoritenin kayboldugu bir zamanda ad\u0131m ad\u0131m ilerleyen O\u2019dur. O kim mi? KARSINIZDA ERTUGRUL GAZI!BU KITABIN EN \u00d6NEMLI C\u00dcMLESIO, \u00fc\u00e7 k\u0131taya yay\u0131lan devasa bir imparatorlugun gizli kurucusu veperde arkas\u0131ndaki kahraman\u0131d\u0131r.BU KITAP NEDEN \u00d6NEMLI?Osmanl\u0131 Devleti\u2019nin kurucusu Ertugrul Gazi\u2019yi, savaslar\u0131n\u0131, zaferlerini, yasad\u0131g\u0131 zorluklar\u0131, devlet adaml\u0131g\u0131n\u0131, m\u00fccadeleci y\u00f6n\u00fcn\u00fc anlatan bu eser, onu kapsaml\u0131 bir sekilde anlatt\u0131g\u0131 i\u00e7in olduk\u00e7a \u00f6nemlidir.<\/p>\n","protected":false},"excerpt":{"rendered":"<p>Kay\u0131 boyunu binlerce kilometrelik m\u00fcthis zorlu bir yolculugun ard\u0131ndan Anadolu\u2019ya ulast\u0131ran Ertugrul Gazi!Kay\u0131 boyunu binlerce kilometrelik m\u00fcthis zorlu bir yolculugun ard\u0131ndan Anadolu\u2019ya ulast\u0131ran,Zorlu m\u00fccadelelerle devletin temellerini<span class=\"excerpt-hellip\"> [\u2026]<\/span><\/p>\n","protected":false},"featured_media":0,"template":"","meta":{"_monsterinsights_skip_tracking":false,"_monsterinsights_sitenote_active":false,"_monsterinsights_sitenote_note":"","_monsterinsights_sitenote_category":0},"product_brand":[],"product_cat":[12275,12274],"product_tag":[],"class_list":{"0":"post-711660","1":"product","2":"type-product","3":"status-publish","5":"product_cat-6-12-yas-kitaplari","6":"product_cat-cocuk-ve-genclik-kitaplari","7":"pa_cilt-ciltsiz","8":"pa_tur-kitap","9":"pa_yayinevi-eglenceli-bilgi-yayinlari","10":"pa_yazar-metin-ozdamarlar","12":"first","13":"instock","14":"sale","15":"shipping-taxable","16":"purchasable","17":"product-type-simple"},"_links":{"self":[{"href":"https:\/\/roveyayinevi.com.tr\/index.php\/wp-json\/wp\/v2\/product\/711660","targetHints":{"allow":["GET"]}}],"collection":[{"href":"https:\/\/roveyayinevi.com.tr\/index.php\/wp-json\/wp\/v2\/product"}],"about":[{"href":"https:\/\/roveyayinevi.com.tr\/index.php\/wp-json\/wp\/v2\/types\/product"}],"wp:attachment":[{"href":"https:\/\/roveyayinevi.com.tr\/index.php\/wp-json\/wp\/v2\/media?parent=711660"}],"wp:term":[{"taxonomy":"product_brand","embeddable":true,"href":"https:\/\/roveyayinevi.com.tr\/index.php\/wp-json\/wp\/v2\/product_brand?post=711660"},{"taxonomy":"product_cat","embeddable":true,"href":"https:\/\/roveyayinevi.com.tr\/index.php\/wp-json\/wp\/v2\/product_cat?post=711660"},{"taxonomy":"product_tag","embeddable":true,"href":"https:\/\/roveyayinevi.com.tr\/index.php\/wp-json\/wp\/v2\/product_tag?post=711660"}],"curies":[{"name":"wp","href":"https:\/\/api.w.org\/{rel}","templated":true}]}}