{"id":711658,"date":"2025-08-27T16:48:10","date_gmt":"2025-08-27T13:48:10","guid":{"rendered":"https:\/\/roveyayinevi.com.tr\/index.php\/urun\/kuvvetler-ve-miknatislar-etkinliklerle-fen\/"},"modified":"2026-04-16T02:20:29","modified_gmt":"2026-04-15T23:20:29","slug":"kuvvetler-ve-miknatislar-etkinliklerle-fen","status":"publish","type":"product","link":"https:\/\/roveyayinevi.com.tr\/index.php\/urun\/kuvvetler-ve-miknatislar-etkinliklerle-fen\/","title":{"rendered":"Kuvvetler ve M\u0131knat\u0131slar &#8211; Etkinliklerle Fen"},"content":{"rendered":"<p>Etkinliklerle Fen &#8211; Kuvvetler ve M\u0131knat\u0131slar   Bilimsel ke\u015fifler e\u015fli\u011finde muhte\u015fem bir yolculu\u011fa \u00e7\u0131kal\u0131m. Kuvvetler ve m\u0131knat\u0131slarla ilgili bilimsel ger\u00e7ekleri ke\u015ffet; yer\u00e7ekiminin ne oldu\u011funu, s\u00fcrt\u00fcnmenin nas\u0131l etki etti\u011fini ve kuvvetin b\u00fcy\u00fckl\u00fc\u011f\u00fcn\u00fcn nas\u0131l \u00f6l\u00e7\u00fcld\u00fc\u011f\u00fcn\u00fc \u00f6\u011fren. Ayr\u0131ca manyetizma, k\u00fctle ve kuvvet alanlar\u0131 hakk\u0131nda pek \u00e7ok ilgin\u00e7 bilgi de bu kitapta seni bekliyor.     Bilimsel kavramlar\u0131n basit a\u00e7\u0131klamalar\u0131 \u00d6\u011frenmeye destek olmak \u00fczere tasarlanan ve kolayca uygulanan deneyler Her konuyu daha derinlemesine ke\u015ffetmenizi sa\u011flamak i\u00e7in haz\u0131rlanan etkinlik ve sorular <\/p>\n","protected":false},"excerpt":{"rendered":"<p>Etkinliklerle Fen &#8211; Kuvvetler ve M\u0131knat\u0131slar Bilimsel ke\u015fifler e\u015fli\u011finde muhte\u015fem bir yolculu\u011fa \u00e7\u0131kal\u0131m. Kuvvetler ve m\u0131knat\u0131slarla ilgili bilimsel ger\u00e7ekleri ke\u015ffet; yer\u00e7ekiminin ne oldu\u011funu, s\u00fcrt\u00fcnmenin nas\u0131l etki<span class=\"excerpt-hellip\"> [\u2026]<\/span><\/p>\n","protected":false},"featured_media":0,"template":"","meta":{"_monsterinsights_skip_tracking":false,"_monsterinsights_sitenote_active":false,"_monsterinsights_sitenote_note":"","_monsterinsights_sitenote_category":0},"product_brand":[],"product_cat":[22249,13527],"product_tag":[],"class_list":{"0":"post-711658","1":"product","2":"type-product","3":"status-publish","5":"product_cat-bilim","6":"product_cat-sureli-yayinlar","7":"pa_cilt-ciltsiz","8":"pa_tur-kitap","9":"pa_yayinevi-1001-cicek-kitaplar","10":"pa_yazar-peter-riley","12":"first","13":"instock","14":"sale","15":"shipping-taxable","16":"purchasable","17":"product-type-simple"},"_links":{"self":[{"href":"https:\/\/roveyayinevi.com.tr\/index.php\/wp-json\/wp\/v2\/product\/711658","targetHints":{"allow":["GET"]}}],"collection":[{"href":"https:\/\/roveyayinevi.com.tr\/index.php\/wp-json\/wp\/v2\/product"}],"about":[{"href":"https:\/\/roveyayinevi.com.tr\/index.php\/wp-json\/wp\/v2\/types\/product"}],"wp:attachment":[{"href":"https:\/\/roveyayinevi.com.tr\/index.php\/wp-json\/wp\/v2\/media?parent=711658"}],"wp:term":[{"taxonomy":"product_brand","embeddable":true,"href":"https:\/\/roveyayinevi.com.tr\/index.php\/wp-json\/wp\/v2\/product_brand?post=711658"},{"taxonomy":"product_cat","embeddable":true,"href":"https:\/\/roveyayinevi.com.tr\/index.php\/wp-json\/wp\/v2\/product_cat?post=711658"},{"taxonomy":"product_tag","embeddable":true,"href":"https:\/\/roveyayinevi.com.tr\/index.php\/wp-json\/wp\/v2\/product_tag?post=711658"}],"curies":[{"name":"wp","href":"https:\/\/api.w.org\/{rel}","templated":true}]}}