{"id":711653,"date":"2025-08-27T16:48:08","date_gmt":"2025-08-27T13:48:08","guid":{"rendered":"https:\/\/roveyayinevi.com.tr\/index.php\/urun\/ermis-4\/"},"modified":"2026-04-16T02:20:28","modified_gmt":"2026-04-15T23:20:28","slug":"ermis-4","status":"publish","type":"product","link":"https:\/\/roveyayinevi.com.tr\/index.php\/urun\/ermis-4\/","title":{"rendered":"Ermi\u015f"},"content":{"rendered":"<p>Uzun y\u0131llard\u0131r ya\u015fad\u0131\u011f\u0131 kentten art\u0131k ayr\u0131lmaya karar veren bir ermi\u015fin yolunu kesen y\u00f6re halk\u0131 ondan kendilerine hayat hakk\u0131nda son bir nasihat vermesini, faziletin yolunu g\u00f6stermesini isterler. Halk\u0131n bu iste\u011fini geri \u00e7evirmeyen bilge, onlara ahlak, erdem, dostluk, hakikat, a\u015fk, sevgi, do\u011fruluk k\u0131saca insan\u0131 insan yapan de\u011ferler hakk\u0131nda uzunca bir s\u00f6ylev verir. Dinleyenlerin i\u00e7selle\u015ftirdikleri anda hayatlar\u0131n\u0131 de\u011fi\u015ftirecek denli derinlikli bu konu\u015fma \u015fimdiye dek yaz\u0131l\u0131 tarihin en etkileyici yap\u0131tlar\u0131ndan biri olan, Halil Cibran\u2019\u0131n belki de en b\u00fcy\u00fck \u015faheseri ERM\u0130\u015e olarak kar\u015f\u0131m\u0131za \u00e7\u0131kacakt\u0131r&#8230; \ufffcTan\u0131t\u0131m Metni<\/p>\n","protected":false},"excerpt":{"rendered":"<p>Uzun y\u0131llard\u0131r ya\u015fad\u0131\u011f\u0131 kentten art\u0131k ayr\u0131lmaya karar veren bir ermi\u015fin yolunu kesen y\u00f6re halk\u0131 ondan kendilerine hayat hakk\u0131nda son bir nasihat vermesini, faziletin yolunu g\u00f6stermesini isterler.<span class=\"excerpt-hellip\"> [\u2026]<\/span><\/p>\n","protected":false},"featured_media":0,"template":"","meta":{"_monsterinsights_skip_tracking":false,"_monsterinsights_sitenote_active":false,"_monsterinsights_sitenote_note":"","_monsterinsights_sitenote_category":0},"product_brand":[],"product_cat":[12291,12711],"product_tag":[],"class_list":{"0":"post-711653","1":"product","2":"type-product","3":"status-publish","5":"product_cat-edebiyat","6":"product_cat-roman-oyku","7":"pa_cilt-ciltsiz","8":"pa_tur-kitap","9":"pa_yayinevi-destek-yayinlari","10":"pa_yazar-halil-cibran","12":"first","13":"instock","14":"sale","15":"shipping-taxable","16":"purchasable","17":"product-type-simple"},"_links":{"self":[{"href":"https:\/\/roveyayinevi.com.tr\/index.php\/wp-json\/wp\/v2\/product\/711653","targetHints":{"allow":["GET"]}}],"collection":[{"href":"https:\/\/roveyayinevi.com.tr\/index.php\/wp-json\/wp\/v2\/product"}],"about":[{"href":"https:\/\/roveyayinevi.com.tr\/index.php\/wp-json\/wp\/v2\/types\/product"}],"wp:attachment":[{"href":"https:\/\/roveyayinevi.com.tr\/index.php\/wp-json\/wp\/v2\/media?parent=711653"}],"wp:term":[{"taxonomy":"product_brand","embeddable":true,"href":"https:\/\/roveyayinevi.com.tr\/index.php\/wp-json\/wp\/v2\/product_brand?post=711653"},{"taxonomy":"product_cat","embeddable":true,"href":"https:\/\/roveyayinevi.com.tr\/index.php\/wp-json\/wp\/v2\/product_cat?post=711653"},{"taxonomy":"product_tag","embeddable":true,"href":"https:\/\/roveyayinevi.com.tr\/index.php\/wp-json\/wp\/v2\/product_tag?post=711653"}],"curies":[{"name":"wp","href":"https:\/\/api.w.org\/{rel}","templated":true}]}}