{"id":711652,"date":"2025-08-27T16:48:07","date_gmt":"2025-08-27T13:48:07","guid":{"rendered":"https:\/\/roveyayinevi.com.tr\/index.php\/urun\/dort-gun-buda-uc-gun-zorba\/"},"modified":"2026-04-16T02:20:28","modified_gmt":"2026-04-15T23:20:28","slug":"dort-gun-buda-uc-gun-zorba","status":"publish","type":"product","link":"https:\/\/roveyayinevi.com.tr\/index.php\/urun\/dort-gun-buda-uc-gun-zorba\/","title":{"rendered":"D\u00f6rt G\u00fcn Buda, \u00dc\u00e7 G\u00fcn Zorba"},"content":{"rendered":"<p>\u201cHayatta en \u00e7ok sevmeniz gereken ki\u015fi kendinizsiniz.\u201d &#8211; Buda\u201cKendini kurtarman\u0131n tek yolu ba\u015fkalar\u0131n\u0131 kurtarmak i\u00e7in \u00e7abalamakt\u0131r.\u201d &#8211; Alexis ZorbaBamba\u015fka k\u0131talarda ve as\u0131rlarda ya\u015fam\u0131\u015f arifler, mutlulu\u011fun pe\u015fine d\u00fc\u015fenlere m\u00fcr\u015fidin kendi alg\u0131lar\u0131m\u0131z oldu\u011funu s\u00f6ylediler. Erdemin, metanetin ve \u00f6z sayg\u0131n\u0131n bir k\u00f6kte filizlenip, dallar\u0131ndan sevgiyi, huzuru, ne\u015feyi nas\u0131l uzatacaklar\u0131n\u0131 anlatt\u0131lar. Oysa insanl\u0131k h\u00e2l\u00e2, hal\u0131n\u0131n alt\u0131na bizzat s\u00fcp\u00fcrd\u00fc\u011f\u00fc hazineyi, tan\u0131mad\u0131\u011f\u0131 kahramanlar\u0131 masal da\u011flar\u0131nda ar\u0131yor.\u00dcnal Ers\u00f6zl\u00fc; d\u00f6rt g\u00fcn Buda kadar dingin ve sab\u0131rl\u0131, \u00fc\u00e7 g\u00fcn Zorba kadar co\u015fkulu ve tutkulu ya\u015faman\u0131n, mutlulu\u011fa hak etti\u011fi dengeyi nas\u0131l verece\u011fini anlat\u0131yor. Buda\u2019dan Hallac-\u0131Mansur\u2019a, Eckhart Tolle\u2019den Jung\u2019a kadar, ke\u015fiflerini payla\u015fm\u0131\u015f ne kadar bilge varsa, bizi onlar\u0131n i\u015faret etti\u011fi hemzemine g\u00f6t\u00fcr\u00fcyor; s\u00fcveydaya. <\/p>\n","protected":false},"excerpt":{"rendered":"<p>\u201cHayatta en \u00e7ok sevmeniz gereken ki\u015fi kendinizsiniz.\u201d &#8211; Buda\u201cKendini kurtarman\u0131n tek yolu ba\u015fkalar\u0131n\u0131 kurtarmak i\u00e7in \u00e7abalamakt\u0131r.\u201d &#8211; Alexis ZorbaBamba\u015fka k\u0131talarda ve as\u0131rlarda ya\u015fam\u0131\u015f arifler, mutlulu\u011fun pe\u015fine<span class=\"excerpt-hellip\"> [\u2026]<\/span><\/p>\n","protected":false},"featured_media":0,"template":"","meta":{"_monsterinsights_skip_tracking":false,"_monsterinsights_sitenote_active":false,"_monsterinsights_sitenote_note":"","_monsterinsights_sitenote_category":0},"product_brand":[],"product_cat":[20039,13488],"product_tag":[],"class_list":{"0":"post-711652","1":"product","2":"type-product","3":"status-publish","5":"product_cat-kultur-tarihi","6":"product_cat-toplum-ve-insan","7":"pa_cilt-ciltsiz","8":"pa_tur-kitap","9":"pa_yayinevi-kara-karga-yayinlari","10":"pa_yazar-unal-ersozlu","12":"first","13":"instock","14":"sale","15":"shipping-taxable","16":"purchasable","17":"product-type-simple"},"_links":{"self":[{"href":"https:\/\/roveyayinevi.com.tr\/index.php\/wp-json\/wp\/v2\/product\/711652","targetHints":{"allow":["GET"]}}],"collection":[{"href":"https:\/\/roveyayinevi.com.tr\/index.php\/wp-json\/wp\/v2\/product"}],"about":[{"href":"https:\/\/roveyayinevi.com.tr\/index.php\/wp-json\/wp\/v2\/types\/product"}],"wp:attachment":[{"href":"https:\/\/roveyayinevi.com.tr\/index.php\/wp-json\/wp\/v2\/media?parent=711652"}],"wp:term":[{"taxonomy":"product_brand","embeddable":true,"href":"https:\/\/roveyayinevi.com.tr\/index.php\/wp-json\/wp\/v2\/product_brand?post=711652"},{"taxonomy":"product_cat","embeddable":true,"href":"https:\/\/roveyayinevi.com.tr\/index.php\/wp-json\/wp\/v2\/product_cat?post=711652"},{"taxonomy":"product_tag","embeddable":true,"href":"https:\/\/roveyayinevi.com.tr\/index.php\/wp-json\/wp\/v2\/product_tag?post=711652"}],"curies":[{"name":"wp","href":"https:\/\/api.w.org\/{rel}","templated":true}]}}