{"id":711651,"date":"2025-08-27T16:48:07","date_gmt":"2025-08-27T13:48:07","guid":{"rendered":"https:\/\/roveyayinevi.com.tr\/index.php\/urun\/boyamalarla-satranc\/"},"modified":"2026-04-16T02:20:28","modified_gmt":"2026-04-15T23:20:28","slug":"boyamalarla-satranc","status":"publish","type":"product","link":"https:\/\/roveyayinevi.com.tr\/index.php\/urun\/boyamalarla-satranc\/","title":{"rendered":"Boyamalarla Satran\u00e7"},"content":{"rendered":"<p>Boyamalarla Satran\u00e7 Boyamalarla Satran\u00e7, satran\u00e7 e\u011fitim setinin ilk kitab\u0131d\u0131r. Bu kitap ile Masallarla Satran\u00e7 ve Oyunlarla Satran\u00e7 kitaplar\u0131nda kullan\u0131lan sevimli karakterlerin boyamalar\u0131yla ta\u015flar\u0131n hareketlerinin \u00f6\u011fretilmesi ama\u00e7lanmaktad\u0131r. Bu etkinliklerle \u00f6\u011frenci; satran\u00e7 oyunu, ta\u015flar\u0131 ve hareketleri hakk\u0131nda fikir sahibi olacakt\u0131r. Ayr\u0131ca kitaptaki al\u0131\u015ft\u0131rmalarla, satran\u00e7 oyununun kurallar\u0131 \u00f6\u011fretilirken \u00f6\u011frencinin ince motor kas becerisini geli\u015ftirmesine yard\u0131mc\u0131 olunmas\u0131 da hedeflenmektedir. Kitapta; kare \u015feklinin ne oldu\u011fu, satran\u00e7 tahtas\u0131 ve \u00f6zelli\u011fi, yatay, dikey, \u00e7apraz y\u00f6nlerin tan\u0131t\u0131lmas\u0131, bunlarla ilgili \u00e7izgi \u00e7al\u0131\u015fmalar\u0131, satran\u00e7 ta\u015flar\u0131n\u0131n \u00f6zellikleri, satran\u00e7 kahramanlar\u0131n\u0131n boyamalar\u0131, renklerin tan\u0131t\u0131lmas\u0131, ta\u015flar\u0131n dizili\u015fi gibi konular ve etkinlikler vard\u0131r. \u0130lk bask\u0131s\u0131 2002 y\u0131l\u0131nda yay\u0131nlanan ve alan\u0131nda bir ilk olan kitab\u0131n bu bask\u0131s\u0131nda daha \u00e7ok etkinlik eklenmi\u015f, tasar\u0131m\u0131 ve resimleri yenilenmi\u015ftir. Boyamalarla Satran\u00e7, okul\u00f6ncesi \u00e7a\u011f\u0131ndaki \u00e7ocuklar\u0131n satranc\u0131 severek ve e\u011flenerek \u00f6\u011frenecekleri e\u011fitici bir kitapt\u0131r. \ufffcTan\u0131t\u0131m Metni<\/p>\n","protected":false},"excerpt":{"rendered":"<p>Boyamalarla Satran\u00e7 Boyamalarla Satran\u00e7, satran\u00e7 e\u011fitim setinin ilk kitab\u0131d\u0131r. Bu kitap ile Masallarla Satran\u00e7 ve Oyunlarla Satran\u00e7 kitaplar\u0131nda kullan\u0131lan sevimli karakterlerin boyamalar\u0131yla ta\u015flar\u0131n hareketlerinin \u00f6\u011fretilmesi ama\u00e7lanmaktad\u0131r.<span class=\"excerpt-hellip\"> [\u2026]<\/span><\/p>\n","protected":false},"featured_media":0,"template":"","meta":{"_monsterinsights_skip_tracking":false,"_monsterinsights_sitenote_active":false,"_monsterinsights_sitenote_note":"","_monsterinsights_sitenote_category":0},"product_brand":[],"product_cat":[12274,15842],"product_tag":[],"class_list":{"0":"post-711651","1":"product","2":"type-product","3":"status-publish","5":"product_cat-cocuk-ve-genclik-kitaplari","6":"product_cat-egitici-kitaplar","7":"pa_cilt-ciltsiz","8":"pa_tur-kitap","9":"pa_yayinevi-odtu-gelistirme-vakfi-yayincilik","10":"pa_yazar-ozan-capan","12":"first","13":"instock","14":"sale","15":"shipping-taxable","16":"purchasable","17":"product-type-simple"},"_links":{"self":[{"href":"https:\/\/roveyayinevi.com.tr\/index.php\/wp-json\/wp\/v2\/product\/711651","targetHints":{"allow":["GET"]}}],"collection":[{"href":"https:\/\/roveyayinevi.com.tr\/index.php\/wp-json\/wp\/v2\/product"}],"about":[{"href":"https:\/\/roveyayinevi.com.tr\/index.php\/wp-json\/wp\/v2\/types\/product"}],"wp:attachment":[{"href":"https:\/\/roveyayinevi.com.tr\/index.php\/wp-json\/wp\/v2\/media?parent=711651"}],"wp:term":[{"taxonomy":"product_brand","embeddable":true,"href":"https:\/\/roveyayinevi.com.tr\/index.php\/wp-json\/wp\/v2\/product_brand?post=711651"},{"taxonomy":"product_cat","embeddable":true,"href":"https:\/\/roveyayinevi.com.tr\/index.php\/wp-json\/wp\/v2\/product_cat?post=711651"},{"taxonomy":"product_tag","embeddable":true,"href":"https:\/\/roveyayinevi.com.tr\/index.php\/wp-json\/wp\/v2\/product_tag?post=711651"}],"curies":[{"name":"wp","href":"https:\/\/api.w.org\/{rel}","templated":true}]}}