{"id":711650,"date":"2025-08-27T16:48:06","date_gmt":"2025-08-27T13:48:06","guid":{"rendered":"https:\/\/roveyayinevi.com.tr\/index.php\/urun\/oyunlarla-satranc\/"},"modified":"2026-04-16T02:20:28","modified_gmt":"2026-04-15T23:20:28","slug":"oyunlarla-satranc","status":"publish","type":"product","link":"https:\/\/roveyayinevi.com.tr\/index.php\/urun\/oyunlarla-satranc\/","title":{"rendered":"Oyunlarla Satran\u00e7"},"content":{"rendered":"<p>Oyunlarla Satran\u00e7 kitab\u0131 okul \u00f6ncesi ve ilk\u00f6\u011fretim ya\u015f\u0131ndaki \u00f6\u011frencilere, satran\u00e7 oyununu \u00f6\u011fretmek ve sevdirmek amac\u0131yla haz\u0131rlanm\u0131\u015ft\u0131r. Kitapta bir\u00e7ok e\u011flenceli ve \u00f6\u011fretici oyun vard\u0131r. Tasarlanan \u201cKare bulmaca oyunu, \u00e7arp\u0131\u015fan arabalar oyunu, futbol satranc\u0131, filler fareler oyunu, h\u0131rs\u0131z polis oyunu, kurt kuzu oyunu, at yar\u0131\u015f\u0131 oyunu&#8230;\u201d gibi oyunlarla kurallar\u0131n ak\u0131lda kolayca kalmas\u0131 hedeflenmi\u015ftir. Konular detayl\u0131 \u00f6rneklerle zenginle\u015ftirilmi\u015f, her konudan sonra al\u0131\u015ft\u0131rmalarla desteklenmi\u015f ve bu \u015fekilde toplam 240 soru sorulmu\u015ftur. Kitap, okulda ve kul\u00fcplerde derslerde kullan\u0131labilecek \u015fekilde planlanm\u0131\u015f, al\u0131\u015ft\u0131rmalar \u00f6\u011frencilerin seviyesine uygun olarak \u00f6zenle se\u00e7ilmi\u015ftir. Oyunlarla Satran\u00e7 kitab\u0131nda anlat\u0131lan y\u00f6ntemle satran\u00e7 oyunu i\u00e7inde oyun yarat\u0131p oyununun kurallar\u0131n\u0131 e\u011flenerek \u00f6\u011frenecek ve oynayacaks\u0131n\u0131z. Tasar\u0131m\u0131 ve resimleri yenilenmi\u015f bu bask\u0131s\u0131yla Oyunlarla Satran\u00e7 kitab\u0131, ba\u015flang\u0131\u00e7 d\u00fczeyinde olan 5-9 ya\u015f aras\u0131 \u00e7ocuklar\u0131n satranc\u0131 severek \u00f6\u011frenecekleri bir ba\u015fucu kitab\u0131d\u0131r. <\/p>\n","protected":false},"excerpt":{"rendered":"<p>Oyunlarla Satran\u00e7 kitab\u0131 okul \u00f6ncesi ve ilk\u00f6\u011fretim ya\u015f\u0131ndaki \u00f6\u011frencilere, satran\u00e7 oyununu \u00f6\u011fretmek ve sevdirmek amac\u0131yla haz\u0131rlanm\u0131\u015ft\u0131r. Kitapta bir\u00e7ok e\u011flenceli ve \u00f6\u011fretici oyun vard\u0131r. Tasarlanan \u201cKare bulmaca<span class=\"excerpt-hellip\"> [\u2026]<\/span><\/p>\n","protected":false},"featured_media":0,"template":"","meta":{"_monsterinsights_skip_tracking":false,"_monsterinsights_sitenote_active":false,"_monsterinsights_sitenote_note":"","_monsterinsights_sitenote_category":0},"product_brand":[],"product_cat":[12274,15842],"product_tag":[],"class_list":{"0":"post-711650","1":"product","2":"type-product","3":"status-publish","5":"product_cat-cocuk-ve-genclik-kitaplari","6":"product_cat-egitici-kitaplar","7":"pa_cilt-ciltsiz","8":"pa_tur-kitap","9":"pa_yayinevi-odtu-gelistirme-vakfi-yayincilik","10":"pa_yazar-ozan-capan","12":"first","13":"instock","14":"sale","15":"shipping-taxable","16":"purchasable","17":"product-type-simple"},"_links":{"self":[{"href":"https:\/\/roveyayinevi.com.tr\/index.php\/wp-json\/wp\/v2\/product\/711650","targetHints":{"allow":["GET"]}}],"collection":[{"href":"https:\/\/roveyayinevi.com.tr\/index.php\/wp-json\/wp\/v2\/product"}],"about":[{"href":"https:\/\/roveyayinevi.com.tr\/index.php\/wp-json\/wp\/v2\/types\/product"}],"wp:attachment":[{"href":"https:\/\/roveyayinevi.com.tr\/index.php\/wp-json\/wp\/v2\/media?parent=711650"}],"wp:term":[{"taxonomy":"product_brand","embeddable":true,"href":"https:\/\/roveyayinevi.com.tr\/index.php\/wp-json\/wp\/v2\/product_brand?post=711650"},{"taxonomy":"product_cat","embeddable":true,"href":"https:\/\/roveyayinevi.com.tr\/index.php\/wp-json\/wp\/v2\/product_cat?post=711650"},{"taxonomy":"product_tag","embeddable":true,"href":"https:\/\/roveyayinevi.com.tr\/index.php\/wp-json\/wp\/v2\/product_tag?post=711650"}],"curies":[{"name":"wp","href":"https:\/\/api.w.org\/{rel}","templated":true}]}}