{"id":711647,"date":"2025-08-27T16:48:04","date_gmt":"2025-08-27T13:48:04","guid":{"rendered":"https:\/\/roveyayinevi.com.tr\/index.php\/urun\/krishnamurtinin-gunlugu\/"},"modified":"2026-04-16T02:20:28","modified_gmt":"2026-04-15T23:20:28","slug":"krishnamurtinin-gunlugu","status":"publish","type":"product","link":"https:\/\/roveyayinevi.com.tr\/index.php\/urun\/krishnamurtinin-gunlugu\/","title":{"rendered":"Krishnamurti\u2019nin G\u00fcnl\u00fc\u011f\u00fc"},"content":{"rendered":"<p>Krishnamurti\u2019nin G\u00fcnl\u00fc\u011f\u00fc \u00e7a\u011f\u0131m\u0131z\u0131n en \u00f6nemli ruhsal \u00f6\u011fretmenlerinden birinin ya\u015fam\u0131na daha yak\u0131ndan bakmam\u0131za olanak tan\u0131yor. Basit ve dolamba\u00e7s\u0131z, ama yine de zengin ve \u015fairane anlat\u0131m\u0131yla Krishnamurti, \u201873 ile \u201875 y\u0131llar\u0131 aras\u0131nda k\u00e2\u011f\u0131da d\u00f6kt\u00fc\u011f\u00fc ki\u015fisel i\u00e7g\u00f6r\u00fclerini bizlerle payla\u015f\u0131yor. Hindistan ve Avrupa\u2019da ya\u015fad\u0131\u011f\u0131 ge\u00e7mi\u015f deneyimleri ile g\u00fcncel ya\u015fam\u0131n\u0131 harmanlayarak, kendine \u00f6zg\u00fc zorlay\u0131c\u0131 \u00fcslubuyla ki\u015fisel fark\u0131ndal\u0131k ve i\u00e7e d\u00f6n\u00fc\u015f ihtiyac\u0131m\u0131za hitap ediyor. \ufffcTan\u0131t\u0131m Metni<\/p>\n","protected":false},"excerpt":{"rendered":"<p>Krishnamurti\u2019nin G\u00fcnl\u00fc\u011f\u00fc \u00e7a\u011f\u0131m\u0131z\u0131n en \u00f6nemli ruhsal \u00f6\u011fretmenlerinden birinin ya\u015fam\u0131na daha yak\u0131ndan bakmam\u0131za olanak tan\u0131yor. Basit ve dolamba\u00e7s\u0131z, ama yine de zengin ve \u015fairane anlat\u0131m\u0131yla Krishnamurti, \u201873<span class=\"excerpt-hellip\"> [\u2026]<\/span><\/p>\n","protected":false},"featured_media":0,"template":"","meta":{"_monsterinsights_skip_tracking":false,"_monsterinsights_sitenote_active":false,"_monsterinsights_sitenote_note":"","_monsterinsights_sitenote_category":0},"product_brand":[],"product_cat":[12312,12304],"product_tag":[],"class_list":{"0":"post-711647","1":"product","2":"type-product","3":"status-publish","5":"product_cat-diger","6":"product_cat-tarih","7":"pa_cilt-ciltsiz","8":"pa_tur-kitap","9":"pa_yayinevi-ganj-yayinevi","10":"pa_yazar-jiddu-krishnamurti","12":"first","13":"instock","14":"sale","15":"shipping-taxable","16":"purchasable","17":"product-type-simple"},"_links":{"self":[{"href":"https:\/\/roveyayinevi.com.tr\/index.php\/wp-json\/wp\/v2\/product\/711647","targetHints":{"allow":["GET"]}}],"collection":[{"href":"https:\/\/roveyayinevi.com.tr\/index.php\/wp-json\/wp\/v2\/product"}],"about":[{"href":"https:\/\/roveyayinevi.com.tr\/index.php\/wp-json\/wp\/v2\/types\/product"}],"wp:attachment":[{"href":"https:\/\/roveyayinevi.com.tr\/index.php\/wp-json\/wp\/v2\/media?parent=711647"}],"wp:term":[{"taxonomy":"product_brand","embeddable":true,"href":"https:\/\/roveyayinevi.com.tr\/index.php\/wp-json\/wp\/v2\/product_brand?post=711647"},{"taxonomy":"product_cat","embeddable":true,"href":"https:\/\/roveyayinevi.com.tr\/index.php\/wp-json\/wp\/v2\/product_cat?post=711647"},{"taxonomy":"product_tag","embeddable":true,"href":"https:\/\/roveyayinevi.com.tr\/index.php\/wp-json\/wp\/v2\/product_tag?post=711647"}],"curies":[{"name":"wp","href":"https:\/\/api.w.org\/{rel}","templated":true}]}}