{"id":711645,"date":"2025-08-27T16:48:03","date_gmt":"2025-08-27T13:48:03","guid":{"rendered":"https:\/\/roveyayinevi.com.tr\/index.php\/urun\/cumle-nitelikleri-yonuyle-turkce-atasozleri\/"},"modified":"2026-04-16T02:20:28","modified_gmt":"2026-04-15T23:20:28","slug":"cumle-nitelikleri-yonuyle-turkce-atasozleri","status":"publish","type":"product","link":"https:\/\/roveyayinevi.com.tr\/index.php\/urun\/cumle-nitelikleri-yonuyle-turkce-atasozleri\/","title":{"rendered":"C\u00fcmle Nitelikleri Y\u00f6n\u00fcyle T\u00fcrk\u00e7e Atas\u00f6zleri"},"content":{"rendered":"<p>\u0130\u00c7\u0130NDEK\u0130LER \u00d6z Ge\u00e7mi\u015f \u00d6ns\u00f6z D\u0130L B\u0130LG\u0130S\u0130YLE \u0130LG\u0130L\u0130 \u0130\u015eARET VE KISALTMALAR \u0130\u00c7\u0130NDEK\u0130LER G\u0130R\u0130\u015e 1. BAS\u0130T C\u00dcMLE YAPISINDAK\u0130 ATAS\u00d6ZLER\u0130 2. B\u0130RLE\u015e\u0130K C\u00dcMLE YAPISINDAK\u0130 ATAS\u00d6ZLER\u0130 3. EKS\u0130LT\u0130L\u0130 C\u00dcMLE YAPISINDAK\u0130 ATAS\u00d6ZLER\u0130 4. DE\u011eERLEND\u0130RME VE SONU\u00c7 <\/p>\n","protected":false},"excerpt":{"rendered":"<p>\u0130\u00c7\u0130NDEK\u0130LER \u00d6z Ge\u00e7mi\u015f \u00d6ns\u00f6z D\u0130L B\u0130LG\u0130S\u0130YLE \u0130LG\u0130L\u0130 \u0130\u015eARET VE KISALTMALAR \u0130\u00c7\u0130NDEK\u0130LER G\u0130R\u0130\u015e 1. BAS\u0130T C\u00dcMLE YAPISINDAK\u0130 ATAS\u00d6ZLER\u0130 2. B\u0130RLE\u015e\u0130K C\u00dcMLE YAPISINDAK\u0130 ATAS\u00d6ZLER\u0130 3. EKS\u0130LT\u0130L\u0130 C\u00dcMLE YAPISINDAK\u0130<span class=\"excerpt-hellip\"> [\u2026]<\/span><\/p>\n","protected":false},"featured_media":0,"template":"","meta":{"_monsterinsights_skip_tracking":false,"_monsterinsights_sitenote_active":false,"_monsterinsights_sitenote_note":"","_monsterinsights_sitenote_category":0},"product_brand":[],"product_cat":[15351,15350],"product_tag":[],"class_list":{"0":"post-711645","1":"product","2":"type-product","3":"status-publish","5":"product_cat-ders-kitaplari","6":"product_cat-hukuk","7":"pa_cilt-ciltsiz","8":"pa_tur-kitap","9":"pa_yayinevi-gazi-kitabevi","10":"pa_yazar-umit-hunutlu","12":"first","13":"instock","14":"sale","15":"shipping-taxable","16":"purchasable","17":"product-type-simple"},"_links":{"self":[{"href":"https:\/\/roveyayinevi.com.tr\/index.php\/wp-json\/wp\/v2\/product\/711645","targetHints":{"allow":["GET"]}}],"collection":[{"href":"https:\/\/roveyayinevi.com.tr\/index.php\/wp-json\/wp\/v2\/product"}],"about":[{"href":"https:\/\/roveyayinevi.com.tr\/index.php\/wp-json\/wp\/v2\/types\/product"}],"wp:attachment":[{"href":"https:\/\/roveyayinevi.com.tr\/index.php\/wp-json\/wp\/v2\/media?parent=711645"}],"wp:term":[{"taxonomy":"product_brand","embeddable":true,"href":"https:\/\/roveyayinevi.com.tr\/index.php\/wp-json\/wp\/v2\/product_brand?post=711645"},{"taxonomy":"product_cat","embeddable":true,"href":"https:\/\/roveyayinevi.com.tr\/index.php\/wp-json\/wp\/v2\/product_cat?post=711645"},{"taxonomy":"product_tag","embeddable":true,"href":"https:\/\/roveyayinevi.com.tr\/index.php\/wp-json\/wp\/v2\/product_tag?post=711645"}],"curies":[{"name":"wp","href":"https:\/\/api.w.org\/{rel}","templated":true}]}}