{"id":711643,"date":"2025-08-27T16:48:02","date_gmt":"2025-08-27T13:48:02","guid":{"rendered":"https:\/\/roveyayinevi.com.tr\/index.php\/urun\/parmak-izi-bir-resim-terapisi-hikayesi\/"},"modified":"2026-04-16T02:20:28","modified_gmt":"2026-04-15T23:20:28","slug":"parmak-izi-bir-resim-terapisi-hikayesi","status":"publish","type":"product","link":"https:\/\/roveyayinevi.com.tr\/index.php\/urun\/parmak-izi-bir-resim-terapisi-hikayesi\/","title":{"rendered":"Parmak \u0130zi: Bir Resim Terapisi Hikayesi"},"content":{"rendered":"<p>\u00c7ocuk; her dilde, k\u00fclt\u00fcrde, dinde, \u0131rkta \u00e7ocuktur. Kahkahas\u0131 bulutlar\u0131 a\u015fan, hayalleri balonlaraba\u011flay\u0131p, u\u00e7uran&#8230; Onlar\u0131 anlaman\u0131n belki de en zor taraf\u0131 bazen kelimelerdir. Oysa onlar\u0131n tek birevrensel dili var: resim. \u00c7ocuklar\u0131n duygu y\u00fckl\u00fc d\u00fcnyas\u0131na dokunabilece\u011finiz resim terapisitekniklerini, hem alt\u0131 \u00e7ocu\u011fun terapi s\u00fcrecine yerle\u015ftirdik, hem de ayr\u0131 bir b\u00f6l\u00fcmle bu teknikleri siz\u00e7ocuklar\u0131n d\u00fcnyas\u0131na dokunanlara sunduk. Duru, Pelin, Efe, Ar\u0131n, Zehra ve Bora ile bu ser\u00fcvene sizid\u00e2hil ederken, yolunuzun kesi\u015fti\u011fi \u00e7ocuklar\u0131n d\u00fcnyas\u0131n\u0131 daha kolay anlayabilmeniz i\u00e7in ayr\u0131 bir b\u00f6l\u00fcmaralad\u0131k. \u00c7ocuklar\u0131n \u00e7izgileri, kulland\u0131klar\u0131 renkler, eksik ya da abart\u0131l\u0131 olarak tasvir ettikleri herhangibir uzuv; hepsi bilin\u00e7alt\u0131n\u0131n birer yans\u0131mas\u0131.Boyalarla, f\u0131r\u00e7alarla, k\u00e2\u011f\u0131tlarla, ko\u015fulsuz sevgiyle \u00e7ocuk kalbine dokunan ve dokunmak isteyen annebabalara, \u00f6\u011fretmenlere, hayat\u0131nda kitaplara yer veren herkese\u2026 <\/p>\n","protected":false},"excerpt":{"rendered":"<p>\u00c7ocuk; her dilde, k\u00fclt\u00fcrde, dinde, \u0131rkta \u00e7ocuktur. Kahkahas\u0131 bulutlar\u0131 a\u015fan, hayalleri balonlaraba\u011flay\u0131p, u\u00e7uran&#8230; Onlar\u0131 anlaman\u0131n belki de en zor taraf\u0131 bazen kelimelerdir. Oysa onlar\u0131n tek birevrensel<span class=\"excerpt-hellip\"> [\u2026]<\/span><\/p>\n","protected":false},"featured_media":0,"template":"","meta":{"_monsterinsights_skip_tracking":false,"_monsterinsights_sitenote_active":false,"_monsterinsights_sitenote_note":"","_monsterinsights_sitenote_category":0},"product_brand":[],"product_cat":[12274,15842],"product_tag":[],"class_list":{"0":"post-711643","1":"product","2":"type-product","3":"status-publish","5":"product_cat-cocuk-ve-genclik-kitaplari","6":"product_cat-egitici-kitaplar","7":"pa_cilt-ciltsiz","8":"pa_tur-kitap","9":"pa_yayinevi-efil-yayinevi","10":"pa_yazar-elcin-kuzucu-tuba-kilicarslan","12":"first","13":"instock","14":"sale","15":"shipping-taxable","16":"purchasable","17":"product-type-simple"},"_links":{"self":[{"href":"https:\/\/roveyayinevi.com.tr\/index.php\/wp-json\/wp\/v2\/product\/711643","targetHints":{"allow":["GET"]}}],"collection":[{"href":"https:\/\/roveyayinevi.com.tr\/index.php\/wp-json\/wp\/v2\/product"}],"about":[{"href":"https:\/\/roveyayinevi.com.tr\/index.php\/wp-json\/wp\/v2\/types\/product"}],"wp:attachment":[{"href":"https:\/\/roveyayinevi.com.tr\/index.php\/wp-json\/wp\/v2\/media?parent=711643"}],"wp:term":[{"taxonomy":"product_brand","embeddable":true,"href":"https:\/\/roveyayinevi.com.tr\/index.php\/wp-json\/wp\/v2\/product_brand?post=711643"},{"taxonomy":"product_cat","embeddable":true,"href":"https:\/\/roveyayinevi.com.tr\/index.php\/wp-json\/wp\/v2\/product_cat?post=711643"},{"taxonomy":"product_tag","embeddable":true,"href":"https:\/\/roveyayinevi.com.tr\/index.php\/wp-json\/wp\/v2\/product_tag?post=711643"}],"curies":[{"name":"wp","href":"https:\/\/api.w.org\/{rel}","templated":true}]}}