{"id":711642,"date":"2025-08-27T16:48:01","date_gmt":"2025-08-27T13:48:01","guid":{"rendered":"https:\/\/roveyayinevi.com.tr\/index.php\/urun\/uc-asagi-bes-yukari-deyimlerle-roman\/"},"modified":"2026-04-16T02:20:28","modified_gmt":"2026-04-15T23:20:28","slug":"uc-asagi-bes-yukari-deyimlerle-roman","status":"publish","type":"product","link":"https:\/\/roveyayinevi.com.tr\/index.php\/urun\/uc-asagi-bes-yukari-deyimlerle-roman\/","title":{"rendered":"\u00dc\u00e7 A\u015fa\u011f\u0131 Be\u015f Yukar\u0131 &#8211; Deyimlerle Roman"},"content":{"rendered":"<p>T\u00fcrk\u00e7emiz, anlat\u0131m\u0131 g\u00fczelle\u015ftiren; duygu ve d\u00fc\u015f\u00fcncelerimize ak\u0131c\u0131l\u0131k ve renk katan birbirinden g\u00fczel deyimlerle dolu. \u00d6yle ki, bazen deyimler terc\u00fcman olur duygular\u0131m\u0131za, payla\u015famad\u0131\u011f\u0131m\u0131z d\u00fc\u015f\u00fcncelerimize&#8230; A\u00e7ar t\u00fcm kap\u0131lar\u0131 bilgiye ve dostlu\u011fa&#8230; Hi\u00e7 eskimeden g\u00fcn\u00fcm\u00fcze kadar gelen ilgin\u00e7 \u00e7\u0131k\u0131\u015f \u00f6yk\u00fcleri var her birinin. Hatta kimi zaman bu \u00f6yk\u00fcleri okumak bile ba\u015fl\u0131 ba\u015f\u0131na ser\u00fcvendir bizler i\u00e7in. Deyimleri ya\u015fatmak, dilimizin zenginli\u011fini korumak i\u00e7in gen\u00e7 ku\u015faklara da anlatmak, tan\u0131tmak gerekiyor her birini.\u00dc\u00e7 A\u015fa\u011f\u0131 Be\u015f Yukar\u0131 i\u015fte b\u00f6yle bir g\u00f6rev \u00fcstleniyor bizler i\u00e7in, ama bir farkla. Bu kitap deyimlerin \u00e7\u0131k\u0131\u015f \u00f6yk\u00fclerini anlatm\u0131yor. Bu kitap, birbirlerini \u00e7ok seven bir ailenin, g\u00fcnl\u00fck ya\u015fam\u0131ndan kesitler sunuyor bizlere. Roman boyunca onlar\u0131n sevin\u00e7 ve \u00fcz\u00fcnt\u00fclerini \u00f6\u011frenecek, aileyi etkileyen olaylar\u0131n deyimlerle \u00e7\u00f6z\u00fcld\u00fc\u011f\u00fcne tan\u0131k olacaks\u0131n\u0131z. Hayat\u0131m\u0131z\u0131n deyimlerle daha g\u00fczel ve daha renkli oldu\u011funu unutmamak dile\u011fiyle&#8230;<\/p>\n","protected":false},"excerpt":{"rendered":"<p>T\u00fcrk\u00e7emiz, anlat\u0131m\u0131 g\u00fczelle\u015ftiren; duygu ve d\u00fc\u015f\u00fcncelerimize ak\u0131c\u0131l\u0131k ve renk katan birbirinden g\u00fczel deyimlerle dolu. \u00d6yle ki, bazen deyimler terc\u00fcman olur duygular\u0131m\u0131za, payla\u015famad\u0131\u011f\u0131m\u0131z d\u00fc\u015f\u00fcncelerimize&#8230; A\u00e7ar t\u00fcm kap\u0131lar\u0131<span class=\"excerpt-hellip\"> [\u2026]<\/span><\/p>\n","protected":false},"featured_media":0,"template":"","meta":{"_monsterinsights_skip_tracking":false,"_monsterinsights_sitenote_active":false,"_monsterinsights_sitenote_note":"","_monsterinsights_sitenote_category":0},"product_brand":[],"product_cat":[12275,12274],"product_tag":[],"class_list":{"0":"post-711642","1":"product","2":"type-product","3":"status-publish","5":"product_cat-6-12-yas-kitaplari","6":"product_cat-cocuk-ve-genclik-kitaplari","7":"pa_cilt-ciltsiz","8":"pa_tur-kitap","9":"pa_yayinevi-altin-kitaplar-ozel-urun","10":"pa_yazar-husnan-seker","12":"first","13":"instock","14":"sale","15":"shipping-taxable","16":"purchasable","17":"product-type-simple"},"_links":{"self":[{"href":"https:\/\/roveyayinevi.com.tr\/index.php\/wp-json\/wp\/v2\/product\/711642","targetHints":{"allow":["GET"]}}],"collection":[{"href":"https:\/\/roveyayinevi.com.tr\/index.php\/wp-json\/wp\/v2\/product"}],"about":[{"href":"https:\/\/roveyayinevi.com.tr\/index.php\/wp-json\/wp\/v2\/types\/product"}],"wp:attachment":[{"href":"https:\/\/roveyayinevi.com.tr\/index.php\/wp-json\/wp\/v2\/media?parent=711642"}],"wp:term":[{"taxonomy":"product_brand","embeddable":true,"href":"https:\/\/roveyayinevi.com.tr\/index.php\/wp-json\/wp\/v2\/product_brand?post=711642"},{"taxonomy":"product_cat","embeddable":true,"href":"https:\/\/roveyayinevi.com.tr\/index.php\/wp-json\/wp\/v2\/product_cat?post=711642"},{"taxonomy":"product_tag","embeddable":true,"href":"https:\/\/roveyayinevi.com.tr\/index.php\/wp-json\/wp\/v2\/product_tag?post=711642"}],"curies":[{"name":"wp","href":"https:\/\/api.w.org\/{rel}","templated":true}]}}