{"id":711641,"date":"2025-08-27T16:48:01","date_gmt":"2025-08-27T13:48:01","guid":{"rendered":"https:\/\/roveyayinevi.com.tr\/index.php\/urun\/ajan-hizlipati-deyimler-ve-atasozleri-3\/"},"modified":"2026-04-16T02:20:28","modified_gmt":"2026-04-15T23:20:28","slug":"ajan-hizlipati-deyimler-ve-atasozleri-3","status":"publish","type":"product","link":"https:\/\/roveyayinevi.com.tr\/index.php\/urun\/ajan-hizlipati-deyimler-ve-atasozleri-3\/","title":{"rendered":"Ajan H\u0131zl\u0131pati  &#8211; Deyimler ve Atas\u00f6zleri 3"},"content":{"rendered":"<p>Deyimler ve atas\u00f6zlerini yanl\u0131\u015f anlayan bir kediniz olsa siz de g\u00fclmez miydiniz? Mesela \u201cAnnemin etekleri tutu\u015ftu!\u201d dedi\u011finizde eve itfaiye \u00e7a\u011f\u0131rsa? Ya da \u201cPisbo\u011fazs\u0131n!\u201d dedi\u011finizde d\u00fc\u015f\u00fcp bay\u0131lsa?Bu kez Ajan H\u0131zl\u0131pati\u2019nin ba\u015f\u0131 deyimler ve atas\u00f6zleri ile derde giriyor. Tam \u00f6\u011frendi\u011fini d\u00fc\u015f\u00fcn\u00fcrken ya\u015fl\u0131lar \u00e7etesinin dili ile allak bullak oluyor. Ya\u015fl\u0131lar \u00e7etesi, deyimler ve atas\u00f6zleri derken, bir de karadenizli amca \u00e7\u0131k\u0131yor kar\u015f\u0131s\u0131na ve ortal\u0131k \u015fenlik yerine d\u00f6n\u00fcyor.Ajan H\u0131zl\u0131pati\u2019nin \u00e7ok komik durumlara d\u00fc\u015ft\u00fc\u011f\u00fc bu e\u011flenceli maceraya biz de kat\u0131lal\u0131m m\u0131? <\/p>\n","protected":false},"excerpt":{"rendered":"<p>Deyimler ve atas\u00f6zlerini yanl\u0131\u015f anlayan bir kediniz olsa siz de g\u00fclmez miydiniz? Mesela \u201cAnnemin etekleri tutu\u015ftu!\u201d dedi\u011finizde eve itfaiye \u00e7a\u011f\u0131rsa? Ya da \u201cPisbo\u011fazs\u0131n!\u201d dedi\u011finizde d\u00fc\u015f\u00fcp bay\u0131lsa?Bu<span class=\"excerpt-hellip\"> [\u2026]<\/span><\/p>\n","protected":false},"featured_media":0,"template":"","meta":{"_monsterinsights_skip_tracking":false,"_monsterinsights_sitenote_active":false,"_monsterinsights_sitenote_note":"","_monsterinsights_sitenote_category":0},"product_brand":[],"product_cat":[12275,12274],"product_tag":[],"class_list":{"0":"post-711641","1":"product","2":"type-product","3":"status-publish","5":"product_cat-6-12-yas-kitaplari","6":"product_cat-cocuk-ve-genclik-kitaplari","7":"pa_cilt-ciltsiz","8":"pa_tur-kitap","9":"pa_yayinevi-altin-kitaplar-cocuk-kitaplari","10":"pa_yazar-buket-tahmaz-savas","12":"first","13":"instock","14":"sale","15":"shipping-taxable","16":"purchasable","17":"product-type-simple"},"_links":{"self":[{"href":"https:\/\/roveyayinevi.com.tr\/index.php\/wp-json\/wp\/v2\/product\/711641","targetHints":{"allow":["GET"]}}],"collection":[{"href":"https:\/\/roveyayinevi.com.tr\/index.php\/wp-json\/wp\/v2\/product"}],"about":[{"href":"https:\/\/roveyayinevi.com.tr\/index.php\/wp-json\/wp\/v2\/types\/product"}],"wp:attachment":[{"href":"https:\/\/roveyayinevi.com.tr\/index.php\/wp-json\/wp\/v2\/media?parent=711641"}],"wp:term":[{"taxonomy":"product_brand","embeddable":true,"href":"https:\/\/roveyayinevi.com.tr\/index.php\/wp-json\/wp\/v2\/product_brand?post=711641"},{"taxonomy":"product_cat","embeddable":true,"href":"https:\/\/roveyayinevi.com.tr\/index.php\/wp-json\/wp\/v2\/product_cat?post=711641"},{"taxonomy":"product_tag","embeddable":true,"href":"https:\/\/roveyayinevi.com.tr\/index.php\/wp-json\/wp\/v2\/product_tag?post=711641"}],"curies":[{"name":"wp","href":"https:\/\/api.w.org\/{rel}","templated":true}]}}