{"id":711640,"date":"2025-08-27T16:48:00","date_gmt":"2025-08-27T13:48:00","guid":{"rendered":"https:\/\/roveyayinevi.com.tr\/index.php\/urun\/cumhuriyet-doneminde-duzce-1946-1960\/"},"modified":"2026-04-16T02:20:28","modified_gmt":"2026-04-15T23:20:28","slug":"cumhuriyet-doneminde-duzce-1946-1960","status":"publish","type":"product","link":"https:\/\/roveyayinevi.com.tr\/index.php\/urun\/cumhuriyet-doneminde-duzce-1946-1960\/","title":{"rendered":"Cumhuriyet D\u00f6neminde D\u00fczce (1946-1960)"},"content":{"rendered":"<p>Bat\u0131 Karadeniz B\u00f6lgesinde yer alan D\u00fczce, Bithynia, Roma, Bizans, Sel\u00e7uklu ve Osmanl\u0131 gibi bir\u00e7ok medeniyete ev sahipli\u011fi yapm\u0131\u015ft\u0131r. D\u00fczce, Osmanl\u0131 Devleti\u2019nin kurucusu Osman Gazi\u2019nin yak\u0131n arkada\u015flar\u0131ndan Konur Alp Gazi taraf\u0131ndan 1323 tarihinde fethedilmi\u015ftir. B\u00f6ylece D\u00fczce, Osmanl\u0131 Devleti&#8217;nin ilk fethetti\u011fi yerlerden birisi olma \u00f6zelli\u011fini ta\u015f\u0131r. D\u00fczce, bulundu\u011fu co\u011frafi konumundan \u00f6t\u00fcr\u00fc her zaman ekonomik, siyasi, sosyal ve asker\u00ee a\u00e7\u0131dan \u00f6nemli bir yere sahip olmu\u015ftur. D\u00fczce\u2019yi bu derece \u00f6nemli k\u0131lan verimli topraklara sahip olmas\u0131yla birlikte, Roma ve Osmanl\u0131 Devletlerinin uygulam\u0131\u015f olduklar\u0131 yol politikalar\u0131d\u0131r. Zira her iki devlette de hem Rumeli hem de Anadolu topraklar\u0131nda \u00fclkenin d\u00f6rt bir taraf\u0131na ula\u015fan ve d\u00fczenli olarak i\u015fleyen bir yol sistemi kurulmu\u015ftur. Bu yol sistemi \u0130stanbul merkez olmak \u00fczere Anadolu ve Rumeli\u2019de sa\u011f, sol ve orta kol olmak \u00fczere \u00fc\u00e7 ana g\u00fczerg\u00e2htan olu\u015fmaktayd\u0131. D\u00fczce bu yol sistemi i\u00e7erisinde Anadolu taraf\u0131nda bulunan hem orta hem de sol kol g\u00fczerg\u00e2h\u0131 \u00fczerinde bulunmaktad\u0131r. D\u00fczce\u2019nin, ekonomik, askeri ve sosyal a\u00e7\u0131dan \u00f6nemi T\u00fcrkiye Cumhuriyeti D\u00f6neminde artarak devam etmi\u015ftir. Zira T\u00fcrkiye Cumhuriyeti\u2019nin en b\u00fcy\u00fck \u015fehri \u0130stanbul\u2019u Ba\u015fkent Ankara\u2019ya ba\u011flayan yol g\u00fczerg\u00e2h\u0131 \u00fczerinde bulunmas\u0131, Karadeniz\u2019e a\u00e7\u0131lan g\u00fczerg\u00e2hlar\u0131n da ana kav\u015fak noktas\u0131nda yer almas\u0131 D\u00fczce\u2019yi \u00f6nemli k\u0131lmaktad\u0131r. Elinizdeki bu kitap ile Osmanl\u0131 Devleti&#8217;nin son d\u00f6nemi ve T\u00fcrkiye Cumhuriyeti&#8217;nin ilk y\u0131llar\u0131 da ele al\u0131narak D\u00fczce&#8217;nin, 1946-1960 y\u0131llar\u0131 aras\u0131nda ekonomik, demografik, idar\u00ee, siyasal, sosyal ve k\u00fclt\u00fcrel durumu ortaya konulmaya \u00e7al\u0131\u015f\u0131lm\u0131\u015ft\u0131r. \ufffcTan\u0131t\u0131m Metni<\/p>\n","protected":false},"excerpt":{"rendered":"<p>Bat\u0131 Karadeniz B\u00f6lgesinde yer alan D\u00fczce, Bithynia, Roma, Bizans, Sel\u00e7uklu ve Osmanl\u0131 gibi bir\u00e7ok medeniyete ev sahipli\u011fi yapm\u0131\u015ft\u0131r. D\u00fczce, Osmanl\u0131 Devleti\u2019nin kurucusu Osman Gazi\u2019nin yak\u0131n arkada\u015flar\u0131ndan<span class=\"excerpt-hellip\"> [\u2026]<\/span><\/p>\n","protected":false},"featured_media":0,"template":"","meta":{"_monsterinsights_skip_tracking":false,"_monsterinsights_sitenote_active":false,"_monsterinsights_sitenote_note":"","_monsterinsights_sitenote_category":0},"product_brand":[],"product_cat":[12370,12304],"product_tag":[],"class_list":{"0":"post-711640","1":"product","2":"type-product","3":"status-publish","5":"product_cat-arastirma-inceleme","6":"product_cat-tarih","7":"pa_cilt-ciltsiz","8":"pa_tur-kitap","9":"pa_yayinevi-ideal-kultur-yayincilik","10":"pa_yazar-fatih-ozcelik","12":"first","13":"instock","14":"sale","15":"shipping-taxable","16":"purchasable","17":"product-type-simple"},"_links":{"self":[{"href":"https:\/\/roveyayinevi.com.tr\/index.php\/wp-json\/wp\/v2\/product\/711640","targetHints":{"allow":["GET"]}}],"collection":[{"href":"https:\/\/roveyayinevi.com.tr\/index.php\/wp-json\/wp\/v2\/product"}],"about":[{"href":"https:\/\/roveyayinevi.com.tr\/index.php\/wp-json\/wp\/v2\/types\/product"}],"wp:attachment":[{"href":"https:\/\/roveyayinevi.com.tr\/index.php\/wp-json\/wp\/v2\/media?parent=711640"}],"wp:term":[{"taxonomy":"product_brand","embeddable":true,"href":"https:\/\/roveyayinevi.com.tr\/index.php\/wp-json\/wp\/v2\/product_brand?post=711640"},{"taxonomy":"product_cat","embeddable":true,"href":"https:\/\/roveyayinevi.com.tr\/index.php\/wp-json\/wp\/v2\/product_cat?post=711640"},{"taxonomy":"product_tag","embeddable":true,"href":"https:\/\/roveyayinevi.com.tr\/index.php\/wp-json\/wp\/v2\/product_tag?post=711640"}],"curies":[{"name":"wp","href":"https:\/\/api.w.org\/{rel}","templated":true}]}}