{"id":711639,"date":"2025-08-27T16:48:00","date_gmt":"2025-08-27T13:48:00","guid":{"rendered":"https:\/\/roveyayinevi.com.tr\/index.php\/urun\/lejyon\/"},"modified":"2025-10-30T11:24:03","modified_gmt":"2025-10-30T08:24:03","slug":"lejyon","status":"publish","type":"product","link":"https:\/\/roveyayinevi.com.tr\/index.php\/urun\/lejyon\/","title":{"rendered":"Lejyon"},"content":{"rendered":"<p>Lejyon   S\u0131ra d\u0131\u015f\u0131 zihinsel rahats\u0131zl\u0131\u011f\u0131 nedeniyle farkl\u0131 farkl\u0131 ki\u015filikler geli\u015ftirebilen adam: Stephen Leeds ya da herkesin onu tan\u0131d\u0131\u011f\u0131 ismiyle Lejyon. Ortaya \u00e7\u0131kard\u0131\u011f\u0131 ki\u015filikler, daha do\u011frusu hal\u00fcsinasyonlar\u0131 pek \u00e7ok alanda dudak u\u00e7uklatan yeteneklere ve bilgiye sahip olmakla kalm\u0131yor, kar\u015f\u0131 kar\u015f\u0131ya kald\u0131\u011f\u0131 farkl\u0131 gizemleri g\u00fcn y\u00fcz\u00fcne \u00e7\u0131karmas\u0131 i\u00e7in Lejyon\u2019a yard\u0131m ediyorlar. \u00dcstelik birbirlerinden haberdarlar ve baz\u0131lar\u0131 da kendisinin bir hal\u00fcsinasyon oldu\u011funu biliyor.   Stephen Leeds ve hal\u00fcsinasyonlar\u0131, insanl\u0131k tarihini k\u00f6kten bir \u015fekilde de\u011fi\u015ftirip g\u00fcn\u00fcm\u00fcz toplum yap\u0131s\u0131n\u0131 derinden sarsabilecek bir icad\u0131n, \u00e7ok \u00f6zel bir foto\u011fraf makinesinin ve bu makinenin mucidi Balubal Razon\u2019un pe\u015finde.   Kuzey Amerika\u2019da ba\u015flayan hik\u00e2ye soluksuz bir \u015fekilde Kud\u00fcs\u2019e uzan\u0131rken, New York Times \u00c7ok Satanlar Listesi\u2019nin gediklilerinden Brandon Sanderson bir dizi kritik konuya de\u011finecek ve zaman, zaman\u0131n do\u011fas\u0131, politika ve inan\u00e7lar aras\u0131ndaki oynak denge gibi konularda ak\u0131l y\u00fcr\u00fctmenize \u00f6nayak olacak. <\/p>\n","protected":false},"excerpt":{"rendered":"<p>Lejyon S\u0131ra d\u0131\u015f\u0131 zihinsel rahats\u0131zl\u0131\u011f\u0131 nedeniyle farkl\u0131 farkl\u0131 ki\u015filikler geli\u015ftirebilen adam: Stephen Leeds ya da herkesin onu tan\u0131d\u0131\u011f\u0131 ismiyle Lejyon. Ortaya \u00e7\u0131kard\u0131\u011f\u0131 ki\u015filikler, daha do\u011frusu hal\u00fcsinasyonlar\u0131<span class=\"excerpt-hellip\"> [\u2026]<\/span><\/p>\n","protected":false},"featured_media":0,"template":"","meta":{"_monsterinsights_skip_tracking":false,"_monsterinsights_sitenote_active":false,"_monsterinsights_sitenote_note":"","_monsterinsights_sitenote_category":0},"product_brand":[],"product_cat":[12291,14777],"product_tag":[],"class_list":{"0":"post-711639","1":"product","2":"type-product","3":"status-publish","5":"product_cat-edebiyat","6":"product_cat-fantastik","7":"pa_cilt-ciltsiz","8":"pa_tur-kitap","9":"pa_yayinevi-akil-celen-kitaplar","10":"pa_yazar-brandon-sanderson","12":"first","13":"instock","14":"sale","15":"shipping-taxable","16":"purchasable","17":"product-type-simple"},"_links":{"self":[{"href":"https:\/\/roveyayinevi.com.tr\/index.php\/wp-json\/wp\/v2\/product\/711639","targetHints":{"allow":["GET"]}}],"collection":[{"href":"https:\/\/roveyayinevi.com.tr\/index.php\/wp-json\/wp\/v2\/product"}],"about":[{"href":"https:\/\/roveyayinevi.com.tr\/index.php\/wp-json\/wp\/v2\/types\/product"}],"wp:attachment":[{"href":"https:\/\/roveyayinevi.com.tr\/index.php\/wp-json\/wp\/v2\/media?parent=711639"}],"wp:term":[{"taxonomy":"product_brand","embeddable":true,"href":"https:\/\/roveyayinevi.com.tr\/index.php\/wp-json\/wp\/v2\/product_brand?post=711639"},{"taxonomy":"product_cat","embeddable":true,"href":"https:\/\/roveyayinevi.com.tr\/index.php\/wp-json\/wp\/v2\/product_cat?post=711639"},{"taxonomy":"product_tag","embeddable":true,"href":"https:\/\/roveyayinevi.com.tr\/index.php\/wp-json\/wp\/v2\/product_tag?post=711639"}],"curies":[{"name":"wp","href":"https:\/\/api.w.org\/{rel}","templated":true}]}}