{"id":711638,"date":"2025-08-27T16:47:59","date_gmt":"2025-08-27T13:47:59","guid":{"rendered":"https:\/\/roveyayinevi.com.tr\/index.php\/urun\/alcatraz-kotu-kutuphanecilere-karsi\/"},"modified":"2026-04-16T02:20:28","modified_gmt":"2026-04-15T23:20:28","slug":"alcatraz-kotu-kutuphanecilere-karsi","status":"publish","type":"product","link":"https:\/\/roveyayinevi.com.tr\/index.php\/urun\/alcatraz-kotu-kutuphanecilere-karsi\/","title":{"rendered":"Alcatraz K\u00f6t\u00fc K\u00fct\u00fcphanecilere Kar\u015f\u0131"},"content":{"rendered":"<p>\u00d6ks\u00fcz bir \u00e7ocuk olan Alcatraz Smedry, on \u00fc\u00e7\u00fcnc\u00fc do\u011fum g\u00fcn\u00fcnde beklenmedik bir hediye al\u0131r. Postaylagelen paketin i\u00e7inden bir torba kum \u00e7\u0131km\u0131\u015ft\u0131r ve bu kum, ebeveynlerinden kalan yeg\u00e2ne mirast\u0131r!Alcatraz bunun tuhaf bir hediye de\u011fil son derece de\u011ferli bir \u015fey oldu\u011funu k\u0131sa zamanda \u00f6\u011frenecektir,zira ger\u00e7ekleri gizleyip yanl\u0131\u015f bilgiler yayarak d\u00fcnyaya h\u00e2kim olmay\u0131 planlayan K\u00f6t\u00fc K\u00fct\u00fcphaneciler,\u00e7oktan kumlar\u0131n pe\u015fine d\u00fc\u015fm\u00fc\u015ft\u00fcr!Alcatraz onlara mani olmak zorunda ve bu zorlu m\u00fccadeleden ba\u015far\u0131yla \u00e7\u0131kmak i\u00e7in elinde tek bir silahvar: Bir \u015feyleri bozmakla ilgili inan\u0131lmaz yetene\u011fi!\u201cSanderson\u2019\u0131n gen\u00e7ler ve her zaman gen\u00e7 kalanlar i\u00e7in kaleme ald\u0131\u011f\u0131 bu orijinal ve \u00e7\u0131lg\u0131n roman, Artemis Fowl veTalihsiz Ser\u00fcvenler Dizisi\u2019ni an\u0131msat\u0131yor. \u0130\u00e7inde bar\u0131nd\u0131rd\u0131\u011f\u0131 mizah \u00f6\u011feleri gen\u00e7leri g\u00fclmekten k\u0131r\u0131\u011f ge\u00e7irecek veyeti\u015fkinler de bu komik kitab\u0131n sayfalar\u0131 aras\u0131nda kendileri i\u00e7in b\u0131rak\u0131lm\u0131\u015f zekice g\u00f6ndermeler bulacaklar\u2026 \u015eeytanibir zek\u00e2n\u0131n \u00fcr\u00fcn\u00fc olan son sayfay\u0131 \u00e7evirdi\u011finizde, kendinizi bu yetenekli yazar\u0131n kaleminden \u00e7\u0131kan ba\u015fka \u015feyleriokumay\u0131 isterken bulacaks\u0131n\u0131z.\u201dVOYA Dergisi<\/p>\n","protected":false},"excerpt":{"rendered":"<p>\u00d6ks\u00fcz bir \u00e7ocuk olan Alcatraz Smedry, on \u00fc\u00e7\u00fcnc\u00fc do\u011fum g\u00fcn\u00fcnde beklenmedik bir hediye al\u0131r. Postaylagelen paketin i\u00e7inden bir torba kum \u00e7\u0131km\u0131\u015ft\u0131r ve bu kum, ebeveynlerinden kalan<span class=\"excerpt-hellip\"> [\u2026]<\/span><\/p>\n","protected":false},"featured_media":0,"template":"","meta":{"_monsterinsights_skip_tracking":false,"_monsterinsights_sitenote_active":false,"_monsterinsights_sitenote_note":"","_monsterinsights_sitenote_category":0},"product_brand":[],"product_cat":[12291,14777],"product_tag":[],"class_list":{"0":"post-711638","1":"product","2":"type-product","3":"status-publish","5":"product_cat-edebiyat","6":"product_cat-fantastik","7":"pa_cilt-ciltsiz","8":"pa_tur-kitap","9":"pa_yayinevi-akil-celen-kitaplar","10":"pa_yazar-brandon-sanderson","12":"first","13":"instock","14":"sale","15":"shipping-taxable","16":"purchasable","17":"product-type-simple"},"_links":{"self":[{"href":"https:\/\/roveyayinevi.com.tr\/index.php\/wp-json\/wp\/v2\/product\/711638","targetHints":{"allow":["GET"]}}],"collection":[{"href":"https:\/\/roveyayinevi.com.tr\/index.php\/wp-json\/wp\/v2\/product"}],"about":[{"href":"https:\/\/roveyayinevi.com.tr\/index.php\/wp-json\/wp\/v2\/types\/product"}],"wp:attachment":[{"href":"https:\/\/roveyayinevi.com.tr\/index.php\/wp-json\/wp\/v2\/media?parent=711638"}],"wp:term":[{"taxonomy":"product_brand","embeddable":true,"href":"https:\/\/roveyayinevi.com.tr\/index.php\/wp-json\/wp\/v2\/product_brand?post=711638"},{"taxonomy":"product_cat","embeddable":true,"href":"https:\/\/roveyayinevi.com.tr\/index.php\/wp-json\/wp\/v2\/product_cat?post=711638"},{"taxonomy":"product_tag","embeddable":true,"href":"https:\/\/roveyayinevi.com.tr\/index.php\/wp-json\/wp\/v2\/product_tag?post=711638"}],"curies":[{"name":"wp","href":"https:\/\/api.w.org\/{rel}","templated":true}]}}