{"id":711637,"date":"2025-08-27T16:47:58","date_gmt":"2025-08-27T13:47:58","guid":{"rendered":"https:\/\/roveyayinevi.com.tr\/index.php\/urun\/sevgi-duzenleri\/"},"modified":"2026-04-16T02:20:28","modified_gmt":"2026-04-15T23:20:28","slug":"sevgi-duzenleri","status":"publish","type":"product","link":"https:\/\/roveyayinevi.com.tr\/index.php\/urun\/sevgi-duzenleri\/","title":{"rendered":"Sevgi D\u00fczenleri"},"content":{"rendered":"<p>&#8220;Kabul Etmenin \u00d6zg\u00fcrl\u00fc\u011f\u00fc&#8221; kitab\u0131yla da tan\u0131nan Bert Hellinger bu kitab\u0131nda, Aile Dizimi olarak bilinen terapi y\u00f6ntemiyle, g\u00fcc\u00fcn\u00fc ve g\u00fcvenini \u0130nsan Ruhu&#8217;ndan alan bir yakla\u015f\u0131m\u0131 ortaya koyuyor; ku\u015faklar boyu ruhumuzun derinliklerinde s\u00fcren kilitlenmelerin, sevgi d\u00fczenleri i\u00e7inde, hayatla bar\u0131\u015f i\u00e7inde \u00e7\u00f6z\u00fclebilece\u011fini g\u00f6steriyor. \ufffcTan\u0131t\u0131m Metni<\/p>\n","protected":false},"excerpt":{"rendered":"<p>&#8220;Kabul Etmenin \u00d6zg\u00fcrl\u00fc\u011f\u00fc&#8221; kitab\u0131yla da tan\u0131nan Bert Hellinger bu kitab\u0131nda, Aile Dizimi olarak bilinen terapi y\u00f6ntemiyle, g\u00fcc\u00fcn\u00fc ve g\u00fcvenini \u0130nsan Ruhu&#8217;ndan alan bir yakla\u015f\u0131m\u0131 ortaya koyuyor;<span class=\"excerpt-hellip\"> [\u2026]<\/span><\/p>\n","protected":false},"featured_media":0,"template":"","meta":{"_monsterinsights_skip_tracking":false,"_monsterinsights_sitenote_active":false,"_monsterinsights_sitenote_note":"","_monsterinsights_sitenote_category":0},"product_brand":[],"product_cat":[12358,12357],"product_tag":[],"class_list":{"0":"post-711637","1":"product","2":"type-product","3":"status-publish","5":"product_cat-genel-psikoloji","6":"product_cat-psikoloji","7":"pa_cilt-ciltsiz","8":"pa_tur-kitap","9":"pa_yayinevi-aura-kitaplari","10":"pa_yazar-bert-hellinger","12":"first","13":"instock","14":"sale","15":"shipping-taxable","16":"purchasable","17":"product-type-simple"},"_links":{"self":[{"href":"https:\/\/roveyayinevi.com.tr\/index.php\/wp-json\/wp\/v2\/product\/711637","targetHints":{"allow":["GET"]}}],"collection":[{"href":"https:\/\/roveyayinevi.com.tr\/index.php\/wp-json\/wp\/v2\/product"}],"about":[{"href":"https:\/\/roveyayinevi.com.tr\/index.php\/wp-json\/wp\/v2\/types\/product"}],"wp:attachment":[{"href":"https:\/\/roveyayinevi.com.tr\/index.php\/wp-json\/wp\/v2\/media?parent=711637"}],"wp:term":[{"taxonomy":"product_brand","embeddable":true,"href":"https:\/\/roveyayinevi.com.tr\/index.php\/wp-json\/wp\/v2\/product_brand?post=711637"},{"taxonomy":"product_cat","embeddable":true,"href":"https:\/\/roveyayinevi.com.tr\/index.php\/wp-json\/wp\/v2\/product_cat?post=711637"},{"taxonomy":"product_tag","embeddable":true,"href":"https:\/\/roveyayinevi.com.tr\/index.php\/wp-json\/wp\/v2\/product_tag?post=711637"}],"curies":[{"name":"wp","href":"https:\/\/api.w.org\/{rel}","templated":true}]}}