{"id":711635,"date":"2025-08-27T16:47:51","date_gmt":"2025-08-27T13:47:51","guid":{"rendered":"https:\/\/roveyayinevi.com.tr\/index.php\/urun\/kadin-ve-her-sey-ayni-kelimelerdir\/"},"modified":"2026-04-16T02:20:28","modified_gmt":"2026-04-15T23:20:28","slug":"kadin-ve-her-sey-ayni-kelimelerdir","status":"publish","type":"product","link":"https:\/\/roveyayinevi.com.tr\/index.php\/urun\/kadin-ve-her-sey-ayni-kelimelerdir\/","title":{"rendered":"Kad\u0131n ve Her \u015eey Ayn\u0131 Kelimelerdir"},"content":{"rendered":"<p>T\u00fcm Yollar\u0131m Sana \u00c7\u0131k\u0131yor kitab\u0131n\u0131n yazar\u0131ndanKad\u0131n ve Her \u015eey Ayn\u0131 KelimelerdirBir kad\u0131n\u0131n ruhu saniyede ka\u00e7 kez de\u011fi\u015fir, ka\u00e7 \u015fekle girer, ka\u00e7 renge boyan\u0131r?Her kad\u0131n sever, sevinir, a\u011flar, g\u00fcler, ko\u015far, d\u00fc\u015fer, tekrar kalkar, sava\u015f\u0131r\u2026 Ne ya\u015farsa ya\u015fas\u0131n, daha g\u00fczel g\u00fcnlerin hayaliyle her rengi umudun mavisine boyar. \u00c7\u00fcnk\u00fc bilse de bilmese de her kad\u0131n g\u00fc\u00e7l\u00fcd\u00fcr. Her duyguyu g\u00f6\u011f\u00fcsleyen kad\u0131n, tek kelimeyle her \u015feydir. Ama telaffuzda kula\u011fa tek kelime gibi gelen her \u015fey, ayr\u0131 yaz\u0131l\u0131r ve \u201cKad\u0131n, her \u015feydir,\u201d dendi\u011finde bile kad\u0131n, o kocaman kelimeye dahi s\u0131\u011fmaz. Bu kitap, uyan\u0131\u015f\u0131n\u0131 ger\u00e7ekle\u015ftirebilecek t\u00fcm g\u00fc\u00e7l\u00fc kad\u0131nlara,Her kad\u0131n g\u00fc\u00e7l\u00fc oldu\u011funa g\u00f6re; sana,Kad\u0131n\u0131 anlamaya \u00e7al\u0131\u015fan ve de\u011fer veren t\u00fcm adamlara,Her kad\u0131n\u0131n ait olmaktan \u00e7ok kendi olmaya ihtiyac\u0131 oldu\u011funa g\u00f6re;Kendini arayanlara, \u201cben\u201di bulmaya \u00e7al\u0131\u015fanlara, Sevgiyi kutsal g\u00f6renlere ve g\u00fczel sevenlere\u2026Hepimize\u2026 \u201cA\u015fka, hayata ve kad\u0131na dair t\u00fcm kelimelerin ahenkle raks etti\u011fi bu kitap, Okunmal\u0131, ya\u015fanmal\u0131, ucunuzda saklanmal\u0131&#8230;\u201dP\u0130A &#8211; Bana Kadar Yolun Var kitab\u0131n\u0131n \u00e7oksatan yazar\u0131. <\/p>\n","protected":false},"excerpt":{"rendered":"<p>T\u00fcm Yollar\u0131m Sana \u00c7\u0131k\u0131yor kitab\u0131n\u0131n yazar\u0131ndanKad\u0131n ve Her \u015eey Ayn\u0131 KelimelerdirBir kad\u0131n\u0131n ruhu saniyede ka\u00e7 kez de\u011fi\u015fir, ka\u00e7 \u015fekle girer, ka\u00e7 renge boyan\u0131r?Her kad\u0131n sever, sevinir,<span class=\"excerpt-hellip\"> [\u2026]<\/span><\/p>\n","protected":false},"featured_media":0,"template":"","meta":{"_monsterinsights_skip_tracking":false,"_monsterinsights_sitenote_active":false,"_monsterinsights_sitenote_note":"","_monsterinsights_sitenote_category":0},"product_brand":[],"product_cat":[12291,12711],"product_tag":[],"class_list":{"0":"post-711635","1":"product","2":"type-product","3":"status-publish","5":"product_cat-edebiyat","6":"product_cat-roman-oyku","7":"pa_cilt-ciltsiz","8":"pa_tur-kitap","9":"pa_yayinevi-muptela-yayinevi","10":"pa_yazar-aysen-bozkus","12":"first","13":"instock","14":"sale","15":"shipping-taxable","16":"purchasable","17":"product-type-simple"},"_links":{"self":[{"href":"https:\/\/roveyayinevi.com.tr\/index.php\/wp-json\/wp\/v2\/product\/711635","targetHints":{"allow":["GET"]}}],"collection":[{"href":"https:\/\/roveyayinevi.com.tr\/index.php\/wp-json\/wp\/v2\/product"}],"about":[{"href":"https:\/\/roveyayinevi.com.tr\/index.php\/wp-json\/wp\/v2\/types\/product"}],"wp:attachment":[{"href":"https:\/\/roveyayinevi.com.tr\/index.php\/wp-json\/wp\/v2\/media?parent=711635"}],"wp:term":[{"taxonomy":"product_brand","embeddable":true,"href":"https:\/\/roveyayinevi.com.tr\/index.php\/wp-json\/wp\/v2\/product_brand?post=711635"},{"taxonomy":"product_cat","embeddable":true,"href":"https:\/\/roveyayinevi.com.tr\/index.php\/wp-json\/wp\/v2\/product_cat?post=711635"},{"taxonomy":"product_tag","embeddable":true,"href":"https:\/\/roveyayinevi.com.tr\/index.php\/wp-json\/wp\/v2\/product_tag?post=711635"}],"curies":[{"name":"wp","href":"https:\/\/api.w.org\/{rel}","templated":true}]}}