{"id":711634,"date":"2025-08-27T16:47:51","date_gmt":"2025-08-27T13:47:51","guid":{"rendered":"https:\/\/roveyayinevi.com.tr\/index.php\/urun\/agactaki-balik-julia-donaldsondan-dramalar\/"},"modified":"2026-04-16T02:20:28","modified_gmt":"2026-04-15T23:20:28","slug":"agactaki-balik-julia-donaldsondan-dramalar","status":"publish","type":"product","link":"https:\/\/roveyayinevi.com.tr\/index.php\/urun\/agactaki-balik-julia-donaldsondan-dramalar\/","title":{"rendered":"A\u011fa\u00e7taki Bal\u0131k &#8211; Julia Donaldson&#8217;dan Dramalar"},"content":{"rendered":"<p>S\u0131r saklayabilir misin? Bill bir kutu dolusu alt\u0131n para buldu ve hi\u00e7 kimsenin bu alt\u0131nlar\u0131n varl\u0131\u011f\u0131ndan haberdar olmas\u0131n\u0131 istemiyor. Bunu sa\u011flamak i\u00e7in bir plan\u0131 var. Bakal\u0131m yapt\u0131\u011f\u0131 plan i\u015fe yarayacak m\u0131? \u00dcnl\u00fc yazar Julia Donaldson\u2019dan e\u011flenceli bir drama etkinli\u011fi! Hik\u00e2yedeki karakterleri \u00e7ocu\u011funuzla birlikte canland\u0131r\u0131n, daha sonra da ondan hik\u00e2yeyi kendi kelimeleriyle yeniden anlatmas\u0131n\u0131 ve karakterleri konu\u015fturmas\u0131n\u0131 isteyin. Bu sayede hem \u00e7ocu\u011funuzla keyifli vakit ge\u00e7irecek hem de onun hayal g\u00fcc\u00fcn\u00fcn zenginle\u015fmesine katk\u0131da bulunacaks\u0131n\u0131z. <\/p>\n","protected":false},"excerpt":{"rendered":"<p>S\u0131r saklayabilir misin? Bill bir kutu dolusu alt\u0131n para buldu ve hi\u00e7 kimsenin bu alt\u0131nlar\u0131n varl\u0131\u011f\u0131ndan haberdar olmas\u0131n\u0131 istemiyor. Bunu sa\u011flamak i\u00e7in bir plan\u0131 var. Bakal\u0131m<span class=\"excerpt-hellip\"> [\u2026]<\/span><\/p>\n","protected":false},"featured_media":0,"template":"","meta":{"_monsterinsights_skip_tracking":false,"_monsterinsights_sitenote_active":false,"_monsterinsights_sitenote_note":"","_monsterinsights_sitenote_category":0},"product_brand":[],"product_cat":[12291,14777],"product_tag":[],"class_list":{"0":"post-711634","1":"product","2":"type-product","3":"status-publish","5":"product_cat-edebiyat","6":"product_cat-fantastik","7":"pa_cilt-ciltsiz","8":"pa_tur-kitap","9":"pa_yayinevi-1001-cicek-kitaplar","10":"pa_yazar-julia-donaldson","12":"first","13":"instock","14":"sale","15":"shipping-taxable","16":"purchasable","17":"product-type-simple"},"_links":{"self":[{"href":"https:\/\/roveyayinevi.com.tr\/index.php\/wp-json\/wp\/v2\/product\/711634","targetHints":{"allow":["GET"]}}],"collection":[{"href":"https:\/\/roveyayinevi.com.tr\/index.php\/wp-json\/wp\/v2\/product"}],"about":[{"href":"https:\/\/roveyayinevi.com.tr\/index.php\/wp-json\/wp\/v2\/types\/product"}],"wp:attachment":[{"href":"https:\/\/roveyayinevi.com.tr\/index.php\/wp-json\/wp\/v2\/media?parent=711634"}],"wp:term":[{"taxonomy":"product_brand","embeddable":true,"href":"https:\/\/roveyayinevi.com.tr\/index.php\/wp-json\/wp\/v2\/product_brand?post=711634"},{"taxonomy":"product_cat","embeddable":true,"href":"https:\/\/roveyayinevi.com.tr\/index.php\/wp-json\/wp\/v2\/product_cat?post=711634"},{"taxonomy":"product_tag","embeddable":true,"href":"https:\/\/roveyayinevi.com.tr\/index.php\/wp-json\/wp\/v2\/product_tag?post=711634"}],"curies":[{"name":"wp","href":"https:\/\/api.w.org\/{rel}","templated":true}]}}