{"id":711633,"date":"2025-08-27T16:47:50","date_gmt":"2025-08-27T13:47:50","guid":{"rendered":"https:\/\/roveyayinevi.com.tr\/index.php\/urun\/modi-calgilarin-pesinde\/"},"modified":"2026-04-16T02:20:28","modified_gmt":"2026-04-15T23:20:28","slug":"modi-calgilarin-pesinde","status":"publish","type":"product","link":"https:\/\/roveyayinevi.com.tr\/index.php\/urun\/modi-calgilarin-pesinde\/","title":{"rendered":"Modi \u00c7alg\u0131lar\u0131n Pe\u015finde"},"content":{"rendered":"<p>\u201c\u2026Modi r\u00fczg\u00e2r\u0131 sa\u00e7lar\u0131n\u0131n aras\u0131nda hissetti ve kulaklar\u0131 \u00e7ok g\u00fczel bir \u015fark\u0131yla doldu. \u015eark\u0131y\u0131 kimin s\u00f6yledi\u011fini anlamak i\u00e7in g\u00f6zlerini a\u00e7t\u0131; g\u00f6rd\u00fc\u011f\u00fc manzara inan\u0131lmazd\u0131. A\u011fa\u00e7lar\u0131n yapraklar\u0131ndan irili ufakl\u0131 notalar d\u00f6k\u00fcl\u00fcyordu. Buradaki a\u011fa\u00e7lar \u015fark\u0131 s\u00f6yl\u00fcyordu\u2026\u201d \u00c7alg\u0131lar\u0131n d\u00fcnyas\u0131n\u0131 ke\u015ffetmek i\u00e7in harika bir f\u0131rsat! Merakl\u0131 Modi\u2019nin pe\u015fine tak\u0131larak bu gizemli d\u00fcnyada, e\u015fsiz bir macera ya\u015famak ister misiniz? Kim bilir, belki siz de t\u0131pk\u0131 Modi gibi, \u00e7alg\u0131lar\u0131 yak\u0131ndan tan\u0131d\u0131ktan sonra i\u00e7lerinden biriyle yak\u0131n arkada\u015f olmak isteyeceksiniz. \ufffcTan\u0131t\u0131m Metni<\/p>\n","protected":false},"excerpt":{"rendered":"<p>\u201c\u2026Modi r\u00fczg\u00e2r\u0131 sa\u00e7lar\u0131n\u0131n aras\u0131nda hissetti ve kulaklar\u0131 \u00e7ok g\u00fczel bir \u015fark\u0131yla doldu. \u015eark\u0131y\u0131 kimin s\u00f6yledi\u011fini anlamak i\u00e7in g\u00f6zlerini a\u00e7t\u0131; g\u00f6rd\u00fc\u011f\u00fc manzara inan\u0131lmazd\u0131. A\u011fa\u00e7lar\u0131n yapraklar\u0131ndan irili ufakl\u0131<span class=\"excerpt-hellip\"> [\u2026]<\/span><\/p>\n","protected":false},"featured_media":0,"template":"","meta":{"_monsterinsights_skip_tracking":false,"_monsterinsights_sitenote_active":false,"_monsterinsights_sitenote_note":"","_monsterinsights_sitenote_category":0},"product_brand":[],"product_cat":[12275,12274],"product_tag":[],"class_list":{"0":"post-711633","1":"product","2":"type-product","3":"status-publish","5":"product_cat-6-12-yas-kitaplari","6":"product_cat-cocuk-ve-genclik-kitaplari","7":"pa_cilt-ciltsiz","8":"pa_tur-kitap","9":"pa_yayinevi-kuraldisi-yayinevi","10":"pa_yazar-idil-akcil","12":"first","13":"instock","14":"sale","15":"shipping-taxable","16":"purchasable","17":"product-type-simple"},"_links":{"self":[{"href":"https:\/\/roveyayinevi.com.tr\/index.php\/wp-json\/wp\/v2\/product\/711633","targetHints":{"allow":["GET"]}}],"collection":[{"href":"https:\/\/roveyayinevi.com.tr\/index.php\/wp-json\/wp\/v2\/product"}],"about":[{"href":"https:\/\/roveyayinevi.com.tr\/index.php\/wp-json\/wp\/v2\/types\/product"}],"wp:attachment":[{"href":"https:\/\/roveyayinevi.com.tr\/index.php\/wp-json\/wp\/v2\/media?parent=711633"}],"wp:term":[{"taxonomy":"product_brand","embeddable":true,"href":"https:\/\/roveyayinevi.com.tr\/index.php\/wp-json\/wp\/v2\/product_brand?post=711633"},{"taxonomy":"product_cat","embeddable":true,"href":"https:\/\/roveyayinevi.com.tr\/index.php\/wp-json\/wp\/v2\/product_cat?post=711633"},{"taxonomy":"product_tag","embeddable":true,"href":"https:\/\/roveyayinevi.com.tr\/index.php\/wp-json\/wp\/v2\/product_tag?post=711633"}],"curies":[{"name":"wp","href":"https:\/\/api.w.org\/{rel}","templated":true}]}}