{"id":711632,"date":"2025-08-27T16:47:50","date_gmt":"2025-08-27T13:47:50","guid":{"rendered":"https:\/\/roveyayinevi.com.tr\/index.php\/urun\/tuketimin-sosyolojisi-gosteris-amacli-tuketim-ve-genclik\/"},"modified":"2026-04-16T02:20:28","modified_gmt":"2026-04-15T23:20:28","slug":"tuketimin-sosyolojisi-gosteris-amacli-tuketim-ve-genclik","status":"publish","type":"product","link":"https:\/\/roveyayinevi.com.tr\/index.php\/urun\/tuketimin-sosyolojisi-gosteris-amacli-tuketim-ve-genclik\/","title":{"rendered":"T\u00fcketimin Sosyolojisi &#8211;  G\u00f6steri\u015f Ama\u00e7l\u0131 T\u00fcketim ve Gen\u00e7lik"},"content":{"rendered":"<p>G\u0130R\u0130\u015e \u00dcretim Toplumundan T\u00fcketim Toplumuna Ge\u00e7i\u015f S\u00fcreci \u00dcretime Dayal\u0131 De\u011ferlerin Sonu ve T\u00fcketim Toplumunun Y\u00fckseli\u015fi Toplumsal Be\u011feni ve \u0130tibar Aray\u0131\u015f\u0131 Olarak G\u00f6steri\u015f Ama\u00e7l\u0131 T\u00fcketim G\u00f6steri\u015f Ama\u00e7l\u0131 T\u00fcketim ve Gen\u00e7lik Gen\u00e7lerde Sosyalle\u015fme, Sosyal \u00c7evre ve Modayla \u0130li\u015fki G\u00f6steri\u015f Ama\u00e7l\u0131 T\u00fcketimin Temel G\u00f6stergesi- L\u00fcks T\u00fcketim E\u011filimleri G\u00f6steri\u015f Ama\u00e7l\u0131 T\u00fcketim Boyutunda Yeni \u00dcr\u00fcn Sat\u0131n Alma Sebepleri \u00dcr\u00fcn Al\u0131rken Dikkat Edilen Hususlar Sat\u0131n Al\u0131nan \u00dcr\u00fcnden\/Hizmetten Beklenen Fayda G\u00f6steri\u015f Ama\u00e7l\u0131 T\u00fcketim ve Cinsiyet SON S\u00d6Z EK: ARA\u015eTIRMANIN METODOLOJ\u0130S\u0130 NOTLAR KAYNAK\u00c7A <\/p>\n","protected":false},"excerpt":{"rendered":"<p>G\u0130R\u0130\u015e \u00dcretim Toplumundan T\u00fcketim Toplumuna Ge\u00e7i\u015f S\u00fcreci \u00dcretime Dayal\u0131 De\u011ferlerin Sonu ve T\u00fcketim Toplumunun Y\u00fckseli\u015fi Toplumsal Be\u011feni ve \u0130tibar Aray\u0131\u015f\u0131 Olarak G\u00f6steri\u015f Ama\u00e7l\u0131 T\u00fcketim G\u00f6steri\u015f Ama\u00e7l\u0131<span class=\"excerpt-hellip\"> [\u2026]<\/span><\/p>\n","protected":false},"featured_media":0,"template":"","meta":{"_monsterinsights_skip_tracking":false,"_monsterinsights_sitenote_active":false,"_monsterinsights_sitenote_note":"","_monsterinsights_sitenote_category":0},"product_brand":[],"product_cat":[12835,12324],"product_tag":[],"class_list":{"0":"post-711632","1":"product","2":"type-product","3":"status-publish","5":"product_cat-genel-sosyoloji","6":"product_cat-sosyoloji","7":"pa_cilt-ciltsiz","8":"pa_tur-kitap","9":"pa_yayinevi-gazi-kitabevi","10":"pa_yazar-kamil-sahin-mehmet-anik","12":"first","13":"instock","14":"sale","15":"shipping-taxable","16":"purchasable","17":"product-type-simple"},"_links":{"self":[{"href":"https:\/\/roveyayinevi.com.tr\/index.php\/wp-json\/wp\/v2\/product\/711632","targetHints":{"allow":["GET"]}}],"collection":[{"href":"https:\/\/roveyayinevi.com.tr\/index.php\/wp-json\/wp\/v2\/product"}],"about":[{"href":"https:\/\/roveyayinevi.com.tr\/index.php\/wp-json\/wp\/v2\/types\/product"}],"wp:attachment":[{"href":"https:\/\/roveyayinevi.com.tr\/index.php\/wp-json\/wp\/v2\/media?parent=711632"}],"wp:term":[{"taxonomy":"product_brand","embeddable":true,"href":"https:\/\/roveyayinevi.com.tr\/index.php\/wp-json\/wp\/v2\/product_brand?post=711632"},{"taxonomy":"product_cat","embeddable":true,"href":"https:\/\/roveyayinevi.com.tr\/index.php\/wp-json\/wp\/v2\/product_cat?post=711632"},{"taxonomy":"product_tag","embeddable":true,"href":"https:\/\/roveyayinevi.com.tr\/index.php\/wp-json\/wp\/v2\/product_tag?post=711632"}],"curies":[{"name":"wp","href":"https:\/\/api.w.org\/{rel}","templated":true}]}}