{"id":711631,"date":"2025-08-27T16:47:49","date_gmt":"2025-08-27T13:47:49","guid":{"rendered":"https:\/\/roveyayinevi.com.tr\/index.php\/urun\/milo-beden-egitiminde-sampiyon-milonun-anaokulu\/"},"modified":"2026-04-16T02:20:28","modified_gmt":"2026-04-15T23:20:28","slug":"milo-beden-egitiminde-sampiyon-milonun-anaokulu","status":"publish","type":"product","link":"https:\/\/roveyayinevi.com.tr\/index.php\/urun\/milo-beden-egitiminde-sampiyon-milonun-anaokulu\/","title":{"rendered":"Milo Beden E\u011fitiminde \u015eampiyon &#8211; Milo&#8217;nun Anaokulu"},"content":{"rendered":"<p>Milo\u2019nun Anaokulu Milo Beden E\u011fitiminde \u015eampiyon   Kim beden e\u011fitimi dersini \u00e7ok seviyor? Tabii ki Milo!   Ama bu kez yeni spor aletine t\u0131rmanmaktan biraz korkuyor. Acaba hangi arkada\u015f\u0131 ona cesaret verecek? <\/p>\n","protected":false},"excerpt":{"rendered":"<p>Milo\u2019nun Anaokulu Milo Beden E\u011fitiminde \u015eampiyon Kim beden e\u011fitimi dersini \u00e7ok seviyor? Tabii ki Milo! Ama bu kez yeni spor aletine t\u0131rmanmaktan biraz korkuyor. Acaba hangi<span class=\"excerpt-hellip\"> [\u2026]<\/span><\/p>\n","protected":false},"featured_media":0,"template":"","meta":{"_monsterinsights_skip_tracking":false,"_monsterinsights_sitenote_active":false,"_monsterinsights_sitenote_note":"","_monsterinsights_sitenote_category":0},"product_brand":[],"product_cat":[12913,12274],"product_tag":[],"class_list":{"0":"post-711631","1":"product","2":"type-product","3":"status-publish","5":"product_cat-3-6-yas-kitaplari","6":"product_cat-cocuk-ve-genclik-kitaplari","7":"pa_cilt-ciltsiz","8":"pa_tur-kitap","9":"pa_yayinevi-almidilli","10":"pa_yazar-pakita","12":"first","13":"instock","14":"sale","15":"shipping-taxable","16":"purchasable","17":"product-type-simple"},"_links":{"self":[{"href":"https:\/\/roveyayinevi.com.tr\/index.php\/wp-json\/wp\/v2\/product\/711631","targetHints":{"allow":["GET"]}}],"collection":[{"href":"https:\/\/roveyayinevi.com.tr\/index.php\/wp-json\/wp\/v2\/product"}],"about":[{"href":"https:\/\/roveyayinevi.com.tr\/index.php\/wp-json\/wp\/v2\/types\/product"}],"wp:attachment":[{"href":"https:\/\/roveyayinevi.com.tr\/index.php\/wp-json\/wp\/v2\/media?parent=711631"}],"wp:term":[{"taxonomy":"product_brand","embeddable":true,"href":"https:\/\/roveyayinevi.com.tr\/index.php\/wp-json\/wp\/v2\/product_brand?post=711631"},{"taxonomy":"product_cat","embeddable":true,"href":"https:\/\/roveyayinevi.com.tr\/index.php\/wp-json\/wp\/v2\/product_cat?post=711631"},{"taxonomy":"product_tag","embeddable":true,"href":"https:\/\/roveyayinevi.com.tr\/index.php\/wp-json\/wp\/v2\/product_tag?post=711631"}],"curies":[{"name":"wp","href":"https:\/\/api.w.org\/{rel}","templated":true}]}}