{"id":711629,"date":"2025-08-27T16:47:48","date_gmt":"2025-08-27T13:47:48","guid":{"rendered":"https:\/\/roveyayinevi.com.tr\/index.php\/urun\/kralin-yeni-akli-bilgisayar-zeka-ve-fizik-yasalari\/"},"modified":"2026-04-16T02:20:28","modified_gmt":"2026-04-15T23:20:28","slug":"kralin-yeni-akli-bilgisayar-zeka-ve-fizik-yasalari","status":"publish","type":"product","link":"https:\/\/roveyayinevi.com.tr\/index.php\/urun\/kralin-yeni-akli-bilgisayar-zeka-ve-fizik-yasalari\/","title":{"rendered":"Kral\u0131n Yeni Akl\u0131 : Bilgisayar Zeka ve Fizik Yasalar\u0131"},"content":{"rendered":"<p>Senle beni anlatan k\u0131talar aras\u0131na. K\u00f6pr\u00fc kuraca\u011f\u0131m, paras\u0131yla. \u0130stimlak edip g\u00f6n\u00fclleri. \u00d6n\u00fcme geleni kesece\u011fim. Yollar\u0131 sana \u00e7\u0131karmak ad\u0131na. A\u015fk m\u0131sralar\u0131 \u00e7\u0131kacak bo\u011faz\u0131mdan. Yine bo\u011faz\u0131mdan ge\u00e7meyecek tek lokma. Kara dumanl\u0131 vapurlar ge\u00e7ecek bo\u011faz\u0131mdan. G\u00f6zlerin gelecek mavisinden. Kar\u015f\u0131 k\u0131tan\u0131n m\u0131sralar\u0131ndan bakacak bana. Tez tezatlara b\u00fcr\u00fcnecek g\u00f6ky\u00fcz\u00fc A\u011flayan bulutlar\u0131n kaplayacak h\u00fczn\u00fc. G\u00fcne\u015f a\u00e7\u0131nca tekrardan m\u0131sralarda baharla. \u00c7ok renkli k\u00f6pr\u00fc \u00e7\u0131kacak k\u0131talar aras\u0131na. Ondan ge\u00e7ip gelece\u011fim. Senin taraf\u0131nda ki \u0130stanbul&#8217;a&#8230; \ufffcTan\u0131t\u0131m Metni<\/p>\n","protected":false},"excerpt":{"rendered":"<p>Senle beni anlatan k\u0131talar aras\u0131na. K\u00f6pr\u00fc kuraca\u011f\u0131m, paras\u0131yla. \u0130stimlak edip g\u00f6n\u00fclleri. \u00d6n\u00fcme geleni kesece\u011fim. Yollar\u0131 sana \u00e7\u0131karmak ad\u0131na. A\u015fk m\u0131sralar\u0131 \u00e7\u0131kacak bo\u011faz\u0131mdan. Yine bo\u011faz\u0131mdan ge\u00e7meyecek tek<span class=\"excerpt-hellip\"> [\u2026]<\/span><\/p>\n","protected":false},"featured_media":0,"template":"","meta":{"_monsterinsights_skip_tracking":false,"_monsterinsights_sitenote_active":false,"_monsterinsights_sitenote_note":"","_monsterinsights_sitenote_category":0},"product_brand":[],"product_cat":[13005,13006],"product_tag":[],"class_list":{"0":"post-711629","1":"product","2":"type-product","3":"status-publish","5":"product_cat-bilim-muhendislik","6":"product_cat-populer-bilim","7":"pa_cilt-ciltsiz","8":"pa_tur-kitap","9":"pa_yayinevi-koc-universitesi-yayinlari","10":"pa_yazar-roger-penrose","12":"first","13":"instock","14":"sale","15":"shipping-taxable","16":"purchasable","17":"product-type-simple"},"_links":{"self":[{"href":"https:\/\/roveyayinevi.com.tr\/index.php\/wp-json\/wp\/v2\/product\/711629","targetHints":{"allow":["GET"]}}],"collection":[{"href":"https:\/\/roveyayinevi.com.tr\/index.php\/wp-json\/wp\/v2\/product"}],"about":[{"href":"https:\/\/roveyayinevi.com.tr\/index.php\/wp-json\/wp\/v2\/types\/product"}],"wp:attachment":[{"href":"https:\/\/roveyayinevi.com.tr\/index.php\/wp-json\/wp\/v2\/media?parent=711629"}],"wp:term":[{"taxonomy":"product_brand","embeddable":true,"href":"https:\/\/roveyayinevi.com.tr\/index.php\/wp-json\/wp\/v2\/product_brand?post=711629"},{"taxonomy":"product_cat","embeddable":true,"href":"https:\/\/roveyayinevi.com.tr\/index.php\/wp-json\/wp\/v2\/product_cat?post=711629"},{"taxonomy":"product_tag","embeddable":true,"href":"https:\/\/roveyayinevi.com.tr\/index.php\/wp-json\/wp\/v2\/product_tag?post=711629"}],"curies":[{"name":"wp","href":"https:\/\/api.w.org\/{rel}","templated":true}]}}